{"id":24855,"date":"2025-03-09T20:21:23","date_gmt":"2025-03-09T20:21:23","guid":{"rendered":"https:\/\/posana.com\/?post_type=product&#038;p=24855"},"modified":"2025-03-09T20:21:23","modified_gmt":"2025-03-09T20:21:23","slug":"dermalux","status":"publish","type":"product","link":"https:\/\/posana.com\/fr\/produit\/dermalux\/","title":{"rendered":"DermaLux"},"content":{"rendered":"<ul>\n<li>Formule concentr\u00e9e en collag\u00e8ne, compl\u00e9ment de beaut\u00e9 pour votre peau, cheveux, ongles et articulations.<\/li>\n<li>Collag\u00e8ne marin 6000mg, vitamine C, coenzyme Q10, acide hyaluronique, silice et zinc<\/li>\n<\/ul>\n<p>La science a permis \u00e0 Revelox de mettre au point une formule hautement concentr\u00e9e en collag\u00e8ne qui permet de renforcer et de r\u00e9g\u00e9n\u00e9rer vos cellules de mani\u00e8re tout \u00e0 fait naturelle.<\/p>\n<p>Compos\u00e9 d\u2019une forte dose de collag\u00e8ne marin et d\u2019autres ingr\u00e9dients essentiels, DERMALUX est offert sous forme de poudre soluble.<\/p>\n<p>Puissante comme jamais, cette formule anti-\u00e2ge exclusive \u00e0 Revelox vous donnera une peau ferme, des cheveux brillants et des ongles sains.<\/p>\n<p><strong>DERMALUX : un soin anti-\u00e2ge avanc\u00e9<\/strong><br \/>\nPour conserver sa jeunesse, votre corps a besoin que vous lui procuriez certains micronutriments : prot\u00e9ines, antioxydants, acides amin\u00e9s, enzymes, oligo-\u00e9l\u00e9ments\u2026 Avec l\u2019aide de la science, Revelox a mis au point DERMALUX, un suppl\u00e9ment nutritionnel hautement concentr\u00e9 en collag\u00e8ne qui contribue \u00e0 renforcer et r\u00e9g\u00e9n\u00e9rer vos cellules de l\u2019int\u00e9rieur.<\/p>\n<p>En employant DERMALUX quotidiennement, vous offrirez \u00e0 votre peau, \u00e0 vos cheveux et \u00e0 vos ongles les \u00e9l\u00e9ments dont ils ont besoin pour demeurer sains et jeunes. En effet, les ingr\u00e9dients actifs de DERMALUX \u2013 le collag\u00e8ne marin, la vitamine C, la coenzyme Q10, le zinc, l\u2019acide hyaluronique et la silice \u2013 travaillent ensemble pour vous procurer plusieurs bienfaits anti-\u00e2ge.<\/p>\n<p><strong>Avec DERMALUX, vous :<\/strong><br \/>\nhydratez et revitalisez votre peau ;<br \/>\nnourrissez vos cheveux ;<br \/>\nfortifiez vos ongles.<\/p>\n<p>Le collag\u00e8ne marin, qui poss\u00e8de une composition proche du collag\u00e8ne humain, aide \u00e0 maintenir les diff\u00e9rentes structures du corps en sant\u00e9. Il favorise le renouvellement cellulaire et la r\u00e9g\u00e9n\u00e9rescence des tissus en plus de ralentir le processus du vieillissement. Cette prot\u00e9ine de structure fibreuse contribue aussi au raffermissement cutan\u00e9. Elle aide, entre autres choses, \u00e0 estomper les rides et les ridules.<\/p>\n<p>La vitamine C \u00e9claircit le teint, r\u00e9duit l\u2019apparence des rides, am\u00e9liore l\u2019\u00e9lasticit\u00e9 de la peau et att\u00e9nue les taches pigmentaires caus\u00e9es par l\u2019exposition au soleil. Cette substance azot\u00e9e essentielle neutralise les radicaux libres et redensifie le derme.<\/p>\n<p>La coenzyme Q10 poss\u00e8de un puissant effet antioxydant, donc anti-\u00e2ge. En combinaison avec la vitamine C, elle am\u00e9liore visiblement la qualit\u00e9 de la peau. Cette mol\u00e9cule aide \u00e0 pr\u00e9server la souplesse de votre enveloppe ext\u00e9rieure et \u00e0 diminuer l\u2019apparence des rides.<\/p>\n<p>Le zinc contribue au fonctionnement des cellules de l\u2019\u00e9piderme. Cet oligo-\u00e9l\u00e9ment favorise, entre autres, la cicatrisation. Il lutte aussi contre le vieillissement cutan\u00e9.<\/p>\n<p>L\u2019acide hyaluronique lubrifie les tissus conjonctifs, maintient l\u2019hydratation et l\u2019\u00e9lasticit\u00e9 de la peau et soutient le renouvellement cellulaire. Cette substance constitutive du derme poss\u00e8de des effets hydratants, repulpants, cicatrisants, antioxydants et anti-inflammatoires.<\/p>\n<p>La silice stimule la formation de collag\u00e8ne et maintient l\u2019hydratation des tissus, assurant ainsi la tonicit\u00e9 de la peau. Entrant dans la structure de la k\u00e9ratine, cet oligo-\u00e9l\u00e9ment augmente la densit\u00e9 des cheveux et des ongles.<\/p>\n<p><strong>Des articulations en sant\u00e9<\/strong><br \/>\nDERMALUX et sa formule hautement concentr\u00e9e en collag\u00e8ne offrent d\u2019autres avantages non n\u00e9gligeables.<\/p>\n<p>Aide \u00e0 r\u00e9duire la douleur associ\u00e9e \u00e0 l\u2019ost\u00e9oarthrite et \u00e0 l\u2019inflammation des articulations ;<br \/>\nSoutient la sant\u00e9 des articulations (ligaments, cartilages, etc.) ;<br \/>\nFavorise la gu\u00e9rison des fractures et des entorses.<\/p>","protected":false},"excerpt":{"rendered":"<p>Formule concentr\u00e9e en collag\u00e8ne, compl\u00e9ment de beaut\u00e9 pour votre peau, cheveux, ongles et articulations. Collag\u00e8ne marin 6000mg, vitamine C, coenzyme Q10, acide hyaluronique, silice et zinc La science a permis \u00e0 Revelox de mettre au point une formule hautement concentr\u00e9e en collag\u00e8ne qui permet de renforcer et de r\u00e9g\u00e9n\u00e9rer vos cellules de mani\u00e8re tout \u00e0 [&hellip;]<\/p>\n","protected":false},"featured_media":24856,"comment_status":"open","ping_status":"closed","template":"","meta":{"om_disable_all_campaigns":false,"_monsterinsights_skip_tracking":false,"_monsterinsights_sitenote_active":false,"_monsterinsights_sitenote_note":"","_monsterinsights_sitenote_category":0},"product_brand":[200],"product_cat":[167],"product_tag":[201],"mwb_booking_cost":[],"mwb_booking_service":[],"class_list":{"0":"post-24855","1":"product","2":"type-product","3":"status-publish","4":"has-post-thumbnail","6":"product_brand-revelox","7":"product_cat-health-happiness-essentials","8":"product_tag-collagene-marin","11":"instock","12":"shipping-taxable","13":"purchasable","14":"product-type-simple","15":"product-grid-view"},"aioseo_notices":[],"_links":{"self":[{"href":"https:\/\/posana.com\/fr\/wp-json\/wp\/v2\/product\/24855","targetHints":{"allow":["GET"]}}],"collection":[{"href":"https:\/\/posana.com\/fr\/wp-json\/wp\/v2\/product"}],"about":[{"href":"https:\/\/posana.com\/fr\/wp-json\/wp\/v2\/types\/product"}],"replies":[{"embeddable":true,"href":"https:\/\/posana.com\/fr\/wp-json\/wp\/v2\/comments?post=24855"}],"version-history":[{"count":1,"href":"https:\/\/posana.com\/fr\/wp-json\/wp\/v2\/product\/24855\/revisions"}],"predecessor-version":[{"id":24857,"href":"https:\/\/posana.com\/fr\/wp-json\/wp\/v2\/product\/24855\/revisions\/24857"}],"wp:featuredmedia":[{"embeddable":true,"href":"https:\/\/posana.com\/fr\/wp-json\/wp\/v2\/media\/24856"}],"wp:attachment":[{"href":"https:\/\/posana.com\/fr\/wp-json\/wp\/v2\/media?parent=24855"}],"wp:term":[{"taxonomy":"product_brand","embeddable":true,"href":"https:\/\/posana.com\/fr\/wp-json\/wp\/v2\/product_brand?post=24855"},{"taxonomy":"product_cat","embeddable":true,"href":"https:\/\/posana.com\/fr\/wp-json\/wp\/v2\/product_cat?post=24855"},{"taxonomy":"product_tag","embeddable":true,"href":"https:\/\/posana.com\/fr\/wp-json\/wp\/v2\/product_tag?post=24855"},{"taxonomy":"mwb_booking_cost","embeddable":true,"href":"https:\/\/posana.com\/fr\/wp-json\/wp\/v2\/mwb_booking_cost?post=24855"},{"taxonomy":"mwb_booking_service","embeddable":true,"href":"https:\/\/posana.com\/fr\/wp-json\/wp\/v2\/mwb_booking_service?post=24855"}],"curies":[{"name":"wp","href":"https:\/\/api.w.org\/{rel}","templated":true}]}}