{"id":24852,"date":"2025-03-09T20:12:52","date_gmt":"2025-03-09T20:12:52","guid":{"rendered":"https:\/\/posana.com\/?post_type=product&#038;p=24852"},"modified":"2025-03-09T20:12:52","modified_gmt":"2025-03-09T20:12:52","slug":"cyto-fibre-poudre","status":"publish","type":"product","link":"https:\/\/posana.com\/fr\/produit\/cyto-fibre-poudre\/","title":{"rendered":"Cyto Fibre &#8211; Poudre"},"content":{"rendered":"<div class=\"rte main-product-description-product\">\n<ul>\n<li>Tr\u00e8s tol\u00e9rable avec un minimum de flatulences, de ballonnements et de crampes abdominales selon les \u00e9tudes de tol\u00e9rance digestive<\/li>\n<li>D\u00e9montr\u00e9 pour augmenter le nombre de bact\u00e9ries b\u00e9n\u00e9fiques, encourager la production d&#8217;acides gras \u00e0 cha\u00eene courte, am\u00e9liorer les profils de cytokines inflammatoires et soutenir la perm\u00e9abilit\u00e9 intestinale<\/li>\n<li>Certifi\u00e9 biologique, sans OGM et sans FODMAP<\/li>\n<\/ul>\n<p>&nbsp;<\/p>\n<p>Les fibres pr\u00e9biotiques fa\u00e7onnent la sant\u00e9 de notre microbiote et sont essentielles \u00e0 la promotion de nombreux processus digestifs sains, notamment la r\u00e9gularit\u00e9 des selles, le volume des selles et le temps de transit. Cependant, les implications de l&#8217;apport en fibres vont bien au-del\u00e0 du tube digestif. Un apport accru en fibres aide \u00e0 am\u00e9liorer la sati\u00e9t\u00e9, \u00e0 favoriser un taux de cholest\u00e9rol sain et \u00e0 r\u00e9guler la glyc\u00e9mie. Malheureusement, la grande majorit\u00e9 de la population canadienne manque de fibres alimentaires, ce qui signifie que la suppl\u00e9mentation peut jouer un r\u00f4le pr\u00e9cieux.<\/p>\n<p>Contrairement \u00e0 l&#8217;avantage significatif d&#8217;un apport accru en fibres, certaines fibres suppl\u00e9mentaires peuvent \u00eatre mal tol\u00e9r\u00e9es et causer de nombreux troubles digestifs. Par exemple, des doses \u00e9lev\u00e9es de fructo-oligosaccharides (FOS) ou de fibres de psyllium peuvent provoquer des ballonnements, des ballonnements, des flatulences et des crampes abdominales lorsqu&#8217;elles sont ferment\u00e9es par le microbiote intestinal. Cela conduit de nombreux patients et praticiens \u00e0 \u00e9viter compl\u00e8tement leur utilisation. Cependant, il existe de meilleures options car toutes les fibres pr\u00e9biotiques ne provoquent pas d&#8217;inconfort digestif.<\/p>\n<p>Fibregum est un exemple de fibre pr\u00e9biotique extr\u00eamement bien tol\u00e9r\u00e9e qui provoque un minimum de gaz et de ballonnements lorsqu&#8217;elle est compl\u00e9t\u00e9e, m\u00eame \u00e0 fortes doses jusqu&#8217;\u00e0 30 grammes par jour. Fibregum a \u00e9t\u00e9 largement \u00e9tudi\u00e9 et il a \u00e9t\u00e9 d\u00e9montr\u00e9 qu&#8217;il augmente la croissance de divers lactobacilles, bifidobact\u00e9ries et du microbe anti-inflammatoire Faecalibacterium prausnitzii. De plus, il a \u00e9t\u00e9 d\u00e9montr\u00e9 que Fibregum augmente significativement la production d&#8217;acides gras \u00e0 cha\u00eene courte (SCFA, y compris le butyrate), influence positivement les profils de cytokines pro- et anti-inflammatoires dans le c\u00f4lon et soutient une bonne perm\u00e9abilit\u00e9 intestinale. Contrairement au FOS qui est rapidement ferment\u00e9 dans le c\u00f4lon ascendant, Fibregum est lentement et progressivement ferment\u00e9 dans le c\u00f4lon ascendant, transverse et descendant, ce qui conduit \u00e0 de meilleurs r\u00e9sultats cliniques et \u00e0 une meilleure tol\u00e9rance.<\/p>\n<p>Cyto-Fibre est une source enti\u00e8rement naturelle, certifi\u00e9e biologique, sans OGM et sans FODMAP de fibres pr\u00e9biotiques pour soutenir la sant\u00e9 du tube digestif. Issu de la gomme d&#8217;acacia, Fibregum est sans saveur et se dissout facilement. Cela signifie que Cyto-Fibre peut \u00eatre facilement int\u00e9gr\u00e9 dans les protocoles de traitement de vos patients avec une conformit\u00e9, une efficacit\u00e9 et une tol\u00e9rance \u00e9lev\u00e9es.<\/p>\n<\/div>\n<div class=\"review_row clearfix\">\n<div class=\"share\">\n<div class=\"social-sharing\">\n<div class=\"nt-social border_ black_\"><\/div>\n<\/div>\n<\/div>\n<\/div>\n<div class=\"detail-pdf-section\">\n<div class=\"down_svg\"><\/div>\n<\/div>","protected":false},"excerpt":{"rendered":"<p>Tr\u00e8s tol\u00e9rable avec un minimum de flatulences, de ballonnements et de crampes abdominales selon les \u00e9tudes de tol\u00e9rance digestive D\u00e9montr\u00e9 pour augmenter le nombre de bact\u00e9ries b\u00e9n\u00e9fiques, encourager la production d&#8217;acides gras \u00e0 cha\u00eene courte, am\u00e9liorer les profils de cytokines inflammatoires et soutenir la perm\u00e9abilit\u00e9 intestinale Certifi\u00e9 biologique, sans OGM et sans FODMAP &nbsp; Les [&hellip;]<\/p>\n","protected":false},"featured_media":24853,"comment_status":"open","ping_status":"closed","template":"","meta":{"om_disable_all_campaigns":false,"_monsterinsights_skip_tracking":false,"_monsterinsights_sitenote_active":false,"_monsterinsights_sitenote_note":"","_monsterinsights_sitenote_category":0},"product_brand":[198],"product_cat":[167],"product_tag":[199],"mwb_booking_cost":[],"mwb_booking_service":[],"class_list":{"0":"post-24852","1":"product","2":"type-product","3":"status-publish","4":"has-post-thumbnail","6":"product_brand-cyto-matrix","7":"product_cat-health-happiness-essentials","8":"product_tag-prebiotique","11":"instock","12":"shipping-taxable","13":"purchasable","14":"product-type-simple","15":"product-grid-view"},"aioseo_notices":[],"_links":{"self":[{"href":"https:\/\/posana.com\/fr\/wp-json\/wp\/v2\/product\/24852","targetHints":{"allow":["GET"]}}],"collection":[{"href":"https:\/\/posana.com\/fr\/wp-json\/wp\/v2\/product"}],"about":[{"href":"https:\/\/posana.com\/fr\/wp-json\/wp\/v2\/types\/product"}],"replies":[{"embeddable":true,"href":"https:\/\/posana.com\/fr\/wp-json\/wp\/v2\/comments?post=24852"}],"version-history":[{"count":1,"href":"https:\/\/posana.com\/fr\/wp-json\/wp\/v2\/product\/24852\/revisions"}],"predecessor-version":[{"id":24854,"href":"https:\/\/posana.com\/fr\/wp-json\/wp\/v2\/product\/24852\/revisions\/24854"}],"wp:featuredmedia":[{"embeddable":true,"href":"https:\/\/posana.com\/fr\/wp-json\/wp\/v2\/media\/24853"}],"wp:attachment":[{"href":"https:\/\/posana.com\/fr\/wp-json\/wp\/v2\/media?parent=24852"}],"wp:term":[{"taxonomy":"product_brand","embeddable":true,"href":"https:\/\/posana.com\/fr\/wp-json\/wp\/v2\/product_brand?post=24852"},{"taxonomy":"product_cat","embeddable":true,"href":"https:\/\/posana.com\/fr\/wp-json\/wp\/v2\/product_cat?post=24852"},{"taxonomy":"product_tag","embeddable":true,"href":"https:\/\/posana.com\/fr\/wp-json\/wp\/v2\/product_tag?post=24852"},{"taxonomy":"mwb_booking_cost","embeddable":true,"href":"https:\/\/posana.com\/fr\/wp-json\/wp\/v2\/mwb_booking_cost?post=24852"},{"taxonomy":"mwb_booking_service","embeddable":true,"href":"https:\/\/posana.com\/fr\/wp-json\/wp\/v2\/mwb_booking_service?post=24852"}],"curies":[{"name":"wp","href":"https:\/\/api.w.org\/{rel}","templated":true}]}}