{"id":24848,"date":"2025-03-09T20:02:52","date_gmt":"2025-03-09T20:02:52","guid":{"rendered":"https:\/\/posana.com\/?post_type=product&#038;p=24848"},"modified":"2025-03-09T20:04:53","modified_gmt":"2025-03-09T20:04:53","slug":"whole-body-collagen","status":"publish","type":"product","link":"https:\/\/posana.com\/fr\/produit\/whole-body-collagen\/","title":{"rendered":"Whole Body Collagen"},"content":{"rendered":"<ul>\n<li>Peptides de collag\u00e8ne \u00e9tudi\u00e9s pour les os, les articulations et la peau.<\/li>\n<\/ul>\n<p>Whole Body Collagen est une formulation synergique con\u00e7ue pour am\u00e9liorer la sant\u00e9 des os, des articulations et de la peau. Elle contient des m\u00e9langes de peptides de collag\u00e8ne bien \u00e9tudi\u00e9s soit Verisol, Fortigel et Fortibone qui d\u00e9rivent de prot\u00e9ines de collag\u00e8ne alimentaires et sont hydrolys\u00e9es avec des technologies exclusives afin d\u2019optimiser leurs propri\u00e9t\u00e9s b\u00e9n\u00e9fiques. D\u2019autres prot\u00e9ines de collag\u00e8ne hydrolys\u00e9 sont disponibles sur le march\u00e9, par cons\u00e9quent elles ne s\u2019\u00e9quivalent pas toutes en terme d\u2019efficacit\u00e9 en raison des diff\u00e9rents profils d\u2019acides amin\u00e9s et de peptidiques qu\u2019elles contiennent. De plus, les effets cliniques obtenus lors d\u2019\u00e9tudes faites sur les peptides de collag\u00e8ne n\u2019\u00e9taient pas observ\u00e9s avec des prot\u00e9ines de type non-collag\u00e8ne, probablement en raison de la composition unique du collag\u00e8ne.<\/p>","protected":false},"excerpt":{"rendered":"<p>Peptides de collag\u00e8ne \u00e9tudi\u00e9s pour les os, les articulations et la peau. Whole Body Collagen est une formulation synergique con\u00e7ue pour am\u00e9liorer la sant\u00e9 des os, des articulations et de la peau. Elle contient des m\u00e9langes de peptides de collag\u00e8ne bien \u00e9tudi\u00e9s soit Verisol, Fortigel et Fortibone qui d\u00e9rivent de prot\u00e9ines de collag\u00e8ne alimentaires et [&hellip;]<\/p>\n","protected":false},"featured_media":24849,"comment_status":"open","ping_status":"closed","template":"","meta":{"om_disable_all_campaigns":false,"_monsterinsights_skip_tracking":false,"_monsterinsights_sitenote_active":false,"_monsterinsights_sitenote_note":"","_monsterinsights_sitenote_category":0},"product_brand":[196],"product_cat":[167],"product_tag":[197],"mwb_booking_cost":[],"mwb_booking_service":[],"class_list":{"0":"post-24848","1":"product","2":"type-product","3":"status-publish","4":"has-post-thumbnail","6":"product_brand-designs-for-health","7":"product_cat-health-happiness-essentials","8":"product_tag-collagen","11":"instock","12":"shipping-taxable","13":"purchasable","14":"product-type-simple","15":"product-grid-view"},"aioseo_notices":[],"_links":{"self":[{"href":"https:\/\/posana.com\/fr\/wp-json\/wp\/v2\/product\/24848","targetHints":{"allow":["GET"]}}],"collection":[{"href":"https:\/\/posana.com\/fr\/wp-json\/wp\/v2\/product"}],"about":[{"href":"https:\/\/posana.com\/fr\/wp-json\/wp\/v2\/types\/product"}],"replies":[{"embeddable":true,"href":"https:\/\/posana.com\/fr\/wp-json\/wp\/v2\/comments?post=24848"}],"version-history":[{"count":2,"href":"https:\/\/posana.com\/fr\/wp-json\/wp\/v2\/product\/24848\/revisions"}],"predecessor-version":[{"id":24851,"href":"https:\/\/posana.com\/fr\/wp-json\/wp\/v2\/product\/24848\/revisions\/24851"}],"wp:featuredmedia":[{"embeddable":true,"href":"https:\/\/posana.com\/fr\/wp-json\/wp\/v2\/media\/24849"}],"wp:attachment":[{"href":"https:\/\/posana.com\/fr\/wp-json\/wp\/v2\/media?parent=24848"}],"wp:term":[{"taxonomy":"product_brand","embeddable":true,"href":"https:\/\/posana.com\/fr\/wp-json\/wp\/v2\/product_brand?post=24848"},{"taxonomy":"product_cat","embeddable":true,"href":"https:\/\/posana.com\/fr\/wp-json\/wp\/v2\/product_cat?post=24848"},{"taxonomy":"product_tag","embeddable":true,"href":"https:\/\/posana.com\/fr\/wp-json\/wp\/v2\/product_tag?post=24848"},{"taxonomy":"mwb_booking_cost","embeddable":true,"href":"https:\/\/posana.com\/fr\/wp-json\/wp\/v2\/mwb_booking_cost?post=24848"},{"taxonomy":"mwb_booking_service","embeddable":true,"href":"https:\/\/posana.com\/fr\/wp-json\/wp\/v2\/mwb_booking_service?post=24848"}],"curies":[{"name":"wp","href":"https:\/\/api.w.org\/{rel}","templated":true}]}}