{"id":24845,"date":"2025-03-09T19:57:23","date_gmt":"2025-03-09T19:57:23","guid":{"rendered":"https:\/\/posana.com\/?post_type=product&#038;p=24845"},"modified":"2025-03-09T20:39:30","modified_gmt":"2025-03-09T20:39:30","slug":"arthroben","status":"publish","type":"product","link":"https:\/\/posana.com\/fr\/produit\/arthroben\/","title":{"rendered":"Arthroben"},"content":{"rendered":"<ul>\n<li>Aide \u00e0 r\u00e9duire la douleur articulaire associ\u00e9e \u00e0 l&#8217;arthrose.<\/li>\n<\/ul>\n<ul>\n<li>Bioflavono\u00efdes (Scutellaria baicalensis-racine) 250mg<\/li>\n<li>Verisol\u00ae (collag\u00e8ne hydrolys\u00e9, peau de bovin) 2.5g<\/li>\n<li>Fortigel\u00ae (collag\u00e8ne hydrolys\u00e9, peau de bovin) 5g<\/li>\n<\/ul>","protected":false},"excerpt":{"rendered":"<p>Aide \u00e0 r\u00e9duire la douleur articulaire associ\u00e9e \u00e0 l&#8217;arthrose. Bioflavono\u00efdes (Scutellaria baicalensis-racine) 250mg Verisol\u00ae (collag\u00e8ne hydrolys\u00e9, peau de bovin) 2.5g Fortigel\u00ae (collag\u00e8ne hydrolys\u00e9, peau de bovin) 5g<\/p>","protected":false},"featured_media":24846,"comment_status":"open","ping_status":"closed","template":"","meta":{"om_disable_all_campaigns":false,"_monsterinsights_skip_tracking":false,"_monsterinsights_sitenote_active":false,"_monsterinsights_sitenote_note":"","_monsterinsights_sitenote_category":0},"product_brand":[196],"product_cat":[167],"product_tag":[],"mwb_booking_cost":[],"mwb_booking_service":[],"class_list":{"0":"post-24845","1":"product","2":"type-product","3":"status-publish","4":"has-post-thumbnail","6":"product_brand-designs-for-health","7":"product_cat-health-happiness-essentials","10":"instock","11":"shipping-taxable","12":"purchasable","13":"product-type-simple","14":"product-grid-view"},"aioseo_notices":[],"_links":{"self":[{"href":"https:\/\/posana.com\/fr\/wp-json\/wp\/v2\/product\/24845","targetHints":{"allow":["GET"]}}],"collection":[{"href":"https:\/\/posana.com\/fr\/wp-json\/wp\/v2\/product"}],"about":[{"href":"https:\/\/posana.com\/fr\/wp-json\/wp\/v2\/types\/product"}],"replies":[{"embeddable":true,"href":"https:\/\/posana.com\/fr\/wp-json\/wp\/v2\/comments?post=24845"}],"version-history":[{"count":1,"href":"https:\/\/posana.com\/fr\/wp-json\/wp\/v2\/product\/24845\/revisions"}],"predecessor-version":[{"id":24847,"href":"https:\/\/posana.com\/fr\/wp-json\/wp\/v2\/product\/24845\/revisions\/24847"}],"wp:featuredmedia":[{"embeddable":true,"href":"https:\/\/posana.com\/fr\/wp-json\/wp\/v2\/media\/24846"}],"wp:attachment":[{"href":"https:\/\/posana.com\/fr\/wp-json\/wp\/v2\/media?parent=24845"}],"wp:term":[{"taxonomy":"product_brand","embeddable":true,"href":"https:\/\/posana.com\/fr\/wp-json\/wp\/v2\/product_brand?post=24845"},{"taxonomy":"product_cat","embeddable":true,"href":"https:\/\/posana.com\/fr\/wp-json\/wp\/v2\/product_cat?post=24845"},{"taxonomy":"product_tag","embeddable":true,"href":"https:\/\/posana.com\/fr\/wp-json\/wp\/v2\/product_tag?post=24845"},{"taxonomy":"mwb_booking_cost","embeddable":true,"href":"https:\/\/posana.com\/fr\/wp-json\/wp\/v2\/mwb_booking_cost?post=24845"},{"taxonomy":"mwb_booking_service","embeddable":true,"href":"https:\/\/posana.com\/fr\/wp-json\/wp\/v2\/mwb_booking_service?post=24845"}],"curies":[{"name":"wp","href":"https:\/\/api.w.org\/{rel}","templated":true}]}}