{"id":24842,"date":"2025-03-07T23:33:37","date_gmt":"2025-03-07T23:33:37","guid":{"rendered":"https:\/\/posana.com\/?post_type=product&#038;p=24842"},"modified":"2025-03-09T20:36:17","modified_gmt":"2025-03-09T20:36:17","slug":"paleogreens-270g","status":"publish","type":"product","link":"https:\/\/posana.com\/fr\/produit\/paleogreens-270g\/","title":{"rendered":"PaleoGreens 270g"},"content":{"rendered":"<ul>\n<li>PaleoGreens est une d\u00e9licieuse poudre de l\u00e9gumes Designs for Health compos\u00e9e \u00e0 plus de 90 % d&#8217;ingr\u00e9dients biologiques. Saveur de lime.<\/li>\n<\/ul>\n<p>Les ingr\u00e9dients de l\u00e9gumes, de fruits et de baies sont de couleurs vives et non oxyd\u00e9s, et les poudres sont prot\u00e9g\u00e9es de la chaleur, des rayons UV et de l&#8217;humidit\u00e9 du d\u00e9but \u00e0 la fin. Ces greens ont un profil pal\u00e9o ; ils ne contiennent ni c\u00e9r\u00e9ales, ni l\u00e9gumineuses, ni luzerne, ni gluten, ni fructose, ni \u00e9dulcorants artificiels. Contrairement \u00e0 d&#8217;autres produits verts, nous n&#8217;ajoutons jamais de charges ou d&#8217;agents gonflants bon march\u00e9 tels que des fibres, des herbes enti\u00e8res, de la pectine, du son de riz et\/ou du lin, qui repr\u00e9sentent 40 % \u00e0 60 % du contenu de la plupart des autres produits verts. Nous travaillons en \u00e9troite collaboration avec nos producteurs certifi\u00e9s biologiques pour assurer la pr\u00e9servation optimale des enzymes et des phytonutriments b\u00e9n\u00e9fiques dans chaque ingr\u00e9dient. Ces ingr\u00e9dients sont r\u00e9colt\u00e9s \u00e0 leur maximum de puissance et sont imm\u00e9diatement concentr\u00e9s et s\u00e9ch\u00e9s en utilisant des proc\u00e9d\u00e9s exclusifs \u00e0 temp\u00e9rature froide qui pr\u00e9servent leur int\u00e9grit\u00e9 \u00e9nerg\u00e9tique et nutritionnelle.<\/p>","protected":false},"excerpt":{"rendered":"<p>PaleoGreens est une d\u00e9licieuse poudre de l\u00e9gumes Designs for Health compos\u00e9e \u00e0 plus de 90 % d&#8217;ingr\u00e9dients biologiques. Saveur de lime. Les ingr\u00e9dients de l\u00e9gumes, de fruits et de baies sont de couleurs vives et non oxyd\u00e9s, et les poudres sont prot\u00e9g\u00e9es de la chaleur, des rayons UV et de l&#8217;humidit\u00e9 du d\u00e9but \u00e0 la [&hellip;]<\/p>\n","protected":false},"featured_media":24843,"comment_status":"open","ping_status":"closed","template":"","meta":{"om_disable_all_campaigns":false,"_monsterinsights_skip_tracking":false,"_monsterinsights_sitenote_active":false,"_monsterinsights_sitenote_note":"","_monsterinsights_sitenote_category":0},"product_brand":[196],"product_cat":[167],"product_tag":[],"mwb_booking_cost":[],"mwb_booking_service":[],"class_list":{"0":"post-24842","1":"product","2":"type-product","3":"status-publish","4":"has-post-thumbnail","6":"product_brand-designs-for-health","7":"product_cat-health-happiness-essentials","10":"instock","11":"shipping-taxable","12":"purchasable","13":"product-type-simple","14":"product-grid-view"},"aioseo_notices":[],"_links":{"self":[{"href":"https:\/\/posana.com\/fr\/wp-json\/wp\/v2\/product\/24842","targetHints":{"allow":["GET"]}}],"collection":[{"href":"https:\/\/posana.com\/fr\/wp-json\/wp\/v2\/product"}],"about":[{"href":"https:\/\/posana.com\/fr\/wp-json\/wp\/v2\/types\/product"}],"replies":[{"embeddable":true,"href":"https:\/\/posana.com\/fr\/wp-json\/wp\/v2\/comments?post=24842"}],"version-history":[{"count":1,"href":"https:\/\/posana.com\/fr\/wp-json\/wp\/v2\/product\/24842\/revisions"}],"predecessor-version":[{"id":24844,"href":"https:\/\/posana.com\/fr\/wp-json\/wp\/v2\/product\/24842\/revisions\/24844"}],"wp:featuredmedia":[{"embeddable":true,"href":"https:\/\/posana.com\/fr\/wp-json\/wp\/v2\/media\/24843"}],"wp:attachment":[{"href":"https:\/\/posana.com\/fr\/wp-json\/wp\/v2\/media?parent=24842"}],"wp:term":[{"taxonomy":"product_brand","embeddable":true,"href":"https:\/\/posana.com\/fr\/wp-json\/wp\/v2\/product_brand?post=24842"},{"taxonomy":"product_cat","embeddable":true,"href":"https:\/\/posana.com\/fr\/wp-json\/wp\/v2\/product_cat?post=24842"},{"taxonomy":"product_tag","embeddable":true,"href":"https:\/\/posana.com\/fr\/wp-json\/wp\/v2\/product_tag?post=24842"},{"taxonomy":"mwb_booking_cost","embeddable":true,"href":"https:\/\/posana.com\/fr\/wp-json\/wp\/v2\/mwb_booking_cost?post=24842"},{"taxonomy":"mwb_booking_service","embeddable":true,"href":"https:\/\/posana.com\/fr\/wp-json\/wp\/v2\/mwb_booking_service?post=24842"}],"curies":[{"name":"wp","href":"https:\/\/api.w.org\/{rel}","templated":true}]}}