{"id":24838,"date":"2025-03-04T19:00:14","date_gmt":"2025-03-04T19:00:14","guid":{"rendered":"https:\/\/posana.com\/?post_type=product&#038;p=24838"},"modified":"2025-03-09T20:37:32","modified_gmt":"2025-03-09T20:37:32","slug":"mag-matrix-4","status":"publish","type":"product","link":"https:\/\/posana.com\/fr\/produit\/mag-matrix-4\/","title":{"rendered":"Mag Matrix 4"},"content":{"rendered":"<ul>\n<li>100 mg de magn\u00e9sium \u00e9l\u00e9mentaire par g\u00e9lule, sous forme de complexe li\u00e9 au thr\u00e9onate, au malate, au bis-glycinate et \u00e0 l&#8217;aspartate.<\/li>\n<li>100 mg de magn\u00e9sium \u00e9l\u00e9mentaire par g\u00e9lule, sous la forme d&#8217;un m\u00e9lange de quatre formes.<\/li>\n<li>Le di-malate de magn\u00e9sium est une forme de magn\u00e9sium cibl\u00e9e pour les personnes souffrant du syndrome de fibromyalgie, de fatigue musculaire, de courbatures et du syndrome de fatigue chronique.<\/li>\n<li>L&#8217;aspartate de magn\u00e9sium contribue \u00e0 augmenter la production d&#8217;\u00e9nergie cellulaire et il a \u00e9t\u00e9 d\u00e9montr\u00e9 qu&#8217;il avait un effet positif sur la fatigue.<\/li>\n<li>Le bisglycinate de magn\u00e9sium est largement consid\u00e9r\u00e9 comme l&#8217;une des formes de magn\u00e9sium les mieux absorb\u00e9es et les mieux tol\u00e9r\u00e9es sur le plan digestif.<\/li>\n<li>Le thr\u00e9onate de magn\u00e9sium est utilis\u00e9 pour am\u00e9liorer l&#8217;apport de magn\u00e9sium dans le syst\u00e8me nerveux central et a \u00e9t\u00e9 \u00e9tudi\u00e9 pour am\u00e9liorer la m\u00e9moire spatiale, l&#8217;orientation spatiale et la m\u00e9moire de travail.<\/li>\n<\/ul>\n<p>Le magn\u00e9sium est l&#8217;un des min\u00e9raux les plus importants pour notre sant\u00e9. Il est n\u00e9cessaire au bon fonctionnement des nerfs et des muscles en r\u00e9gulant le calcium, en cr\u00e9ant de l&#8217;\u00e9nergie cellulaire dans les mitochondries et en agissant comme cofacteur pour construire l&#8217;ADN, l&#8217;ARN et de nombreuses prot\u00e9ines.<\/p>\n<p>Malgr\u00e9 sa grande importance, le magn\u00e9sium est couramment d\u00e9ficient dans la population canadienne en raison d&#8217;une mauvaise alimentation, de l&#8217;\u00e9puisement des m\u00e9dicaments et du stress. Des niveaux sous-optimaux de magn\u00e9sium cr\u00e9ent un \u00e9tat pro-inflammatoire dans le corps avec de nombreuses implications pour la sant\u00e9.<\/p>\n<p>Au fur et \u00e0 mesure que les recherches se multiplient sur les bienfaits du magn\u00e9sium pour la sant\u00e9 humaine, il est difficile de ne pas envisager une suppl\u00e9mentation chez la plupart des patients. Des essais cliniques et des preuves \u00e0 grande \u00e9chelle ont montr\u00e9 que le magn\u00e9sium peut \u00eatre utile dans de nombreux probl\u00e8mes de sant\u00e9. Toutefois, il semble que certaines formes de magn\u00e9sium soient mieux adapt\u00e9es \u00e0 des conditions sp\u00e9cifiques, \u00e0 des syst\u00e8mes physiologiques ou \u00e0 des sympt\u00f4mes cibl\u00e9s, et il n&#8217;existe pas toujours d&#8217;approche unique pour trouver le meilleur suppl\u00e9ment de magn\u00e9sium pour chaque individu.<\/p>\n<p>En d\u00e9finitive, le magn\u00e9sium peut \u00eatre propos\u00e9 sous de nombreuses formes compl\u00e9mentaires, chacune pr\u00e9sentant des avantages et des inconv\u00e9nients. Par exemple, l&#8217;oxyde de magn\u00e9sium est l&#8217;une des formes de magn\u00e9sium les plus utilis\u00e9es et les plus \u00e9tudi\u00e9es. Ce m\u00e9lange de magn\u00e9sium est rentable et peut \u00eatre administr\u00e9 en doses relativement importantes par g\u00e9lule standard, mais il est bien connu pour induire un effet laxatif sur les intestins, ce qui le rend moins souhaitable pour de nombreuses personnes.<\/p>\n<p>D&#8217;autres formes de magn\u00e9sium peuvent offrir des avantages uniques et adapt\u00e9s sans un tel compromis. Le malate de magn\u00e9sium a \u00e9t\u00e9 \u00e9tudi\u00e9 pour sa capacit\u00e9 \u00e0 r\u00e9duire la douleur et la sensibilit\u00e9 chez les personnes souffrant de fibromyalgie. Cela est probablement d\u00fb au fait que le malate est un substrat pr\u00e9sent dans les mitochondries qui est utilis\u00e9 pour cr\u00e9er de l&#8217;\u00e9nergie cellulaire. Une approche similaire de la production d&#8217;\u00e9nergie cellulaire fait appel \u00e0 l&#8217;aspartate de magn\u00e9sium, une forme de magn\u00e9sium compl\u00e9mentaire dont l&#8217;effet positif sur la fatigue et l&#8217;hyperexcitabilit\u00e9 musculaire a \u00e9t\u00e9 d\u00e9montr\u00e9.<\/p>\n<p>En mati\u00e8re de biodisponibilit\u00e9, le bis-glycinate de magn\u00e9sium pr\u00e9sente des avantages. Le bis-glycinate de magn\u00e9sium est une forme de magn\u00e9sium qui associe une mol\u00e9cule de magn\u00e9sium \u00e0 deux mol\u00e9cules de glycine, un acide amin\u00e9 inhibiteur. Cette liaison ch\u00e9lat\u00e9e est avantageuse car elle reste stable tout au long du tube digestif, emp\u00eachant le magn\u00e9sium de se lier \u00e0 d&#8217;autres compos\u00e9s. La pr\u00e9sence de glycine permet \u00e9galement \u00e0 la mol\u00e9cule d&#8217;acc\u00e9der aux sites de transport des dipeptides. En fin de compte, cela se traduit par une meilleure absorption et une meilleure tol\u00e9rance.<\/p>\n<p>Enfin, le thr\u00e9onate de magn\u00e9sium est apparu comme l&#8217;une des meilleures formes de magn\u00e9sium pour soutenir la sant\u00e9 c\u00e9r\u00e9brale. Le thr\u00e9onate est un m\u00e9tabolite de la vitamine C qui facilite le transport du magn\u00e9sium \u00e0 travers la barri\u00e8re h\u00e9mato-enc\u00e9phalique et dans le syst\u00e8me nerveux central. Des \u00e9tudes ont montr\u00e9 que le thr\u00e9onate de magn\u00e9sium peut am\u00e9liorer la m\u00e9moire spatiale, l&#8217;orientation spatiale et la m\u00e9moire de travail gr\u00e2ce \u00e0 l&#8217;augmentation de l&#8217;expression des r\u00e9cepteurs NMDA dans la r\u00e9gion de l&#8217;hippocampe du cerveau.<\/p>\n<p>Mag Matrix 4 de Cyto-Matrix combine ces quatre formes de magn\u00e9sium pour offrir les avantages synergiques du magn\u00e9sium sans compromis. Chaque g\u00e9lule offre 100 mg de magn\u00e9sium \u00e9l\u00e9mentaire dans un m\u00e9lange bien absorb\u00e9 et bien tol\u00e9r\u00e9. 120 g\u00e9lules v\u00e9g\u00e9tales par bouteille.<\/p>","protected":false},"excerpt":{"rendered":"<p>100 mg de magn\u00e9sium \u00e9l\u00e9mentaire par g\u00e9lule, sous forme de complexe li\u00e9 au thr\u00e9onate, au malate, au bis-glycinate et \u00e0 l&#8217;aspartate. 100 mg de magn\u00e9sium \u00e9l\u00e9mentaire par g\u00e9lule, sous la forme d&#8217;un m\u00e9lange de quatre formes. Le di-malate de magn\u00e9sium est une forme de magn\u00e9sium cibl\u00e9e pour les personnes souffrant du syndrome de fibromyalgie, de [&hellip;]<\/p>\n","protected":false},"featured_media":24840,"comment_status":"open","ping_status":"closed","template":"","meta":{"om_disable_all_campaigns":false,"_monsterinsights_skip_tracking":false,"_monsterinsights_sitenote_active":false,"_monsterinsights_sitenote_note":"","_monsterinsights_sitenote_category":0},"product_brand":[198],"product_cat":[167],"product_tag":[195],"mwb_booking_cost":[],"mwb_booking_service":[],"class_list":{"0":"post-24838","1":"product","2":"type-product","3":"status-publish","4":"has-post-thumbnail","6":"product_brand-cyto-matrix","7":"product_cat-health-happiness-essentials","8":"product_tag-magnesium","11":"instock","12":"shipping-taxable","13":"purchasable","14":"product-type-simple","15":"product-grid-view"},"aioseo_notices":[],"_links":{"self":[{"href":"https:\/\/posana.com\/fr\/wp-json\/wp\/v2\/product\/24838","targetHints":{"allow":["GET"]}}],"collection":[{"href":"https:\/\/posana.com\/fr\/wp-json\/wp\/v2\/product"}],"about":[{"href":"https:\/\/posana.com\/fr\/wp-json\/wp\/v2\/types\/product"}],"replies":[{"embeddable":true,"href":"https:\/\/posana.com\/fr\/wp-json\/wp\/v2\/comments?post=24838"}],"version-history":[{"count":1,"href":"https:\/\/posana.com\/fr\/wp-json\/wp\/v2\/product\/24838\/revisions"}],"predecessor-version":[{"id":24839,"href":"https:\/\/posana.com\/fr\/wp-json\/wp\/v2\/product\/24838\/revisions\/24839"}],"wp:featuredmedia":[{"embeddable":true,"href":"https:\/\/posana.com\/fr\/wp-json\/wp\/v2\/media\/24840"}],"wp:attachment":[{"href":"https:\/\/posana.com\/fr\/wp-json\/wp\/v2\/media?parent=24838"}],"wp:term":[{"taxonomy":"product_brand","embeddable":true,"href":"https:\/\/posana.com\/fr\/wp-json\/wp\/v2\/product_brand?post=24838"},{"taxonomy":"product_cat","embeddable":true,"href":"https:\/\/posana.com\/fr\/wp-json\/wp\/v2\/product_cat?post=24838"},{"taxonomy":"product_tag","embeddable":true,"href":"https:\/\/posana.com\/fr\/wp-json\/wp\/v2\/product_tag?post=24838"},{"taxonomy":"mwb_booking_cost","embeddable":true,"href":"https:\/\/posana.com\/fr\/wp-json\/wp\/v2\/mwb_booking_cost?post=24838"},{"taxonomy":"mwb_booking_service","embeddable":true,"href":"https:\/\/posana.com\/fr\/wp-json\/wp\/v2\/mwb_booking_service?post=24838"}],"curies":[{"name":"wp","href":"https:\/\/api.w.org\/{rel}","templated":true}]}}