{"id":24537,"date":"2025-01-28T09:22:13","date_gmt":"2025-01-28T09:22:13","guid":{"rendered":"https:\/\/posana.com\/?post_type=product&#038;p=24537"},"modified":"2025-03-10T16:44:23","modified_gmt":"2025-03-10T16:44:23","slug":"high-purity-organic","status":"publish","type":"product","link":"https:\/\/posana.com\/fr\/produit\/high-purity-organic\/","title":{"rendered":"High Purity Bio"},"content":{"rendered":"<p><strong>Application<\/strong>:<\/p>\n<p><strong>Deux fois par jour - matin et soir.<\/strong><\/p>\n<p>Deux fois par jour \u2013 matin et soir. Apr\u00e8s un nettoyage en profondeur avec le Deep Cleansing Balm, appliquer la Lotion Pro-Microbiome sur l\u2019ensemble du visage et du cou avec un disque de coton pour r\u00e9\u00e9quilibrer le pH de la peau. Laisser la Lotion p\u00e9n\u00e9trer avant d\u2019appliquer une synergie de l\u2019Emulsion et du Serum adapt\u00e9e \u00e0 votre peau.<\/p>\n<p>&nbsp;<\/p>\n<p><strong>Avantages<\/strong>:<\/p>\n<p>(1) Purifie la peau en profondeur*, (2) Rend la peau nette et saine en la d\u00e9barrassant des com\u00e9dons, points noirs et obstructions.<\/p>\n<p>&nbsp;<\/p>\n<p><strong>Ingredients (INCI):<\/strong><\/p>\n<p>Aqua (Water), Pentylene Glycol (Skin conditioning agent), Hordeum Vulgare Leaf Juice* (Emollient), Glycerin** (Humectant), Salicylic Acid (Skin Conditioning Agent), Zinc Gluconate (Skin Conditioning Agent), Sodium Levulinate (Skin Conditioning Agent), Arginine (Skin Conditioning Agent), Aloe Barbadensis Leaf Juice Powder* (Skin Conditioning Agent), Xanthan Gum (Viscosity Controlling Agent), Sodium Benzoate (Preservative).<\/p>\n<p><strong>COSMOS ORGANIC certifi\u00e9 par Ecocert Greenlife selon le r\u00e9f\u00e9rentiel COSMOS.<\/strong><\/p>\n<p>*ingr\u00e9dient issu de l\u2019Agriculture Biologique<br \/>\n22% du total des ingr\u00e9dients sont issus de l\u2019Agriculture Biologique.<br \/>\n99% du total est d\u2019origine naturelle.<\/p>","protected":false},"excerpt":{"rendered":"<p><strong>Skin with impurities (acne, blackheads, dilated pores, acne scars)<\/strong><\/p>\n<p>Highly concentrated serum with a fluid texture. Allows an easy application alone or in synergy.<\/p>\n<p>[ 29 ml ]<\/p>\n","protected":false},"featured_media":24538,"comment_status":"open","ping_status":"closed","template":"","meta":{"om_disable_all_campaigns":false,"_monsterinsights_skip_tracking":false,"_monsterinsights_sitenote_active":false,"_monsterinsights_sitenote_note":"","_monsterinsights_sitenote_category":0},"product_brand":[186],"product_cat":[174,169,158,163],"product_tag":[170],"mwb_booking_cost":[],"mwb_booking_service":[],"class_list":{"0":"post-24537","1":"product","2":"type-product","3":"status-publish","4":"has-post-thumbnail","6":"product_brand-physiodermie","7":"product_cat-clinical-swiss-organics","8":"product_cat-collection","9":"product_cat-routines","10":"product_cat-sebum-control","11":"product_tag-physiodermie","14":"instock","15":"shipping-taxable","16":"purchasable","17":"product-type-simple","18":"product-grid-view"},"aioseo_notices":[],"_links":{"self":[{"href":"https:\/\/posana.com\/fr\/wp-json\/wp\/v2\/product\/24537","targetHints":{"allow":["GET"]}}],"collection":[{"href":"https:\/\/posana.com\/fr\/wp-json\/wp\/v2\/product"}],"about":[{"href":"https:\/\/posana.com\/fr\/wp-json\/wp\/v2\/types\/product"}],"replies":[{"embeddable":true,"href":"https:\/\/posana.com\/fr\/wp-json\/wp\/v2\/comments?post=24537"}],"version-history":[{"count":5,"href":"https:\/\/posana.com\/fr\/wp-json\/wp\/v2\/product\/24537\/revisions"}],"predecessor-version":[{"id":24861,"href":"https:\/\/posana.com\/fr\/wp-json\/wp\/v2\/product\/24537\/revisions\/24861"}],"wp:featuredmedia":[{"embeddable":true,"href":"https:\/\/posana.com\/fr\/wp-json\/wp\/v2\/media\/24538"}],"wp:attachment":[{"href":"https:\/\/posana.com\/fr\/wp-json\/wp\/v2\/media?parent=24537"}],"wp:term":[{"taxonomy":"product_brand","embeddable":true,"href":"https:\/\/posana.com\/fr\/wp-json\/wp\/v2\/product_brand?post=24537"},{"taxonomy":"product_cat","embeddable":true,"href":"https:\/\/posana.com\/fr\/wp-json\/wp\/v2\/product_cat?post=24537"},{"taxonomy":"product_tag","embeddable":true,"href":"https:\/\/posana.com\/fr\/wp-json\/wp\/v2\/product_tag?post=24537"},{"taxonomy":"mwb_booking_cost","embeddable":true,"href":"https:\/\/posana.com\/fr\/wp-json\/wp\/v2\/mwb_booking_cost?post=24537"},{"taxonomy":"mwb_booking_service","embeddable":true,"href":"https:\/\/posana.com\/fr\/wp-json\/wp\/v2\/mwb_booking_service?post=24537"}],"curies":[{"name":"wp","href":"https:\/\/api.w.org\/{rel}","templated":true}]}}