{"id":24530,"date":"2025-01-28T09:07:29","date_gmt":"2025-01-28T09:07:29","guid":{"rendered":"https:\/\/posana.com\/?post_type=product&#038;p=24530"},"modified":"2025-02-11T16:00:59","modified_gmt":"2025-02-11T16:00:59","slug":"chrono-repair-flash-kit","status":"publish","type":"product","link":"https:\/\/posana.com\/fr\/produit\/chrono-repair-flash-kit\/","title":{"rendered":"Chrono Repair Flash Kit"},"content":{"rendered":"<p>Every day, apply a few drops of Serum in the morning and evening on face and neck previously cleansed with the Deep Cleansing Milk and Stabilizing Lotion. Perform a penetration and diffusion massage. Finish the treatment with the Intensive Care Revitalizing and the Global Action Serum Eye Contour.<\/p>\n<p>Le pack contient 2 Hydrogels pour 2 Soins. Appliquer sur le visage et le cou, masser en mouvements circulaires doux jusqu'\u00e0 absorption compl\u00e8te. R\u00e9aliser le premier Soin. Appliquer le s\u00e9rum pendant une semaine puis r\u00e9aliser le deuxi\u00e8me soin. Continuer \u00e0 appliquer le s\u00e9rum matin et soir jusqu'\u00e0 utilisation compl\u00e8te.<\/p>\n<p>&nbsp;<\/p>\n<p>(1) Effet anti-vieillissement visible imm\u00e9diat (FLASH), (2) Laisse la peau souple et lisse. Effet de plumping.<\/p>\n<p>&nbsp;<\/p>\n<p>&nbsp;<\/p>","protected":false},"excerpt":{"rendered":"<p><strong>Excellence in Anti-Age* care.<\/strong><\/p>\n<p>Unique and Innovative Concept for an instant smoothness. The synergistic effect of the Revelator Serum + Sublimator Hydrogel optimizes the Anti-Age* care leaving the skin infinitely soft and supple with a long lasting moisturizing* result. Restores a youthful, smooth and radiant aspect to the skin for a visible anti-aging* effect.<\/p>\n<p>[ 50 ml Revelator Serum ]<br \/>\n[2 pieces Sublimator Hydrogel ]<\/p>\n","protected":false},"featured_media":24531,"comment_status":"open","ping_status":"closed","template":"","meta":{"om_disable_all_campaigns":false,"_monsterinsights_skip_tracking":false,"_monsterinsights_sitenote_active":false,"_monsterinsights_sitenote_note":"","_monsterinsights_sitenote_category":0},"product_brand":[186],"product_cat":[138,168,158,177],"product_tag":[170],"mwb_booking_cost":[],"mwb_booking_service":[],"class_list":{"0":"post-24530","1":"product","2":"type-product","3":"status-publish","4":"has-post-thumbnail","6":"product_brand-physiodermie","7":"product_cat-anti-aging","8":"product_cat-gift-ideas","9":"product_cat-routines","10":"product_cat-sets-kits","11":"product_tag-physiodermie","14":"instock","15":"shipping-taxable","16":"purchasable","17":"product-type-simple","18":"product-grid-view"},"aioseo_notices":[],"_links":{"self":[{"href":"https:\/\/posana.com\/fr\/wp-json\/wp\/v2\/product\/24530","targetHints":{"allow":["GET"]}}],"collection":[{"href":"https:\/\/posana.com\/fr\/wp-json\/wp\/v2\/product"}],"about":[{"href":"https:\/\/posana.com\/fr\/wp-json\/wp\/v2\/types\/product"}],"replies":[{"embeddable":true,"href":"https:\/\/posana.com\/fr\/wp-json\/wp\/v2\/comments?post=24530"}],"version-history":[{"count":1,"href":"https:\/\/posana.com\/fr\/wp-json\/wp\/v2\/product\/24530\/revisions"}],"predecessor-version":[{"id":24532,"href":"https:\/\/posana.com\/fr\/wp-json\/wp\/v2\/product\/24530\/revisions\/24532"}],"wp:featuredmedia":[{"embeddable":true,"href":"https:\/\/posana.com\/fr\/wp-json\/wp\/v2\/media\/24531"}],"wp:attachment":[{"href":"https:\/\/posana.com\/fr\/wp-json\/wp\/v2\/media?parent=24530"}],"wp:term":[{"taxonomy":"product_brand","embeddable":true,"href":"https:\/\/posana.com\/fr\/wp-json\/wp\/v2\/product_brand?post=24530"},{"taxonomy":"product_cat","embeddable":true,"href":"https:\/\/posana.com\/fr\/wp-json\/wp\/v2\/product_cat?post=24530"},{"taxonomy":"product_tag","embeddable":true,"href":"https:\/\/posana.com\/fr\/wp-json\/wp\/v2\/product_tag?post=24530"},{"taxonomy":"mwb_booking_cost","embeddable":true,"href":"https:\/\/posana.com\/fr\/wp-json\/wp\/v2\/mwb_booking_cost?post=24530"},{"taxonomy":"mwb_booking_service","embeddable":true,"href":"https:\/\/posana.com\/fr\/wp-json\/wp\/v2\/mwb_booking_service?post=24530"}],"curies":[{"name":"wp","href":"https:\/\/api.w.org\/{rel}","templated":true}]}}