{"id":24527,"date":"2025-01-28T09:02:28","date_gmt":"2025-01-28T09:02:28","guid":{"rendered":"https:\/\/posana.com\/?post_type=product&#038;p=24527"},"modified":"2025-02-10T18:52:12","modified_gmt":"2025-02-10T18:52:12","slug":"chrono-repair-white-duo","status":"publish","type":"product","link":"https:\/\/posana.com\/fr\/produit\/chrono-repair-white-duo\/","title":{"rendered":"Chrono Repair White Duo"},"content":{"rendered":"<p class=\"translation-block\"><strong>S\u00e9rum intensificateur:<\/strong> Effet \u00e9claircissant prouv\u00e9 sur la peau fonc\u00e9e. Aide \u00e0 \u00e9liminer l'obscurcissement de la surface. Effet puissant d'all\u00e9gement et anti-vieillissement. La peau semble progressivement plus jeune et plus l\u00e9g\u00e8re. Forte booster, effet revitalisant. R\u00e9v\u00e9le l'\u00e9clat du teint (am\u00e9liore la luminosit\u00e9, anti teint terne)<\/p>\n<p><strong>Cr\u00e8me blanche Chrono Repair:<\/strong>\u00a0Effet d'all\u00e9gement prouv\u00e9. \u00c9limine la couche superficielle plus fonc\u00e9e. Stimuler, revitaliser l'effet. \u00c9quilibrage et hydrate. Prot\u00e8ge la peau des agressions quotidiennes. Donne un teint imm\u00e9diat visiblement plus l\u00e9ger et plus lumineux.<\/p>\n<p>&nbsp;<\/p>\n<p><strong>S\u00e9rum intensifiant:<\/strong>\u00a0Appliquer une petite quantit\u00e9 matin et soir apr\u00e8s le nettoyage de la peau avec le lait de nettoyage profond et la lotion stabilisante. Proc\u00e9dez avec un massage de p\u00e9n\u00e9tration de lumi\u00e8re. Peut \u00eatre utilis\u00e9 seul ou en compl\u00e9ment de la Chrono Repair White Creams et du masque.<\/p>\n<p><strong>Cr\u00e8me blanche Chrono Repair:<\/strong>\u00a0Apr\u00e8s le nettoyage avec le lait de nettoyage profond et la lotion stabilisatrice, appliquer sur les zones concern\u00e9es. Laisser la diffusion et la p\u00e9n\u00e9tration par un massage doux. Peut \u00eatre appliqu\u00e9 plusieurs fois par jour gr\u00e2ce \u00e0 sa tol\u00e9rance parfaite. L'utilisation r\u00e9guli\u00e8re favorise des r\u00e9sultats durables.<\/p>\n<p>&nbsp;<\/p>\n<p>(1) Sa synergie d'ingr\u00e9dients micro-encapsul\u00e9s est id\u00e9ale pour \u00e9quilibrer et hydrater la peau avec un teint plus fonc\u00e9 ou avec des taches pigmentaires, (2) Effet imm\u00e9diat qui r\u00e9duit l'apparence des imperfections (pigments blancs), (3) Prot\u00e8ge la peau des agressions externes, (4) Ses pigments \u00ab soft focus \u00bb aident \u00e0 donner un teint radiant et sain d\u00e8s la premi\u00e8re application, (5) La formule est sp\u00e9cifiquement con\u00e7ue pour laisser la peau douce, souple et radiante (aucun effet \u00ab masque blanc \u00bb)<\/p>\n<p>&nbsp;<\/p>\n<p><strong>S\u00e9rum intensifiant:<\/strong>\u00a0Complexe de l'U.C.E.E.L 2 brevet\u00e9. complexe liposoluble stable Vitamine C Complexe r\u00e9g\u00e9n\u00e9rant : acide hyaluronique, extrait d\u2019algues bleues, th\u00e9 vert et extrait de vigne rouge, acides amin\u00e9s, oligo-\u00e9l\u00e9ments\u2026 Complexe hydratant et \u00e9quilibrant lipidique (st\u00e9rols, huiles, proceramides)<\/p>\n<p><strong>Cr\u00e8me blanche Chrono Repair:\u00a0<\/strong>Complexe M.E.C.L. brevet\u00e9 complexe M.E.C.L. 2. Complexe r\u00e9g\u00e9n\u00e9rant : acide hyaluronique, extrait d\u2019algues bleu-vert, extrait de vigne rouge, acides amin\u00e9s, oligo-\u00e9l\u00e9ments\u2026 Glycine, st\u00e9rols, alcool d\u2019Oleyl, fraction d\u2019huile de germe de bl\u00e9, pigments de couleur insaponifiables \u201cporcelaine\u201d<\/p>","protected":false},"excerpt":{"rendered":"<p><strong>Lighten Effect<\/strong><\/p>\n<p>Chrono Repair\u00ae White is a line of products that lighten the complexion. Moisturizes and restores the skin\u2019s clear and even appearance. Provides sun protection against harmful UVA\/UVB rays.<\/p>\n<p>[ 50 ml ]<\/p>\n","protected":false},"featured_media":24528,"comment_status":"open","ping_status":"closed","template":"","meta":{"om_disable_all_campaigns":false,"_monsterinsights_skip_tracking":false,"_monsterinsights_sitenote_active":false,"_monsterinsights_sitenote_note":"","_monsterinsights_sitenote_category":0},"product_brand":[186],"product_cat":[138,168,158,177],"product_tag":[],"mwb_booking_cost":[],"mwb_booking_service":[],"class_list":{"0":"post-24527","1":"product","2":"type-product","3":"status-publish","4":"has-post-thumbnail","6":"product_brand-physiodermie","7":"product_cat-anti-aging","8":"product_cat-gift-ideas","9":"product_cat-routines","10":"product_cat-sets-kits","13":"instock","14":"shipping-taxable","15":"purchasable","16":"product-type-simple","17":"product-grid-view"},"aioseo_notices":[],"_links":{"self":[{"href":"https:\/\/posana.com\/fr\/wp-json\/wp\/v2\/product\/24527","targetHints":{"allow":["GET"]}}],"collection":[{"href":"https:\/\/posana.com\/fr\/wp-json\/wp\/v2\/product"}],"about":[{"href":"https:\/\/posana.com\/fr\/wp-json\/wp\/v2\/types\/product"}],"replies":[{"embeddable":true,"href":"https:\/\/posana.com\/fr\/wp-json\/wp\/v2\/comments?post=24527"}],"version-history":[{"count":1,"href":"https:\/\/posana.com\/fr\/wp-json\/wp\/v2\/product\/24527\/revisions"}],"predecessor-version":[{"id":24529,"href":"https:\/\/posana.com\/fr\/wp-json\/wp\/v2\/product\/24527\/revisions\/24529"}],"wp:featuredmedia":[{"embeddable":true,"href":"https:\/\/posana.com\/fr\/wp-json\/wp\/v2\/media\/24528"}],"wp:attachment":[{"href":"https:\/\/posana.com\/fr\/wp-json\/wp\/v2\/media?parent=24527"}],"wp:term":[{"taxonomy":"product_brand","embeddable":true,"href":"https:\/\/posana.com\/fr\/wp-json\/wp\/v2\/product_brand?post=24527"},{"taxonomy":"product_cat","embeddable":true,"href":"https:\/\/posana.com\/fr\/wp-json\/wp\/v2\/product_cat?post=24527"},{"taxonomy":"product_tag","embeddable":true,"href":"https:\/\/posana.com\/fr\/wp-json\/wp\/v2\/product_tag?post=24527"},{"taxonomy":"mwb_booking_cost","embeddable":true,"href":"https:\/\/posana.com\/fr\/wp-json\/wp\/v2\/mwb_booking_cost?post=24527"},{"taxonomy":"mwb_booking_service","embeddable":true,"href":"https:\/\/posana.com\/fr\/wp-json\/wp\/v2\/mwb_booking_service?post=24527"}],"curies":[{"name":"wp","href":"https:\/\/api.w.org\/{rel}","templated":true}]}}