{"id":24524,"date":"2025-01-28T08:59:33","date_gmt":"2025-01-28T08:59:33","guid":{"rendered":"https:\/\/posana.com\/?post_type=product&#038;p=24524"},"modified":"2025-02-09T19:54:44","modified_gmt":"2025-02-09T19:54:44","slug":"revitalize-renew-bundle","status":"publish","type":"product","link":"https:\/\/posana.com\/fr\/produit\/revitalize-renew-bundle\/","title":{"rendered":"Ensemble Revitalisant et R\u00e9g\u00e9n\u00e9rant"},"content":{"rendered":"<h2>Pr\u00e9sentation de notre package Revitalize &amp; Renew<\/h2>\n<p>Un m\u00e9lange harmonieux de Methode Physiodermie l\u2019essentiel de soins de la peau les plus convoit\u00e9s. Cette collection exclusive est m\u00e9ticuleusement organis\u00e9e pour offrir une approche holistique de la soin de la peau, r\u00e9pondant \u00e0 divers besoins pour une exp\u00e9rience compl\u00e8te de rajeunissement. \u200b<\/p>\n<p>Notre Gel Firming Bust et le Gel Body Sculpting travaillent en synergie pour \u00e9lever et contour, favorisant la fermet\u00e9 et l'\u00e9lasticit\u00e9. L'huile essentielle de bain LF Purification am\u00e9liore votre rituel de bain, fournissant une d\u00e9sintoxication douce mais efficace pour votre peau. Plongez dans les avantages calmants et purifiants de cette exp\u00e9rience de bain luxueuse. Compl\u00e9tez votre routine de soins de la peau avec le pouvoir rajeunissant de notre Physiomask Global, con\u00e7u pour reconstituer et revitaliser votre teint. \u200b<\/p>\n<p class=\"lead\">Laissez-vous tenter par les d\u00e9lices sensoriels de ce paquet, con\u00e7u non seulement pour prendre soin de votre peau, mais pour \u00e9lever votre routine d'auto-soins. Chaque produit est fabriqu\u00e9 avec pr\u00e9cision et soutenu par l\u2019engagement de Methode Physiodermie envers la qualit\u00e9 et l\u2019efficacit\u00e9. Embrassez la transformation radieuse au fur et \u00e0 mesure que vous nourrissez et renouvelez votre peau. \u200b<\/p>\n<p><strong>Kit Includes:<\/strong><\/p>\n<ul>\n<li class=\"bullet-arrow\">Gel Fermete du Buste<\/li>\n<li class=\"bullet-arrow\">Gel de sculpture du corps<\/li>\n<li class=\"bullet-arrow\">Huile de bain essentielle LF Purification<\/li>\n<li class=\"bullet-arrow bullet-star\">Physiomask Global Balacing Revitilizing (gratuit)<\/li>\n<\/ul>","protected":false},"excerpt":{"rendered":"<h4>Recharge post-vacances<\/h4>\n<p>L'une des meilleures et aussi douces fa\u00e7ons de commencer votre routine post-vacances est de plonger dans la Serenit\u00e9 avec notre pack Revitalize &amp; Renew !<\/p>","protected":false},"featured_media":24525,"comment_status":"open","ping_status":"closed","template":"","meta":{"om_disable_all_campaigns":false,"_monsterinsights_skip_tracking":false,"_monsterinsights_sitenote_active":false,"_monsterinsights_sitenote_note":"","_monsterinsights_sitenote_category":0},"product_brand":[186],"product_cat":[168,178,177],"product_tag":[170],"mwb_booking_cost":[],"mwb_booking_service":[],"class_list":{"0":"post-24524","1":"product","2":"type-product","3":"status-publish","4":"has-post-thumbnail","6":"product_brand-physiodermie","7":"product_cat-gift-ideas","8":"product_cat-promotions-deals","9":"product_cat-sets-kits","10":"product_tag-physiodermie","13":"instock","14":"sale","15":"shipping-taxable","16":"purchasable","17":"product-type-simple","18":"product-grid-view"},"aioseo_notices":[],"_links":{"self":[{"href":"https:\/\/posana.com\/fr\/wp-json\/wp\/v2\/product\/24524","targetHints":{"allow":["GET"]}}],"collection":[{"href":"https:\/\/posana.com\/fr\/wp-json\/wp\/v2\/product"}],"about":[{"href":"https:\/\/posana.com\/fr\/wp-json\/wp\/v2\/types\/product"}],"replies":[{"embeddable":true,"href":"https:\/\/posana.com\/fr\/wp-json\/wp\/v2\/comments?post=24524"}],"version-history":[{"count":1,"href":"https:\/\/posana.com\/fr\/wp-json\/wp\/v2\/product\/24524\/revisions"}],"predecessor-version":[{"id":24526,"href":"https:\/\/posana.com\/fr\/wp-json\/wp\/v2\/product\/24524\/revisions\/24526"}],"wp:featuredmedia":[{"embeddable":true,"href":"https:\/\/posana.com\/fr\/wp-json\/wp\/v2\/media\/24525"}],"wp:attachment":[{"href":"https:\/\/posana.com\/fr\/wp-json\/wp\/v2\/media?parent=24524"}],"wp:term":[{"taxonomy":"product_brand","embeddable":true,"href":"https:\/\/posana.com\/fr\/wp-json\/wp\/v2\/product_brand?post=24524"},{"taxonomy":"product_cat","embeddable":true,"href":"https:\/\/posana.com\/fr\/wp-json\/wp\/v2\/product_cat?post=24524"},{"taxonomy":"product_tag","embeddable":true,"href":"https:\/\/posana.com\/fr\/wp-json\/wp\/v2\/product_tag?post=24524"},{"taxonomy":"mwb_booking_cost","embeddable":true,"href":"https:\/\/posana.com\/fr\/wp-json\/wp\/v2\/mwb_booking_cost?post=24524"},{"taxonomy":"mwb_booking_service","embeddable":true,"href":"https:\/\/posana.com\/fr\/wp-json\/wp\/v2\/mwb_booking_service?post=24524"}],"curies":[{"name":"wp","href":"https:\/\/api.w.org\/{rel}","templated":true}]}}