{"id":24521,"date":"2025-01-28T08:57:27","date_gmt":"2025-01-28T08:57:27","guid":{"rendered":"https:\/\/posana.com\/?post_type=product&#038;p=24521"},"modified":"2025-02-09T21:27:42","modified_gmt":"2025-02-09T21:27:42","slug":"glow-go-kit","status":"publish","type":"product","link":"https:\/\/posana.com\/fr\/produit\/glow-go-kit\/","title":{"rendered":"Glow &amp; Go Kit"},"content":{"rendered":"<p>Notre \u00ab Glow and Go Kit \u00bb est le paquet ultime pour tous ceux qui veulent obtenir une peau radieuse et saine. Ce kit comprend l'\u00e9volution du lait hydratant de douche SL, le pelage de visage doux et le rayonnement de PhysioMask. Chaque produit est sp\u00e9cialement formul\u00e9 pour travailler ensemble et donner \u00e0 votre peau le soin ultime qu\u2019elle m\u00e9rite.<\/p>\n<p>Le Lait Hydratant de Douche SL Evolution est un lait de luxe qui hydrate et nourrit votre peau pendant la douche. Il contient des agents tensioactifs doux extraits de l\u2019avoine et dermo-compatible \u2013 hydratant, agent \u00e9mollient, qui aident \u00e0 hydrater et apaiser profond\u00e9ment les peaux s\u00e8ches et sensibles. Sa formule douce nettoie \u00e9galement votre peau sans enlever ses huiles naturelles, laissant votre peau douce, lisse et rafra\u00eechie.<\/p>\n<p>Le Soft Face Bio-Peeling est une cr\u00e8me exfoliante douce qui \u00e9limine les cellules mortes de la peau et les impuret\u00e9s, r\u00e9v\u00e9lant un teint plus brillant et plus jeune. Sa formule unique contient des exfoliants naturels et un m\u00e9lange d\u2019ingr\u00e9dients naturels, qui exfolient efficacement la peau sans causer d\u2019irritation et aident \u00e0 apaiser et nourrir la peau.<\/p>\n<p>Le PhysioMask Radiance est un masque visage puissant qui hydrate profond\u00e9ment, rajeunit et \u00e9claircit la peau. Sa formule unique contient un m\u00e9lange d'ingr\u00e9dients naturels, tels que l'acide hyaluronique et la vitamine F, qui \u00e9claircit et uniformise le ton de la peau, resserre visiblement les pores, r\u00e9duit les signes de fatigue.<\/p>\n<p>Et en prime, lorsque vous achetez notre \u00ab Glow and Go Kit \u00bb, vous obtenez \u00e9galement un solde de pH de stabilisation gratuit 200ml. Cette lotion aide \u00e0 \u00e9quilibrer le pH de votre peau, ce qui est essentiel pour maintenir une peau saine. Sa formule unique aidera \u00e0 apaiser et hydrater la peau tout en r\u00e9tablissant son \u00e9quilibre naturel.<\/p>\n<p>Notre  Glow and Go Kit \u00bb est le paquet id\u00e9al pour tous ceux qui veulent obtenir une peau brillante et saine sans passer des heures sur une routine de soins de la peau. Ces produits sont sp\u00e9cialement formul\u00e9s pour travailler ensemble et vous donner l'exp\u00e9rience de choquage ultime. Alors pourquoi attendre ? Obtenez votre \"Glow and Go Kit\" aujourd'hui et pr\u00e9parez-vous \u00e0 briller! \"<\/p>","protected":false},"excerpt":{"rendered":"<p>Obtenir une peau \u00e9clatante et saine n\u2019a jamais \u00e9t\u00e9 aussi facile avec notre \u00ab Glow and Go Kit \u00bb. Ce paquet comprend l'\u00e9volution du lait hydratant de douche SL, le pelage de visage doux et le rayonnement de PhysioMask. Ces produits de soin de la peau travaillent ensemble pour vous fournir une routine compl\u00e8te de soins de la peau qui hydrate profond\u00e9ment, exfolie et rajeunit votre peau. Et si cela ne suffit pas, vous obtenez \u00e9galement un solde de pH de stabilisation gratuit 200ml pour compl\u00e9ter votre routine de soins de la peau. Ce kit est parfait pour ceux qui sont toujours en d\u00e9placement mais veulent toujours prendre soin de leur peau. Pr\u00e9parez-vous \u00e0 briller et allez avec notre \"Glow and Go Kit\" !<\/p>","protected":false},"featured_media":24522,"comment_status":"open","ping_status":"closed","template":"","meta":{"om_disable_all_campaigns":false,"_monsterinsights_skip_tracking":false,"_monsterinsights_sitenote_active":false,"_monsterinsights_sitenote_note":"","_monsterinsights_sitenote_category":0},"product_brand":[186],"product_cat":[168,178,177],"product_tag":[],"mwb_booking_cost":[],"mwb_booking_service":[],"class_list":{"0":"post-24521","1":"product","2":"type-product","3":"status-publish","4":"has-post-thumbnail","6":"product_brand-physiodermie","7":"product_cat-gift-ideas","8":"product_cat-promotions-deals","9":"product_cat-sets-kits","12":"instock","13":"sale","14":"shipping-taxable","15":"purchasable","16":"product-type-simple","17":"product-grid-view"},"aioseo_notices":[],"_links":{"self":[{"href":"https:\/\/posana.com\/fr\/wp-json\/wp\/v2\/product\/24521","targetHints":{"allow":["GET"]}}],"collection":[{"href":"https:\/\/posana.com\/fr\/wp-json\/wp\/v2\/product"}],"about":[{"href":"https:\/\/posana.com\/fr\/wp-json\/wp\/v2\/types\/product"}],"replies":[{"embeddable":true,"href":"https:\/\/posana.com\/fr\/wp-json\/wp\/v2\/comments?post=24521"}],"version-history":[{"count":1,"href":"https:\/\/posana.com\/fr\/wp-json\/wp\/v2\/product\/24521\/revisions"}],"predecessor-version":[{"id":24523,"href":"https:\/\/posana.com\/fr\/wp-json\/wp\/v2\/product\/24521\/revisions\/24523"}],"wp:featuredmedia":[{"embeddable":true,"href":"https:\/\/posana.com\/fr\/wp-json\/wp\/v2\/media\/24522"}],"wp:attachment":[{"href":"https:\/\/posana.com\/fr\/wp-json\/wp\/v2\/media?parent=24521"}],"wp:term":[{"taxonomy":"product_brand","embeddable":true,"href":"https:\/\/posana.com\/fr\/wp-json\/wp\/v2\/product_brand?post=24521"},{"taxonomy":"product_cat","embeddable":true,"href":"https:\/\/posana.com\/fr\/wp-json\/wp\/v2\/product_cat?post=24521"},{"taxonomy":"product_tag","embeddable":true,"href":"https:\/\/posana.com\/fr\/wp-json\/wp\/v2\/product_tag?post=24521"},{"taxonomy":"mwb_booking_cost","embeddable":true,"href":"https:\/\/posana.com\/fr\/wp-json\/wp\/v2\/mwb_booking_cost?post=24521"},{"taxonomy":"mwb_booking_service","embeddable":true,"href":"https:\/\/posana.com\/fr\/wp-json\/wp\/v2\/mwb_booking_service?post=24521"}],"curies":[{"name":"wp","href":"https:\/\/api.w.org\/{rel}","templated":true}]}}