{"id":24518,"date":"2025-01-28T08:55:21","date_gmt":"2025-01-28T08:55:21","guid":{"rendered":"https:\/\/posana.com\/?post_type=product&#038;p=24518"},"modified":"2025-03-09T20:43:12","modified_gmt":"2025-03-09T20:43:12","slug":"organic-skin-soothing-kit","status":"publish","type":"product","link":"https:\/\/posana.com\/fr\/produit\/organic-skin-soothing-kit\/","title":{"rendered":"Kit apaisant pour la peau bio"},"content":{"rendered":"<p>\u00ab Notre kit de soins de la peau biologique est le paquet id\u00e9al pour toute personne ayant une peau sensible, s\u00e8che ou irrit\u00e9e. Ce kit comprend Redness Rescue Organic, Revit(A) Oil Organic, et Lotion Pro-Microbiome Organic, qui travaillent ensemble pour apaiser et hydrater votre peau.<\/p>\n<p>Redness Rescue Organic est un rem\u00e8de sp\u00e9cialis\u00e9 qui aide \u00e0 diminuer les rougeurs et l\u2019inflammation. Sa composition exceptionnelle comprend Madecasososide et Ginkgo Biloba, r\u00e9put\u00e9s pour leurs qualit\u00e9s de gu\u00e9rison et anti-vieillissement, ainsi que leur capacit\u00e9 \u00e0 soulager l'inflammation et \u00e0 am\u00e9liorer la microcirculation sanguine. En outre, il aide \u00e0 r\u00e9duire les rougeurs, calmer l'inflammation et am\u00e9liorer le tonus global de la peau.<\/p>\n<p>Revit(A) Oil Organic est une huile de luxe qui aide \u00e0 nourrir et hydrater votre peau. Sa formule biologique contient un m\u00e9lange d\u2019huiles naturelles, Huile de graines de rose et Revit(A) Oil Bio est une huile de luxe qui aide \u00e0 nourrir et hydrater votre peau. Sa formule organique contient un m\u00e9lange d'huiles naturelles, Huile de graines de rose et Huile de graines de chia , qui aident \u00e0 restaurer le film hydrolipidique de la peau et favorise le renouvellement cellulaire, am\u00e9liore l'\u00e9lasticit\u00e9 de la peau et fournit un effet de serrage imm\u00e9diat, et lisse les rides et r\u00e9duit visiblement les signes du vieillissement gr\u00e2ce \u00e0 l'action du r\u00e9tinol. Huile de graines de chia , qui aident \u00e0 restaurer le film hydrolipidique de la peau et favorise le renouvellement cellulaire, am\u00e9liore l'\u00e9lasticit\u00e9 de la peau et fournit un effet de serrage imm\u00e9diat, et lisse les rides et r\u00e9duit visiblement les signes de vieillissement gr\u00e2ce \u00e0 l'action du r\u00e9tinol.<\/p>\n<p>Lotion Pro-Microbiome Organic est une lotion l\u00e9g\u00e8re qui aide \u00e0 soutenir le microbiome naturel de votre peau. Sa formule organique contient des pr\u00e9biotiques et des probiotiques, qui aident \u00e0 \u00e9quilibrer et nourrir votre peau. Il contient \u00e9galement Alpha Glucane et l'acide lactique, qui aident \u00e0 restaurer le pH de la peau et perfectionne le nettoyage, restaure le microbiome naturel, et laisse la peau fra\u00eeche et \u00e9troitement por\u00e9e<\/p>\n<p>Et en prime, lorsque vous achetez notre Kit de Soin Biologique, vous obtenez \u00e9galement un Aloe Cleansing Mousse Bio 175ml gratuit. Cette mousse douce aide \u00e0 nettoyer votre peau sans la d\u00e9pouiller de ses huiles naturelles. Sa formule organique contient de l\u2019aloe vera et de la camomille, qui aident \u00e0 apaiser et calmer la peau, la laissant douce, propre et rafra\u00eechie.<\/p>\n<p>Notre kit de soins de la peau biologique est le paquet id\u00e9al pour tous ceux qui veulent apaiser et hydrater leur peau sensible, s\u00e8che ou irrit\u00e9e. Ces produits sont fabriqu\u00e9s avec des ingr\u00e9dients biologiques, de sorte que vous pouvez \u00eatre s\u00fbr que vous n\u2019utilisez que le meilleur pour votre peau. Alors pourquoi attendre ? Obtenez votre Kit de Soin Organique pour la peau aujourd'hui et pr\u00e9parez-vous \u00e0 obtenir la peau saine et radieuse que vous m\u00e9ritez. \"<\/p>","protected":false},"excerpt":{"rendered":"<p>Prenez soin de votre peau sensible avec notre Kit de Soins Bio Soigneux. Ce paquet comprend Redness Rescue Organic, Revit(A) Oil Organic et Lotion Pro-Microbiome Organic, qui sont sp\u00e9cialement formul\u00e9s pour apaiser et hydrater votre peau. Ces produits sont fabriqu\u00e9s avec des ingr\u00e9dients biologiques, de sorte que Prenez soin de votre peau sensible avec notre Kit de Soins Bio Soigneux. Ce paquet comprend Redness Rescue Organic, Revit(A) Oil Organic et Lotion Pro-Microbiome Organic, qui sont sp\u00e9cialement formul\u00e9s pour apaiser et hydrater votre peau. Ces produits sont fabriqu\u00e9s avec des ingr\u00e9dients biologiques, de sorte que vous pouvez \u00eatre s\u00fbr que vous n\u2019utilisez que le meilleur pour votre peau. Et en prime, vous obtenez \u00e9galement une Mousse Nettoyante Aloe Biologique 175ml, qui aide \u00e0 nettoyer doucement votre peau sans la d\u00e9pouiller de ses huiles naturelles. Dites adieu aux rougeurs et irritations et bonjour \u00e0 la peau saine et \u00e9clatante avec notre Kit de Soin Bio Soigneux.\n pouvez \u00eatre s\u00fbr que vous n\u2019utilisez que le meilleur pour votre peau. Et en prime, vous obtenez \u00e9galement une Mousse Nettoyante Aloe Biologique 175ml, qui aide \u00e0 nettoyer doucement votre peau sans la d\u00e9pouiller de ses huiles naturelles. Dites adieu aux rougeurs et irritations et bonjour \u00e0 la peau saine et \u00e9clatante avec notre Kit de Soin Bio Soigneux.<\/p>","protected":false},"featured_media":24519,"comment_status":"open","ping_status":"closed","template":"","meta":{"om_disable_all_campaigns":false,"_monsterinsights_skip_tracking":false,"_monsterinsights_sitenote_active":false,"_monsterinsights_sitenote_note":"","_monsterinsights_sitenote_category":0},"product_brand":[186],"product_cat":[168,178,177],"product_tag":[],"mwb_booking_cost":[],"mwb_booking_service":[],"class_list":{"0":"post-24518","1":"product","2":"type-product","3":"status-publish","4":"has-post-thumbnail","6":"product_brand-physiodermie","7":"product_cat-gift-ideas","8":"product_cat-promotions-deals","9":"product_cat-sets-kits","12":"instock","13":"sale","14":"shipping-taxable","15":"purchasable","16":"product-type-simple","17":"product-grid-view"},"aioseo_notices":[],"_links":{"self":[{"href":"https:\/\/posana.com\/fr\/wp-json\/wp\/v2\/product\/24518","targetHints":{"allow":["GET"]}}],"collection":[{"href":"https:\/\/posana.com\/fr\/wp-json\/wp\/v2\/product"}],"about":[{"href":"https:\/\/posana.com\/fr\/wp-json\/wp\/v2\/types\/product"}],"replies":[{"embeddable":true,"href":"https:\/\/posana.com\/fr\/wp-json\/wp\/v2\/comments?post=24518"}],"version-history":[{"count":1,"href":"https:\/\/posana.com\/fr\/wp-json\/wp\/v2\/product\/24518\/revisions"}],"predecessor-version":[{"id":24520,"href":"https:\/\/posana.com\/fr\/wp-json\/wp\/v2\/product\/24518\/revisions\/24520"}],"wp:featuredmedia":[{"embeddable":true,"href":"https:\/\/posana.com\/fr\/wp-json\/wp\/v2\/media\/24519"}],"wp:attachment":[{"href":"https:\/\/posana.com\/fr\/wp-json\/wp\/v2\/media?parent=24518"}],"wp:term":[{"taxonomy":"product_brand","embeddable":true,"href":"https:\/\/posana.com\/fr\/wp-json\/wp\/v2\/product_brand?post=24518"},{"taxonomy":"product_cat","embeddable":true,"href":"https:\/\/posana.com\/fr\/wp-json\/wp\/v2\/product_cat?post=24518"},{"taxonomy":"product_tag","embeddable":true,"href":"https:\/\/posana.com\/fr\/wp-json\/wp\/v2\/product_tag?post=24518"},{"taxonomy":"mwb_booking_cost","embeddable":true,"href":"https:\/\/posana.com\/fr\/wp-json\/wp\/v2\/mwb_booking_cost?post=24518"},{"taxonomy":"mwb_booking_service","embeddable":true,"href":"https:\/\/posana.com\/fr\/wp-json\/wp\/v2\/mwb_booking_service?post=24518"}],"curies":[{"name":"wp","href":"https:\/\/api.w.org\/{rel}","templated":true}]}}