{"id":24514,"date":"2025-01-28T08:51:07","date_gmt":"2025-01-28T08:51:07","guid":{"rendered":"https:\/\/posana.com\/?post_type=product&#038;p=24514"},"modified":"2025-03-09T20:56:30","modified_gmt":"2025-03-09T20:56:30","slug":"complete-skin-care-kit","status":"publish","type":"product","link":"https:\/\/posana.com\/fr\/produit\/complete-skin-care-kit\/","title":{"rendered":"Kit complet de soins de la peau"},"content":{"rendered":"<p>\u00ab Notre kit complet de soins de la peau est le paquet ultime pour tous ceux qui veulent obtenir une peau saine, \u00e9clatante et sans tache. Ce kit comprend l'Actinyl Duo #1 \u00c9quilibrage &amp; #2 Soins de r\u00e9paration et Actinyl #4 Blemish Clear, qui travaillent ensemble pour vous fournir une routine compl\u00e8te de soins de la peau.<\/p>\n<p>Le Activyl Duo #1 \u00c9quilibrage &amp; #2 Soins de r\u00e9paration est un syst\u00e8me de soins de la peau en deux \u00e9tapes qui aide \u00e0 \u00e9quilibrer et \u00e0 r\u00e9parer votre peau. The Balancing Care contient des ingr\u00e9dients qui aident \u00e0 apaiser et \u00e0 prot\u00e9ger votre peau des facteurs de stress environnementaux. Les soins de r\u00e9paration vous aideront \u00e0 hydrater et \u00e0 nourrir profond\u00e9ment votre peau, la laissant se sentir douce et lisse.<\/p>\n<p>Le Clear Blemish Actinyl #4 est un traitement cibl\u00e9 qui aide \u00e0 \u00e9liminer les imperfections et les imperfections. Sa formule puissante contient de la lavande, de l'\u00e9ternit\u00e9, de l'arbre \u00e0 th\u00e9, du citron, de la citronnelle et du thym qui aident \u00e0 r\u00e9duire l'apparence des imperfections sans effet agressif sur la peau, et ont un effet protecteur hydratant.<\/p>\n<p>Et en prime, lorsque vous achetez notre Kit Complet de Soins de la peau, vous obtenez \u00e9galement un Milk Hydratant de Douche NB Evolution 200ml. Ce lait de luxe aide \u00e0 hydrater et nourrir votre peau pendant la douche. Sa formule unique contient des agents tensioactifs Mild extraits d\u2019avoine et dermo-compatible \u2013 hydratant, \u00e9mollient \u2013 agent purifiant, qui aident \u00e0 nettoyer tout en respectant le microbiome, et laisse la peau douce et souple sans aucune sensation d\u2019inconfort.<\/p>\n<p>Notre kit complet de soins de la peau est le paquet parfait pour tous ceux qui veulent obtenir une peau saine, \u00e9clatante et sans tache. Ces produits sont sp\u00e9cialement formul\u00e9s pour travailler ensemble et vous fournir une routine compl\u00e8te de soins de la peau qui nourrit, r\u00e9pare et prot\u00e8ge profond\u00e9ment votre peau. Alors pourquoi attendre ? Obtenez votre Kit Complet de Soins de la peau aujourd'hui et pr\u00e9parez-vous \u00e0 obtenir la peau saine et radieuse que vous m\u00e9ritez. \"<\/p>","protected":false},"excerpt":{"rendered":"<p>Dites adieu \u00e0 vos probl\u00e8mes de soin de la peau avec notre kit complet de soins de la peau. Ce paquet comprend l'Actinyl Duo #1 \u00c9quilibrage &amp; #2 Soins de r\u00e9paration, et Actinyl #4 Blemish Clear, qui travaillent ensemble pour vous fournir une routine compl\u00e8te de soins de la peau. Ces produits sont sp\u00e9cialement formul\u00e9s pour aider \u00e0 \u00e9quilibrer et r\u00e9parer votre peau tout en traitant les imperfections et les imperfections. Et en prime, vous obtenez \u00e9galement un Milk Hydratant de Douche NB Evolution 200ml gratuit pour aider \u00e0 hydrater et nourrir votre peau. Pr\u00e9parez-vous \u00e0 obtenir une peau saine et radieuse avec notre Kit Complet de Soins de la peau.<\/p>","protected":false},"featured_media":24515,"comment_status":"open","ping_status":"closed","template":"","meta":{"om_disable_all_campaigns":false,"_monsterinsights_skip_tracking":false,"_monsterinsights_sitenote_active":false,"_monsterinsights_sitenote_note":"","_monsterinsights_sitenote_category":0},"product_brand":[186],"product_cat":[168,178,177],"product_tag":[],"mwb_booking_cost":[],"mwb_booking_service":[],"class_list":{"0":"post-24514","1":"product","2":"type-product","3":"status-publish","4":"has-post-thumbnail","6":"product_brand-physiodermie","7":"product_cat-gift-ideas","8":"product_cat-promotions-deals","9":"product_cat-sets-kits","12":"instock","13":"sale","14":"shipping-taxable","15":"purchasable","16":"product-type-simple","17":"product-grid-view"},"aioseo_notices":[],"_links":{"self":[{"href":"https:\/\/posana.com\/fr\/wp-json\/wp\/v2\/product\/24514","targetHints":{"allow":["GET"]}}],"collection":[{"href":"https:\/\/posana.com\/fr\/wp-json\/wp\/v2\/product"}],"about":[{"href":"https:\/\/posana.com\/fr\/wp-json\/wp\/v2\/types\/product"}],"replies":[{"embeddable":true,"href":"https:\/\/posana.com\/fr\/wp-json\/wp\/v2\/comments?post=24514"}],"version-history":[{"count":2,"href":"https:\/\/posana.com\/fr\/wp-json\/wp\/v2\/product\/24514\/revisions"}],"predecessor-version":[{"id":24517,"href":"https:\/\/posana.com\/fr\/wp-json\/wp\/v2\/product\/24514\/revisions\/24517"}],"wp:featuredmedia":[{"embeddable":true,"href":"https:\/\/posana.com\/fr\/wp-json\/wp\/v2\/media\/24515"}],"wp:attachment":[{"href":"https:\/\/posana.com\/fr\/wp-json\/wp\/v2\/media?parent=24514"}],"wp:term":[{"taxonomy":"product_brand","embeddable":true,"href":"https:\/\/posana.com\/fr\/wp-json\/wp\/v2\/product_brand?post=24514"},{"taxonomy":"product_cat","embeddable":true,"href":"https:\/\/posana.com\/fr\/wp-json\/wp\/v2\/product_cat?post=24514"},{"taxonomy":"product_tag","embeddable":true,"href":"https:\/\/posana.com\/fr\/wp-json\/wp\/v2\/product_tag?post=24514"},{"taxonomy":"mwb_booking_cost","embeddable":true,"href":"https:\/\/posana.com\/fr\/wp-json\/wp\/v2\/mwb_booking_cost?post=24514"},{"taxonomy":"mwb_booking_service","embeddable":true,"href":"https:\/\/posana.com\/fr\/wp-json\/wp\/v2\/mwb_booking_service?post=24514"}],"curies":[{"name":"wp","href":"https:\/\/api.w.org\/{rel}","templated":true}]}}