{"id":24508,"date":"2025-01-28T08:46:44","date_gmt":"2025-01-28T08:46:44","guid":{"rendered":"https:\/\/posana.com\/?post_type=product&#038;p=24508"},"modified":"2025-02-09T20:10:22","modified_gmt":"2025-02-09T20:10:22","slug":"radiant-revive-bundle","status":"publish","type":"product","link":"https:\/\/posana.com\/fr\/produit\/radiant-revive-bundle\/","title":{"rendered":"Ensemble Radiant Revive"},"content":{"rendered":"<p><strong>Kit Includes:<\/strong><\/p>\n<ul>\n<li class=\"bullet-arrow\">Cr\u00e8me sublimante \u2013 Fair\/Medium ou Medium\/Dark<\/li>\n<li class=\"bullet-arrow\">Corps Bio-Gommage \u2013 Velvety Satin<\/li>\n<li class=\"bullet-arrow\">Gel de sculpture du corps<\/li>\n<li class=\"bullet-star\"><strong>GRATUIT:<\/strong>\u00a0Recovery Night Mask<\/li>\n<\/ul>\n<p>&nbsp;<\/p>\n<p>&nbsp;<\/p>","protected":false},"excerpt":{"rendered":"<div class=\"product-short-description\">\n<p>Voici l\u2019ensemble Radiant Revive, l\u2019essentiel pour obtenir un teint \u00e9quilibr\u00e9, tonifi\u00e9 et rafra\u00eechi. Am\u00e9liorez votre routine de soins de la peau et d\u00e9couvrez son pouvoir de transformation.<\/p>\n<\/div>\n<div class=\"yith-par-message-variation\">Achetez et recevez\u00a0<strong>+<span class=\"product_point\" data-basepoints=\"39\">39<\/span>\u00a0Points PHY<\/strong>\u00a0valeur de<\/div>","protected":false},"featured_media":24512,"comment_status":"open","ping_status":"closed","template":"","meta":{"om_disable_all_campaigns":false,"_monsterinsights_skip_tracking":false,"_monsterinsights_sitenote_active":false,"_monsterinsights_sitenote_note":"","_monsterinsights_sitenote_category":0},"product_brand":[186],"product_cat":[168,178,177],"product_tag":[170],"mwb_booking_cost":[],"mwb_booking_service":[],"class_list":{"0":"post-24508","1":"product","2":"type-product","3":"status-publish","4":"has-post-thumbnail","6":"product_brand-physiodermie","7":"product_cat-gift-ideas","8":"product_cat-promotions-deals","9":"product_cat-sets-kits","10":"product_tag-physiodermie","13":"instock","14":"sale","15":"shipping-taxable","16":"purchasable","17":"product-type-variable","18":"product-grid-view"},"aioseo_notices":[],"_links":{"self":[{"href":"https:\/\/posana.com\/fr\/wp-json\/wp\/v2\/product\/24508","targetHints":{"allow":["GET"]}}],"collection":[{"href":"https:\/\/posana.com\/fr\/wp-json\/wp\/v2\/product"}],"about":[{"href":"https:\/\/posana.com\/fr\/wp-json\/wp\/v2\/types\/product"}],"replies":[{"embeddable":true,"href":"https:\/\/posana.com\/fr\/wp-json\/wp\/v2\/comments?post=24508"}],"version-history":[{"count":2,"href":"https:\/\/posana.com\/fr\/wp-json\/wp\/v2\/product\/24508\/revisions"}],"predecessor-version":[{"id":24513,"href":"https:\/\/posana.com\/fr\/wp-json\/wp\/v2\/product\/24508\/revisions\/24513"}],"wp:featuredmedia":[{"embeddable":true,"href":"https:\/\/posana.com\/fr\/wp-json\/wp\/v2\/media\/24512"}],"wp:attachment":[{"href":"https:\/\/posana.com\/fr\/wp-json\/wp\/v2\/media?parent=24508"}],"wp:term":[{"taxonomy":"product_brand","embeddable":true,"href":"https:\/\/posana.com\/fr\/wp-json\/wp\/v2\/product_brand?post=24508"},{"taxonomy":"product_cat","embeddable":true,"href":"https:\/\/posana.com\/fr\/wp-json\/wp\/v2\/product_cat?post=24508"},{"taxonomy":"product_tag","embeddable":true,"href":"https:\/\/posana.com\/fr\/wp-json\/wp\/v2\/product_tag?post=24508"},{"taxonomy":"mwb_booking_cost","embeddable":true,"href":"https:\/\/posana.com\/fr\/wp-json\/wp\/v2\/mwb_booking_cost?post=24508"},{"taxonomy":"mwb_booking_service","embeddable":true,"href":"https:\/\/posana.com\/fr\/wp-json\/wp\/v2\/mwb_booking_service?post=24508"}],"curies":[{"name":"wp","href":"https:\/\/api.w.org\/{rel}","templated":true}]}}