{"id":24472,"date":"2025-01-27T15:40:37","date_gmt":"2025-01-27T15:40:37","guid":{"rendered":"https:\/\/posana.com\/?post_type=product&#038;p=24472"},"modified":"2025-03-09T20:57:13","modified_gmt":"2025-03-09T20:57:13","slug":"body-sculpting-gel-150-ml","status":"publish","type":"product","link":"https:\/\/posana.com\/fr\/produit\/body-sculpting-gel-150-ml\/","title":{"rendered":"Body Sculpting Gel [150 ml]"},"content":{"rendered":"<p>Sur peau propre et s\u00e8che, appliquer le Gel Modelant Sculptant sur les zones concern\u00e9es.<\/p>\n<p><strong>Conseil:<\/strong>\u00a0: Utiliser le Bio-Gommage Corps et le Physiobain DS afin de pr\u00e9parer votre peau. Peut s\u2019utiliser en synergie avec le Bioarome CEL Afin de reproduire le palp\u00e9\/roul\u00e9, utiliser la Physiocup Corps lors de l\u2019application.<br \/>\nIn order to reproduce the palp\u00e9\/roul\u00e9, use the Physiocup Corps during the application.<\/p>\n<p><strong>Pr\u00e9caution:<\/strong>\u00a0Ne convient pas aux femmes enceintes ou allaitantes.<\/p>\n<p>&nbsp;<\/p>\n<p>(1) Soin anti-cellulite, (2) Aide \u00e0 r\u00e9duire l\u2019aspect de la cellulite, (3) Raffermit et hydrate la peau, (4) Am\u00e9liore la texture et l\u2019\u00e9lasticit\u00e9 de la peau pour retrouver une silhouette plus ferme<\/p>\n<p>&nbsp;<\/p>\n<p>&nbsp;<\/p>\n<p>Aqua (Water), Glycerin, Propylene glycol, Methylpropanediol, Cetearyl Ethylhexanoate, Butylene glycol, Caffeine, Hedera Helix (Ivy) Leaf\/Steam Extract, Carbomer, Parfum (Fragrance), Acrylates\/C10-30 Alkyl Acrylate Crosspolymer, Fucus Vesiculosus Extract, Sodium Polyacrylate, Lecithin, Centella Asiatica Leaf Extract, Equisetum Arvense Extract, Ruscus Aculeatus Root Extract, Siloxanetriol Alginate, Carnitine, Alcohol, Disodium EDTA, Methylsilanol Mannuronate, Coleus Barbatus Root Extract, Phenoxyethanol, Sodium Benzoate,Triethanolamine, Ethylhexylglycerine, CI 42090 (Blue 1), Potassium phosphate, Sorbic Acid, Limonene, Linalool, Citronellol.<\/p>\n<p>*Nos formules pouvant \u00eatre amen\u00e9es \u00e0 \u00e9voluer, veuillez vous reporter \u00e9galement \u00e0 la liste d\u2019ingr\u00e9dients figurant sur l\u2019emballage du produit et faisant seule foi.<\/p>","protected":false},"excerpt":{"rendered":"<p><strong>Anti-Cellulite care for the body.<\/strong><\/p>\n<p>Moisturizes and tightens skin to reduce the appearance of cellulite and improves body contours. A fresh-feeling upon application and rapid penetration. Highly concentrated with plant extracts and caffeine, effective to improve cellulite aspect for a sculptured silhouette.<\/p>\n<p>[ 150 ml ]<\/p>\n","protected":false},"featured_media":24473,"comment_status":"open","ping_status":"closed","template":"","meta":{"om_disable_all_campaigns":false,"_monsterinsights_skip_tracking":false,"_monsterinsights_sitenote_active":false,"_monsterinsights_sitenote_note":"","_monsterinsights_sitenote_category":0},"product_brand":[186],"product_cat":[136,61],"product_tag":[191],"mwb_booking_cost":[],"mwb_booking_service":[],"class_list":{"0":"post-24472","1":"product","2":"type-product","3":"status-publish","4":"has-post-thumbnail","6":"product_brand-physiodermie","7":"product_cat-body-care","8":"product_cat-skin-care-products","9":"product_tag-cellulite","12":"instock","13":"shipping-taxable","14":"purchasable","15":"product-type-simple","16":"product-grid-view"},"aioseo_notices":[],"_links":{"self":[{"href":"https:\/\/posana.com\/fr\/wp-json\/wp\/v2\/product\/24472","targetHints":{"allow":["GET"]}}],"collection":[{"href":"https:\/\/posana.com\/fr\/wp-json\/wp\/v2\/product"}],"about":[{"href":"https:\/\/posana.com\/fr\/wp-json\/wp\/v2\/types\/product"}],"replies":[{"embeddable":true,"href":"https:\/\/posana.com\/fr\/wp-json\/wp\/v2\/comments?post=24472"}],"version-history":[{"count":1,"href":"https:\/\/posana.com\/fr\/wp-json\/wp\/v2\/product\/24472\/revisions"}],"predecessor-version":[{"id":24474,"href":"https:\/\/posana.com\/fr\/wp-json\/wp\/v2\/product\/24472\/revisions\/24474"}],"wp:featuredmedia":[{"embeddable":true,"href":"https:\/\/posana.com\/fr\/wp-json\/wp\/v2\/media\/24473"}],"wp:attachment":[{"href":"https:\/\/posana.com\/fr\/wp-json\/wp\/v2\/media?parent=24472"}],"wp:term":[{"taxonomy":"product_brand","embeddable":true,"href":"https:\/\/posana.com\/fr\/wp-json\/wp\/v2\/product_brand?post=24472"},{"taxonomy":"product_cat","embeddable":true,"href":"https:\/\/posana.com\/fr\/wp-json\/wp\/v2\/product_cat?post=24472"},{"taxonomy":"product_tag","embeddable":true,"href":"https:\/\/posana.com\/fr\/wp-json\/wp\/v2\/product_tag?post=24472"},{"taxonomy":"mwb_booking_cost","embeddable":true,"href":"https:\/\/posana.com\/fr\/wp-json\/wp\/v2\/mwb_booking_cost?post=24472"},{"taxonomy":"mwb_booking_service","embeddable":true,"href":"https:\/\/posana.com\/fr\/wp-json\/wp\/v2\/mwb_booking_service?post=24472"}],"curies":[{"name":"wp","href":"https:\/\/api.w.org\/{rel}","templated":true}]}}