{"id":24469,"date":"2025-01-27T15:30:13","date_gmt":"2025-01-27T15:30:13","guid":{"rendered":"https:\/\/posana.com\/?post_type=product&#038;p=24469"},"modified":"2025-03-09T20:57:29","modified_gmt":"2025-03-09T20:57:29","slug":"vergetyl-stretch-mark-emulsion","status":"publish","type":"product","link":"https:\/\/posana.com\/fr\/produit\/vergetyl-stretch-mark-emulsion\/","title":{"rendered":"Vergetyl Emulsion Sp\u00e9ciale Vergetures"},"content":{"rendered":"<p>Matin et soir, appliquer Vergetyl sur les zones cibl\u00e9es. Peut \u00e9galement \u00eatre utilis\u00e9 comme hydratant et r\u00e9g\u00e9n\u00e9rateur. Sa dermo-compatibilit\u00e9 optimale permet une utilisation quotidienne r\u00e9p\u00e9t\u00e9e.<\/p>\n<p><strong>Conseil:<\/strong>\u00a0Pour une efficacit\u00e9 optimale, appliquer au pr\u00e9alable une synergie de Bioarome RC (sauf pour les femmes enceintes ou allaitantes) et de Multi-Revitalisant Huile. Id\u00e9al pour une utilisation pendant la grossesse ou un programme de perte de poids.<\/p>\n<p>&nbsp;<\/p>\n<p>(1) R\u00e9\u00e9quilibrer, prot\u00e9ger et revitaliser la peau, (2) Am\u00e9liorer l'\u00e9lasticit\u00e9 de la peau, (3) Aide \u00e0 r\u00e9duire l'apparence des vergetures et \u00e0 pr\u00e9venir leur formation.<\/p>\n<p>&nbsp;<\/p>\n<p>Aqua (Eau), Aspartate de m\u00e9thylsilanol Hydroxyproline, Polyisobut\u00e8ne hydrog\u00e9n\u00e9, Polyacrylamide, Butyl\u00e8ne Glycol, C13-14 Isoparaffine, Stearyl Heptanoate, Polydec\u00e8ne hydrog\u00e9n\u00e9, Laureth 7, Lecithine hydrog\u00e9n\u00e9e, glyc\u00e9rine, Elastine hydrolys\u00e9e, m\u00e9thylsilanol Mannuronate de m\u00e9thylsilanol, Hedera Helix (Ivy) Extrait de feuille\/Stem, Extrait d'Equisetum Arvense, Extrait de Fucus Vesiculosus, Polyquaternium-51, Extrait de levure, Hydrolysat d'amidon hydrog\u00e9n\u00e9, Phosphate de glucose, Lysinate de cuivre, Lysinate de cuivre\/Prolinate de cuivre, Diisopropyldim\u00e8re Dilinol\u00e9ate, Parfum (Fragrance), Ph\u00e9noxy\u00e9thanol, Ph\u00e9noxy\u00e9thanol, Ph\u00e9noxy\u00e9thanol, Ph\u00e9noxy\u00e9thanol, Ph\u00e9noxyl-3-Cyclohex\u00e8ne Carboxald\u00e9hyde, Butylph\u00e9nyle m\u00e9thylpropional, Linalool, Citronellol, Limon\u00e8ne, Hexyl Cinnamal.<\/p>\n<p>*Nos formules pouvant \u00eatre amen\u00e9es \u00e0 \u00e9voluer, veuillez vous reporter \u00e9galement \u00e0 la liste d\u2019ingr\u00e9dients figurant sur l\u2019emballage du produit et faisant seule foi.<\/p>","protected":false},"excerpt":{"rendered":"<p><strong>Skin with recent stretch marks.<\/strong><\/p>\n<p>Improves skin elasticity for stretch marks prevention and repair. Rich in restructuring and revitalizing micro-encapsulated plant extracts, this cream helps to restore skin elasticity therefor preventing and fading-away the appearance of stretch marks, Suitable for use during pregnancy or a weight-loss program.<\/p>\n<p>[ 100 ml ]<\/p>\n","protected":false},"featured_media":24470,"comment_status":"open","ping_status":"closed","template":"","meta":{"om_disable_all_campaigns":false,"_monsterinsights_skip_tracking":false,"_monsterinsights_sitenote_active":false,"_monsterinsights_sitenote_note":"","_monsterinsights_sitenote_category":0},"product_brand":[186],"product_cat":[136,61],"product_tag":[170],"mwb_booking_cost":[],"mwb_booking_service":[],"class_list":{"0":"post-24469","1":"product","2":"type-product","3":"status-publish","4":"has-post-thumbnail","6":"product_brand-physiodermie","7":"product_cat-body-care","8":"product_cat-skin-care-products","9":"product_tag-physiodermie","12":"instock","13":"shipping-taxable","14":"purchasable","15":"product-type-simple","16":"product-grid-view"},"aioseo_notices":[],"_links":{"self":[{"href":"https:\/\/posana.com\/fr\/wp-json\/wp\/v2\/product\/24469","targetHints":{"allow":["GET"]}}],"collection":[{"href":"https:\/\/posana.com\/fr\/wp-json\/wp\/v2\/product"}],"about":[{"href":"https:\/\/posana.com\/fr\/wp-json\/wp\/v2\/types\/product"}],"replies":[{"embeddable":true,"href":"https:\/\/posana.com\/fr\/wp-json\/wp\/v2\/comments?post=24469"}],"version-history":[{"count":1,"href":"https:\/\/posana.com\/fr\/wp-json\/wp\/v2\/product\/24469\/revisions"}],"predecessor-version":[{"id":24471,"href":"https:\/\/posana.com\/fr\/wp-json\/wp\/v2\/product\/24469\/revisions\/24471"}],"wp:featuredmedia":[{"embeddable":true,"href":"https:\/\/posana.com\/fr\/wp-json\/wp\/v2\/media\/24470"}],"wp:attachment":[{"href":"https:\/\/posana.com\/fr\/wp-json\/wp\/v2\/media?parent=24469"}],"wp:term":[{"taxonomy":"product_brand","embeddable":true,"href":"https:\/\/posana.com\/fr\/wp-json\/wp\/v2\/product_brand?post=24469"},{"taxonomy":"product_cat","embeddable":true,"href":"https:\/\/posana.com\/fr\/wp-json\/wp\/v2\/product_cat?post=24469"},{"taxonomy":"product_tag","embeddable":true,"href":"https:\/\/posana.com\/fr\/wp-json\/wp\/v2\/product_tag?post=24469"},{"taxonomy":"mwb_booking_cost","embeddable":true,"href":"https:\/\/posana.com\/fr\/wp-json\/wp\/v2\/mwb_booking_cost?post=24469"},{"taxonomy":"mwb_booking_service","embeddable":true,"href":"https:\/\/posana.com\/fr\/wp-json\/wp\/v2\/mwb_booking_service?post=24469"}],"curies":[{"name":"wp","href":"https:\/\/api.w.org\/{rel}","templated":true}]}}