{"id":24464,"date":"2025-01-27T14:07:16","date_gmt":"2025-01-27T14:07:16","guid":{"rendered":"https:\/\/posana.com\/?post_type=product&#038;p=24464"},"modified":"2025-02-09T19:53:21","modified_gmt":"2025-02-09T19:53:21","slug":"bioarome-cel-sculpting","status":"publish","type":"product","link":"https:\/\/posana.com\/fr\/produit\/bioarome-cel-sculpting\/","title":{"rendered":"Bioarome CEL Sculptant"},"content":{"rendered":"<p><strong>Corps:<\/strong>\u00a0Appliquer 20 gouttes de la Sculpting Bioarome directement sur la zone g\u00eanante et suivre avec les produits du corps Methode Physiodermie.\u00a0<strong>For optimum results:<\/strong>\u00a0Apply 20 drops of the Sculpting Bioarome right before the Body Sculpting Gel. Use the Bio-Gommage twice a week for optimizing the penetration of the Sculpting Bioarome. Use the Modelling Bath Oil in a regular size bath 1 to 3 times each week.<\/p>\n<p>&nbsp;<\/p>\n<p>(1) Aide \u00e0 activer la combustion des tissus adipeux et \u00e0 pr\u00e9venir leur stockage, (2) Diminue l'aspect du micro-nodule (cellulite visible ou peau orange), (3) Augmente la tonicit\u00e9 et l'\u00e9lasticit\u00e9 de la peau, (4) Restaurer une silhouette harmonieuse, (5) Anti-oxydant, radicaux anti-libres.<\/p>\n<p>&nbsp;<\/p>\n<p>&nbsp;<\/p>","protected":false},"excerpt":{"rendered":"<p>A concentrated serum that breaks up and eliminates excess fatty deposits (compact cellulite). Its high concentration of slimming ingredients makes it a powerful body sculptor. Fights excess accumulation of fat and cellulite (orange peel).<\/p>\n<p>[ 50 ml ]<\/p>\n","protected":false},"featured_media":24465,"comment_status":"open","ping_status":"closed","template":"","meta":{"om_disable_all_campaigns":false,"_monsterinsights_skip_tracking":false,"_monsterinsights_sitenote_active":false,"_monsterinsights_sitenote_note":"","_monsterinsights_sitenote_category":0},"product_brand":[186],"product_cat":[136,61],"product_tag":[170],"mwb_booking_cost":[],"mwb_booking_service":[],"class_list":{"0":"post-24464","1":"product","2":"type-product","3":"status-publish","4":"has-post-thumbnail","6":"product_brand-physiodermie","7":"product_cat-body-care","8":"product_cat-skin-care-products","9":"product_tag-physiodermie","12":"instock","13":"shipping-taxable","14":"purchasable","15":"product-type-simple","16":"product-grid-view"},"aioseo_notices":[],"_links":{"self":[{"href":"https:\/\/posana.com\/fr\/wp-json\/wp\/v2\/product\/24464","targetHints":{"allow":["GET"]}}],"collection":[{"href":"https:\/\/posana.com\/fr\/wp-json\/wp\/v2\/product"}],"about":[{"href":"https:\/\/posana.com\/fr\/wp-json\/wp\/v2\/types\/product"}],"replies":[{"embeddable":true,"href":"https:\/\/posana.com\/fr\/wp-json\/wp\/v2\/comments?post=24464"}],"version-history":[{"count":1,"href":"https:\/\/posana.com\/fr\/wp-json\/wp\/v2\/product\/24464\/revisions"}],"predecessor-version":[{"id":24466,"href":"https:\/\/posana.com\/fr\/wp-json\/wp\/v2\/product\/24464\/revisions\/24466"}],"wp:featuredmedia":[{"embeddable":true,"href":"https:\/\/posana.com\/fr\/wp-json\/wp\/v2\/media\/24465"}],"wp:attachment":[{"href":"https:\/\/posana.com\/fr\/wp-json\/wp\/v2\/media?parent=24464"}],"wp:term":[{"taxonomy":"product_brand","embeddable":true,"href":"https:\/\/posana.com\/fr\/wp-json\/wp\/v2\/product_brand?post=24464"},{"taxonomy":"product_cat","embeddable":true,"href":"https:\/\/posana.com\/fr\/wp-json\/wp\/v2\/product_cat?post=24464"},{"taxonomy":"product_tag","embeddable":true,"href":"https:\/\/posana.com\/fr\/wp-json\/wp\/v2\/product_tag?post=24464"},{"taxonomy":"mwb_booking_cost","embeddable":true,"href":"https:\/\/posana.com\/fr\/wp-json\/wp\/v2\/mwb_booking_cost?post=24464"},{"taxonomy":"mwb_booking_service","embeddable":true,"href":"https:\/\/posana.com\/fr\/wp-json\/wp\/v2\/mwb_booking_service?post=24464"}],"curies":[{"name":"wp","href":"https:\/\/api.w.org\/{rel}","templated":true}]}}