{"id":24461,"date":"2025-01-27T13:59:03","date_gmt":"2025-01-27T13:59:03","guid":{"rendered":"https:\/\/posana.com\/?post_type=product&#038;p=24461"},"modified":"2025-02-11T18:06:46","modified_gmt":"2025-02-11T18:06:46","slug":"body-milk","status":"publish","type":"product","link":"https:\/\/posana.com\/fr\/produit\/body-milk\/","title":{"rendered":"Lait corporel"},"content":{"rendered":"<p>Apr\u00e8s la douche ou le bain, appliquer sur tout le corps en insistant sur les zones les plus s\u00e8ches comme les genoux, les coudes, les mains\u2026 P\u00e9n\u00e9trez rapidement.<\/p>\n<p>&nbsp;<\/p>\n<p>(1) Hydrate et revitalise, (2) L\u00e9ger mais intens\u00e9ment hydratant, (3) Am\u00e9liore la tonicit\u00e9 des tissus et la vitalit\u00e9 de la peau, (4) Son utilisation r\u00e9guli\u00e8re emp\u00eache la peau de vieillissement.<\/p>\n<p>&nbsp;<\/p>\n<p>Aqua (eau), st\u00e9arate de PEG-6, propyl\u00e8ne glycol, triglyc\u00e9ride caprylique\/caprique, laurate d'isod\u00e9cyle, acide st\u00e9arique, c\u00e9teth-20, acide palmitique, parfum (parfum), ph\u00e9noxy\u00e9thanol, glyc\u00e9rine, butyl\u00e8ne glycol, st\u00e9areth-20, beurre de butyrospermum parkii (karit\u00e9), acide linol\u00e9ique, 1,2-hexanediol, st\u00e9areth-100, ac\u00e9tate de tocoph\u00e9ryle, hydrolysat de saccharide, ur\u00e9e, \u00e9thylhexylglyc\u00e9rine, alanine, glycine, aspartate de magn\u00e9sium, oligosaccharide alpha-glucane, acide caprylhydroxamique, hydrolysat d'amidon hydrog\u00e9n\u00e9, alcool benzylique, CI 42090 (bleu 1), cr\u00e9atine, EDTA disodique, gallate de propyle, polyquaternium-51, acide citrique, acide linol\u00e9nique, Phosphate de m\u00e9thylglucoside, acide d\u00e9hydroac\u00e9tique, lysinate\/prolinate de cuivre, CI 15985 (jaune 6), CI 19140 (jaune 5), phosphate de sodium, Extrait de levure, hexyl cinnamal, hydroxycitronellal, benzyle salicylate, g\u00e9raniol, linalool, butylph\u00e9nyle m\u00e9thylpropional, eug\u00e9nol, hydroxyisohexyl 3-cyclohexyl carboxald\u00e9hyde, alpha-isom\u00e9thyl ionone, evernia prunari (mo\u00fbt de ch\u00eane) extrait, benzyle benzoate, citronellol.<\/p>\n<p>*Nos formules pouvant \u00eatre amen\u00e9es \u00e0 \u00e9voluer, veuillez vous reporter \u00e9galement \u00e0 la liste d\u2019ingr\u00e9dients figurant sur l\u2019emballage du produit et faisant seule foi.<\/p>","protected":false},"excerpt":{"rendered":"<p><strong>Moisturizer for all skin types.<\/strong><\/p>\n<p>Hydrates, tones, and revitalizes skin, leaving it smooth, fresh, and velvety-soft. Ideal after bath or shower for a fresh start.<\/p>\n<p>[ 200 ml ]<\/p>\n","protected":false},"featured_media":24462,"comment_status":"open","ping_status":"closed","template":"","meta":{"om_disable_all_campaigns":false,"_monsterinsights_skip_tracking":false,"_monsterinsights_sitenote_active":false,"_monsterinsights_sitenote_note":"","_monsterinsights_sitenote_category":0},"product_brand":[186],"product_cat":[136,61],"product_tag":[],"mwb_booking_cost":[],"mwb_booking_service":[],"class_list":{"0":"post-24461","1":"product","2":"type-product","3":"status-publish","4":"has-post-thumbnail","6":"product_brand-physiodermie","7":"product_cat-body-care","8":"product_cat-skin-care-products","11":"instock","12":"shipping-taxable","13":"purchasable","14":"product-type-simple","15":"product-grid-view"},"aioseo_notices":[],"_links":{"self":[{"href":"https:\/\/posana.com\/fr\/wp-json\/wp\/v2\/product\/24461","targetHints":{"allow":["GET"]}}],"collection":[{"href":"https:\/\/posana.com\/fr\/wp-json\/wp\/v2\/product"}],"about":[{"href":"https:\/\/posana.com\/fr\/wp-json\/wp\/v2\/types\/product"}],"replies":[{"embeddable":true,"href":"https:\/\/posana.com\/fr\/wp-json\/wp\/v2\/comments?post=24461"}],"version-history":[{"count":1,"href":"https:\/\/posana.com\/fr\/wp-json\/wp\/v2\/product\/24461\/revisions"}],"predecessor-version":[{"id":24463,"href":"https:\/\/posana.com\/fr\/wp-json\/wp\/v2\/product\/24461\/revisions\/24463"}],"wp:featuredmedia":[{"embeddable":true,"href":"https:\/\/posana.com\/fr\/wp-json\/wp\/v2\/media\/24462"}],"wp:attachment":[{"href":"https:\/\/posana.com\/fr\/wp-json\/wp\/v2\/media?parent=24461"}],"wp:term":[{"taxonomy":"product_brand","embeddable":true,"href":"https:\/\/posana.com\/fr\/wp-json\/wp\/v2\/product_brand?post=24461"},{"taxonomy":"product_cat","embeddable":true,"href":"https:\/\/posana.com\/fr\/wp-json\/wp\/v2\/product_cat?post=24461"},{"taxonomy":"product_tag","embeddable":true,"href":"https:\/\/posana.com\/fr\/wp-json\/wp\/v2\/product_tag?post=24461"},{"taxonomy":"mwb_booking_cost","embeddable":true,"href":"https:\/\/posana.com\/fr\/wp-json\/wp\/v2\/mwb_booking_cost?post=24461"},{"taxonomy":"mwb_booking_service","embeddable":true,"href":"https:\/\/posana.com\/fr\/wp-json\/wp\/v2\/mwb_booking_service?post=24461"}],"curies":[{"name":"wp","href":"https:\/\/api.w.org\/{rel}","templated":true}]}}