{"id":24457,"date":"2025-01-24T13:50:30","date_gmt":"2025-01-24T13:50:30","guid":{"rendered":"https:\/\/posana.com\/?post_type=product&#038;p=24457"},"modified":"2025-03-09T21:01:13","modified_gmt":"2025-03-09T21:01:13","slug":"bannipil-post-dipilatory-lotion","status":"publish","type":"product","link":"https:\/\/posana.com\/fr\/produit\/bannipil-post-dipilatory-lotion\/","title":{"rendered":"Bannipil Lotion Post-\u00c9pilatoire"},"content":{"rendered":"<p><strong>Applications<\/strong>:<\/p>\n<p>Vaporisez sur les parties \u00e9pil\u00e9es. Laissez p\u00e9n\u00e9trer. Appliquez une fois par jour pendant au moins 6 jours apr\u00e8s l\u2019\u00e9pilation ou le rasage. En cas d\u2019\u00e9pilation \u00e0 la cire, peut \u00eatre appliqu\u00e9 quotidiennement jusqu\u2019\u00e0 la repousse du poil.<\/p>\n<p><strong>Pr\u00e9caution:<\/strong>\u00a0grossesse et allaitement. Ne pas s\u2019exposer au soleil immediatement apr\u00e8s l\u2019application.<\/p>\n<p><strong>Avantages :<\/strong><\/p>\n<p>(1) Emp\u00eache l\u2019apparition de poils incarn\u00e9s, (2) Ralentit la croissance des poils et les assouplit, (3) Laisse la peau douce et souple.<\/p>\n<p>&nbsp;<\/p>\n<p><strong>Ingr\u00e9dients (INCI)<\/strong><\/p>\n<p>Aqua (Water), Polysorbate 20, Propylene Glycol, Lippia Citriodora Flower\/Leaf\/Stem Oil, Lavandula Angustifolia (Lavender) Oil, Citrus Medica Limonum (Lemon) Peel Oil, Chamomilla Recutita (Matricaria) Flower Extract, Hamamelis Virginiana (Witch Hazel) Leaf Extract, Arnica Montana Flower Extract, Betula Alba Bark\/Leaf Extract, Equisetum Arvense Extract, Propyl Gallate, Citric Acid, Phenoxyethanol, Ethylhexylglycerin, Potassium Sorbate, Sodium Benzoate, Citral, Linalool, Limonene, Geraniol.<\/p>\n<p>*Nos formules pouvant \u00eatre amen\u00e9es \u00e0 \u00e9voluer, veuillez vous reporter \u00e9galement \u00e0 la liste d\u2019ingr\u00e9dients figurant sur l\u2019emballage du produit et faisant seule foi.<\/p>","protected":false},"excerpt":{"rendered":"<p><strong>Post \u2013 Depilatory Spray.<\/strong><\/p>\n<p>Bannipil is a specially selected formula that slows the hair\u2019s regrowth process underneath the skin. Normalizes the circulatory activity. Prevents ingrown hair and inhibits the papilla. Weakens the hair bulb, making hair removal easier.<\/p>\n<p>[ 15 ml ]<\/p>\n","protected":false},"featured_media":24458,"comment_status":"open","ping_status":"closed","template":"","meta":{"om_disable_all_campaigns":false,"_monsterinsights_skip_tracking":false,"_monsterinsights_sitenote_active":false,"_monsterinsights_sitenote_note":"","_monsterinsights_sitenote_category":0},"product_brand":[186],"product_cat":[136,61,135],"product_tag":[205],"mwb_booking_cost":[],"mwb_booking_service":[],"class_list":{"0":"post-24457","1":"product","2":"type-product","3":"status-publish","4":"has-post-thumbnail","6":"product_brand-physiodermie","7":"product_cat-body-care","8":"product_cat-skin-care-products","9":"product_cat-specific-treatments","10":"product_tag-waxing","13":"instock","14":"shipping-taxable","15":"purchasable","16":"product-type-simple","17":"product-grid-view"},"aioseo_notices":[],"_links":{"self":[{"href":"https:\/\/posana.com\/fr\/wp-json\/wp\/v2\/product\/24457","targetHints":{"allow":["GET"]}}],"collection":[{"href":"https:\/\/posana.com\/fr\/wp-json\/wp\/v2\/product"}],"about":[{"href":"https:\/\/posana.com\/fr\/wp-json\/wp\/v2\/types\/product"}],"replies":[{"embeddable":true,"href":"https:\/\/posana.com\/fr\/wp-json\/wp\/v2\/comments?post=24457"}],"version-history":[{"count":1,"href":"https:\/\/posana.com\/fr\/wp-json\/wp\/v2\/product\/24457\/revisions"}],"predecessor-version":[{"id":24459,"href":"https:\/\/posana.com\/fr\/wp-json\/wp\/v2\/product\/24457\/revisions\/24459"}],"wp:featuredmedia":[{"embeddable":true,"href":"https:\/\/posana.com\/fr\/wp-json\/wp\/v2\/media\/24458"}],"wp:attachment":[{"href":"https:\/\/posana.com\/fr\/wp-json\/wp\/v2\/media?parent=24457"}],"wp:term":[{"taxonomy":"product_brand","embeddable":true,"href":"https:\/\/posana.com\/fr\/wp-json\/wp\/v2\/product_brand?post=24457"},{"taxonomy":"product_cat","embeddable":true,"href":"https:\/\/posana.com\/fr\/wp-json\/wp\/v2\/product_cat?post=24457"},{"taxonomy":"product_tag","embeddable":true,"href":"https:\/\/posana.com\/fr\/wp-json\/wp\/v2\/product_tag?post=24457"},{"taxonomy":"mwb_booking_cost","embeddable":true,"href":"https:\/\/posana.com\/fr\/wp-json\/wp\/v2\/mwb_booking_cost?post=24457"},{"taxonomy":"mwb_booking_service","embeddable":true,"href":"https:\/\/posana.com\/fr\/wp-json\/wp\/v2\/mwb_booking_service?post=24457"}],"curies":[{"name":"wp","href":"https:\/\/api.w.org\/{rel}","templated":true}]}}