{"id":24423,"date":"2025-01-22T19:34:51","date_gmt":"2025-01-22T19:34:51","guid":{"rendered":"https:\/\/posana.com\/?post_type=product&#038;p=24423"},"modified":"2025-02-09T19:53:21","modified_gmt":"2025-02-09T19:53:21","slug":"essential-concentrate-hydro-tonifying","status":"publish","type":"product","link":"https:\/\/posana.com\/fr\/produit\/essential-concentrate-hydro-tonifying\/","title":{"rendered":"Concentr\u00e9 Essentiel Hydro-Tonifiant"},"content":{"rendered":"<p><strong>Application:<\/strong><\/p>\n<p>Matin et soir, sur une peau propre et s\u00e8che, appliquer directement sur l\u2019ensemble du visage et du cou tout en fermant les yeux.<\/p>\n<p><strong>Conseil:<\/strong>\u00a0Proc\u00e9der avec nettoyage et d\u00e9maquillage avec des nettoyants Physiodermie et des d\u00e9maquillants.<\/p>\n<p><strong>Soins sp\u00e9cifiques:\u00a0<\/strong>choisissez l\u2019\u00e9mulsion correspondant \u00e0 votre peau et n\u2019h\u00e9sitez pas \u00e0 ajouter un autre Bioarome ou Booster pour traiter un besoin cibl\u00e9.<\/p>\n<p><strong>Avantages :<\/strong><\/p>\n<p>(1) Hydrate et raffermit l'\u00e9piderme pour r\u00e9duire les lignes fines, (2) R\u00e9construit la texture naturelle de la peau, (3) La peau est visiblement repulp\u00e9e et radieuse, (4) Am\u00e9liore l'\u00e9clat du teint<\/p>\n<p><strong>Ingr\u00e9dients:<\/strong><\/p>\n<p>Aqua (Eau), m\u00e9thylpropanediol, propyl\u00e8ne glycol, glycosaminoglycanes hydrolys\u00e9s, polysorbate-20, hydrolysat de sodium, polyquaternium-51, extrait de levure, m\u00e9thylglucoside phosphate, lysinate de cuivre, oligosaccharide alpha-glucane, glyc\u00e9rine, hydrolysat d'amidon hydrog\u00e9n\u00e9, phosphate de sodium, ph\u00e9noxy\u00e9thanol, \u00e9thylhexylglyc\u00e9rine, butyl\u00e8ne glycol, 1,2-hexanediol, acide caprylhydroxamical, Parfum (parfum), salicylate de benzyle, hydroxyisohexyl 3-cyclohexyl carboxald\u00e9hyde, linalool, limon\u00e8ne, hexyl cinnamal, alpha-isom\u00e9thyl ionone, coussin, hydroxycitronellal, citronellol.<\/p>\n<p>*Nos formules pouvant \u00eatre amen\u00e9es \u00e0 \u00e9voluer, veuillez vous reporter \u00e9galement \u00e0 la liste d\u2019ingr\u00e9dients figurant sur l\u2019emballage du produit et faisant seule foi.<\/p>","protected":false},"excerpt":{"rendered":"<p><strong>For dry, dehydrated and devitalized skin. Moisturizing, plumping, tonifying.<\/strong><\/p>\n<p>Rich in hydrating and tonifying complexes such as hyaluronic acid and glycosaminoglycans, Essential Concentrate Hydro-Tonifying is a booster mist with intense moisturizing, plumping and tonifying effect. Formulated to restore and protect the skin\u2019s moisture barrier. The skin regains flexibility, tonicity and firmness. The complexion is radiant.<\/p>\n<p>[ 50 ml ]<\/p>\n","protected":false},"featured_media":24424,"comment_status":"open","ping_status":"closed","template":"","meta":{"om_disable_all_campaigns":false,"_monsterinsights_skip_tracking":false,"_monsterinsights_sitenote_active":false,"_monsterinsights_sitenote_note":"","_monsterinsights_sitenote_category":0},"product_brand":[186],"product_cat":[130,61],"product_tag":[188,187,170],"mwb_booking_cost":[],"mwb_booking_service":[],"class_list":{"0":"post-24423","1":"product","2":"type-product","3":"status-publish","4":"has-post-thumbnail","6":"product_brand-physiodermie","7":"product_cat-booster","8":"product_cat-skin-care-products","9":"product_tag-acid","10":"product_tag-hyaluronic","11":"product_tag-physiodermie","14":"instock","15":"shipping-taxable","16":"purchasable","17":"product-type-simple","18":"product-grid-view"},"aioseo_notices":[],"_links":{"self":[{"href":"https:\/\/posana.com\/fr\/wp-json\/wp\/v2\/product\/24423","targetHints":{"allow":["GET"]}}],"collection":[{"href":"https:\/\/posana.com\/fr\/wp-json\/wp\/v2\/product"}],"about":[{"href":"https:\/\/posana.com\/fr\/wp-json\/wp\/v2\/types\/product"}],"replies":[{"embeddable":true,"href":"https:\/\/posana.com\/fr\/wp-json\/wp\/v2\/comments?post=24423"}],"version-history":[{"count":3,"href":"https:\/\/posana.com\/fr\/wp-json\/wp\/v2\/product\/24423\/revisions"}],"predecessor-version":[{"id":24427,"href":"https:\/\/posana.com\/fr\/wp-json\/wp\/v2\/product\/24423\/revisions\/24427"}],"wp:featuredmedia":[{"embeddable":true,"href":"https:\/\/posana.com\/fr\/wp-json\/wp\/v2\/media\/24424"}],"wp:attachment":[{"href":"https:\/\/posana.com\/fr\/wp-json\/wp\/v2\/media?parent=24423"}],"wp:term":[{"taxonomy":"product_brand","embeddable":true,"href":"https:\/\/posana.com\/fr\/wp-json\/wp\/v2\/product_brand?post=24423"},{"taxonomy":"product_cat","embeddable":true,"href":"https:\/\/posana.com\/fr\/wp-json\/wp\/v2\/product_cat?post=24423"},{"taxonomy":"product_tag","embeddable":true,"href":"https:\/\/posana.com\/fr\/wp-json\/wp\/v2\/product_tag?post=24423"},{"taxonomy":"mwb_booking_cost","embeddable":true,"href":"https:\/\/posana.com\/fr\/wp-json\/wp\/v2\/mwb_booking_cost?post=24423"},{"taxonomy":"mwb_booking_service","embeddable":true,"href":"https:\/\/posana.com\/fr\/wp-json\/wp\/v2\/mwb_booking_service?post=24423"}],"curies":[{"name":"wp","href":"https:\/\/api.w.org\/{rel}","templated":true}]}}