{"id":24350,"date":"2025-01-20T14:35:21","date_gmt":"2025-01-20T14:35:21","guid":{"rendered":"https:\/\/posana.com\/?post_type=product&#038;p=24350"},"modified":"2025-03-09T21:01:25","modified_gmt":"2025-03-09T21:01:25","slug":"bust-firming-gel","status":"publish","type":"product","link":"https:\/\/posana.com\/fr\/produit\/bust-firming-gel\/","title":{"rendered":"Gel Fermete du Buste"},"content":{"rendered":"<p><strong>Applications<\/strong>:<\/p>\n<p>Une \u00e0 deux fois par jour, sur peau propre et s\u00e8che, appliquer sur le buste et le d\u00e9collet\u00e9. Massage en mouvement circulaire sur une figure de 8 (suivre le contour de la poitrine) et se d\u00e9placer vers le haut vers le cou jusqu'\u00e0 p\u00e9n\u00e9tration compl\u00e8te. La structure de gel frais et non collant permet une application pratique et une p\u00e9n\u00e9tration rapide.<\/p>\n<p><strong>Conseil:<\/strong>\u00a0Pour un r\u00e9sultat optimal, il est conseill\u00e9 d'utiliser le Gel Firming Bust en synergie avec le Bioarome TM.<\/p>\n<p><strong>Avantages :<\/strong><\/p>\n<p>(1) Rend la peau lisse et ferme avec une meilleure \u00e9lasticit\u00e9, (2) Effet lissant imm\u00e9diat, (3) Aide \u00e0 restaurer le tonus et la fermet\u00e9 du buste et \u00e0 r\u00e9g\u00e9n\u00e9rer le buste, (4) Utilis\u00e9 comme mesure pr\u00e9ventive pendant la grossesse, il aide \u00e0 am\u00e9liorer l'\u00e9lasticit\u00e9 tissulaire pour pr\u00e9venir l'affaissement.<\/p>\n<p>&nbsp;<\/p>\n<p><strong>Ingr\u00e9dients (INCI)<\/strong><\/p>\n<p>Aqua (eau), glyc\u00e9rine, cyclopentasiloxane, triglyc\u00e9ride caprylique\/caprique\/succinique, propyl\u00e8ne glycol, cyclohexasiloxane, butyl\u00e8ne glycol, panth\u00e9nol, l\u00e9cithine, acrylates\/polym\u00e8re crois\u00e9 d'acrylate d'alkyle en C10-30, extrait de feuille d'hamam\u00e9lis de Virginie (hamam\u00e9lis), extrait de racine d'\u00e9chinac\u00e9e pourpre, extrait d'\u00e9quisetum arvense, extrait de feuille de centella asiatica, extrait de racine de ginseng panax, extrait de feuille de ginkgo biloba, ferment de prot\u00e9ines de Rahnella\/soja, extrait de m\u00e9lilot officinal, hexapeptide-12 de palmitoyl, tripeptide-1 de palmitoyl, nylon-12, copolym\u00e8re d'acrylate de glyc\u00e9ryle\/acide acrylique, st\u00e9arate de propyl\u00e8ne glycol, polysorbate 20, laurate de sorbitan, laurate de propyl\u00e8ne glycol, EDTA disodique, tri\u00e9thanolamine, Ph\u00e9noxy\u00e9thanol, \u00e9thylhexylglyc\u00e9rine, TEA-Lactate, acide lactique, Lactate de sodium, Sorbitol, Allanto\u00efne, Serine, Ur\u00e9e, Benzoate de sodium, Sorbate de potassium, Parfum (parfum), Alpha-Isom\u00e9thylion ionone, Hydroxyisohexyl 3-Cyclohexyl Carboxald\u00e9hyde, Butylph\u00e9nyle m\u00e9thylpropional, Citronellol, Hexyl Cinnamal.<\/p>\n<p>*Nos formules pouvant \u00eatre amen\u00e9es \u00e0 \u00e9voluer, veuillez vous reporter \u00e9galement \u00e0 la liste d\u2019ingr\u00e9dients figurant sur l\u2019emballage du produit et faisant seule foi.<\/p>","protected":false},"excerpt":{"rendered":"<p><strong>For all skin types<\/strong><\/p>\n<p>Moisturizing and firming gel for delicate skin of bust and neckline. Its melting fresh gel texture instantly smooths the epidermis. Contains firming, revitalizing plant extracts, and a patented tensor complex specific for bust skin and neckline.<\/p>\n<p>[ 50 ml ]<\/p>\n","protected":false},"featured_media":24352,"comment_status":"open","ping_status":"closed","template":"","meta":{"om_disable_all_campaigns":false,"_monsterinsights_skip_tracking":false,"_monsterinsights_sitenote_active":false,"_monsterinsights_sitenote_note":"","_monsterinsights_sitenote_category":0},"product_brand":[186],"product_cat":[136,61,135],"product_tag":[170],"mwb_booking_cost":[],"mwb_booking_service":[],"class_list":{"0":"post-24350","1":"product","2":"type-product","3":"status-publish","4":"has-post-thumbnail","6":"product_brand-physiodermie","7":"product_cat-body-care","8":"product_cat-skin-care-products","9":"product_cat-specific-treatments","10":"product_tag-physiodermie","13":"instock","14":"shipping-taxable","15":"purchasable","16":"product-type-simple","17":"product-grid-view"},"aioseo_notices":[],"_links":{"self":[{"href":"https:\/\/posana.com\/fr\/wp-json\/wp\/v2\/product\/24350","targetHints":{"allow":["GET"]}}],"collection":[{"href":"https:\/\/posana.com\/fr\/wp-json\/wp\/v2\/product"}],"about":[{"href":"https:\/\/posana.com\/fr\/wp-json\/wp\/v2\/types\/product"}],"replies":[{"embeddable":true,"href":"https:\/\/posana.com\/fr\/wp-json\/wp\/v2\/comments?post=24350"}],"version-history":[{"count":1,"href":"https:\/\/posana.com\/fr\/wp-json\/wp\/v2\/product\/24350\/revisions"}],"predecessor-version":[{"id":24353,"href":"https:\/\/posana.com\/fr\/wp-json\/wp\/v2\/product\/24350\/revisions\/24353"}],"wp:featuredmedia":[{"embeddable":true,"href":"https:\/\/posana.com\/fr\/wp-json\/wp\/v2\/media\/24352"}],"wp:attachment":[{"href":"https:\/\/posana.com\/fr\/wp-json\/wp\/v2\/media?parent=24350"}],"wp:term":[{"taxonomy":"product_brand","embeddable":true,"href":"https:\/\/posana.com\/fr\/wp-json\/wp\/v2\/product_brand?post=24350"},{"taxonomy":"product_cat","embeddable":true,"href":"https:\/\/posana.com\/fr\/wp-json\/wp\/v2\/product_cat?post=24350"},{"taxonomy":"product_tag","embeddable":true,"href":"https:\/\/posana.com\/fr\/wp-json\/wp\/v2\/product_tag?post=24350"},{"taxonomy":"mwb_booking_cost","embeddable":true,"href":"https:\/\/posana.com\/fr\/wp-json\/wp\/v2\/mwb_booking_cost?post=24350"},{"taxonomy":"mwb_booking_service","embeddable":true,"href":"https:\/\/posana.com\/fr\/wp-json\/wp\/v2\/mwb_booking_service?post=24350"}],"curies":[{"name":"wp","href":"https:\/\/api.w.org\/{rel}","templated":true}]}}