{"id":24348,"date":"2025-01-20T14:33:01","date_gmt":"2025-01-20T14:33:01","guid":{"rendered":"https:\/\/posana.com\/?post_type=product&#038;p=24348"},"modified":"2025-03-09T21:01:55","modified_gmt":"2025-03-09T21:01:55","slug":"revita-oil-organic","status":"publish","type":"product","link":"https:\/\/posana.com\/fr\/produit\/revita-oil-organic\/","title":{"rendered":"Revit(A) Oil Bio"},"content":{"rendered":"<p><strong>Applications<\/strong>:<\/p>\n<p>1 soin, 2 applications :<\/p>\n<p><strong>Seul :<\/strong>\u00a0appliquer l\u2019huile Revit(A) sur tout le visage et le cou tout en massant avec des mouvements circulaires doux.<\/p>\n<p><strong>M\u00e9lange et match:\u00a0<\/strong>ajouter 2 \u00e0 3 gouttes de Revit(A) huile \u00e0 votre cr\u00e8me avant de l\u2019appliquer.<\/p>\n<p><strong>Avantages :<\/strong><\/p>\n<p>1) Restaure le film hydrolipidique de la peau et favorise le renouvellement cellulaire, (2) Am\u00e9liore l\u2019\u00e9lasticit\u00e9 cutan\u00e9e et apporte un effet tenseur imm\u00e9diat, (3) Lisse les rides et estompe visiblement les signes de l\u2019\u00e2ge gr\u00e2ce \u00e0 l\u2019action du r\u00e9tinol<\/p>\n<p>&nbsp;<\/p>\n<p><strong>Ingr\u00e9dients (INCI)<\/strong><\/p>\n<p>Huile de Graine de Rosa Moschata* (agent de conditionnement de la peau), Huile de Graveolens de Salvia Hispanica* (agent de conditionnement de la peau), Huile de Fleur de Cananga Odorata* (agent de masquage), Huile de Graveolens de Pelargonium* (agent de masquage), Citronellol\u00b9, G\u00e9raniol\u00b9, Linalool\u00b9, Benzyle Benzoate\u00b9, Benzyl Salicylate\u00b9, Farnesol\u00b9, Citral\u00b9, Eugenol\u00b9, Isoeugenolo<\/p>\n<p>\u00b9 from natural essential oils<\/p>\n<p><strong>COSMOS ORGANIC certifi\u00e9 par Ecocert Greenlife selon le r\u00e9f\u00e9rentiel COSMOS.<\/strong><\/p>\n<p>*ingr\u00e9dient issu de l\u2019Agriculture Biologique<br \/>\n100% of the total ingredients are from Organic Farming.<br \/>\nOrigine 100% naturelle du total.<\/p>","protected":false},"excerpt":{"rendered":"<p><strong>For all skin types, particularly recommended for dry or mature skin.<\/strong><\/p>\n<p>Radiance Face Oil. Fine oil that allows easy application and rapid absorption through the skin.<\/p>\n<p>[ 29 ml ]<\/p>\n","protected":false},"featured_media":24349,"comment_status":"open","ping_status":"closed","template":"","meta":{"om_disable_all_campaigns":false,"_monsterinsights_skip_tracking":false,"_monsterinsights_sitenote_active":false,"_monsterinsights_sitenote_note":"","_monsterinsights_sitenote_category":0},"product_brand":[186],"product_cat":[138,174,169,158,61,135],"product_tag":[170],"mwb_booking_cost":[],"mwb_booking_service":[],"class_list":{"0":"post-24348","1":"product","2":"type-product","3":"status-publish","4":"has-post-thumbnail","6":"product_brand-physiodermie","7":"product_cat-anti-aging","8":"product_cat-clinical-swiss-organics","9":"product_cat-collection","10":"product_cat-routines","11":"product_cat-skin-care-products","12":"product_cat-specific-treatments","13":"product_tag-physiodermie","16":"instock","17":"shipping-taxable","18":"purchasable","19":"product-type-simple","20":"product-grid-view"},"aioseo_notices":[],"_links":{"self":[{"href":"https:\/\/posana.com\/fr\/wp-json\/wp\/v2\/product\/24348","targetHints":{"allow":["GET"]}}],"collection":[{"href":"https:\/\/posana.com\/fr\/wp-json\/wp\/v2\/product"}],"about":[{"href":"https:\/\/posana.com\/fr\/wp-json\/wp\/v2\/types\/product"}],"replies":[{"embeddable":true,"href":"https:\/\/posana.com\/fr\/wp-json\/wp\/v2\/comments?post=24348"}],"version-history":[{"count":4,"href":"https:\/\/posana.com\/fr\/wp-json\/wp\/v2\/product\/24348\/revisions"}],"predecessor-version":[{"id":24822,"href":"https:\/\/posana.com\/fr\/wp-json\/wp\/v2\/product\/24348\/revisions\/24822"}],"wp:featuredmedia":[{"embeddable":true,"href":"https:\/\/posana.com\/fr\/wp-json\/wp\/v2\/media\/24349"}],"wp:attachment":[{"href":"https:\/\/posana.com\/fr\/wp-json\/wp\/v2\/media?parent=24348"}],"wp:term":[{"taxonomy":"product_brand","embeddable":true,"href":"https:\/\/posana.com\/fr\/wp-json\/wp\/v2\/product_brand?post=24348"},{"taxonomy":"product_cat","embeddable":true,"href":"https:\/\/posana.com\/fr\/wp-json\/wp\/v2\/product_cat?post=24348"},{"taxonomy":"product_tag","embeddable":true,"href":"https:\/\/posana.com\/fr\/wp-json\/wp\/v2\/product_tag?post=24348"},{"taxonomy":"mwb_booking_cost","embeddable":true,"href":"https:\/\/posana.com\/fr\/wp-json\/wp\/v2\/mwb_booking_cost?post=24348"},{"taxonomy":"mwb_booking_service","embeddable":true,"href":"https:\/\/posana.com\/fr\/wp-json\/wp\/v2\/mwb_booking_service?post=24348"}],"curies":[{"name":"wp","href":"https:\/\/api.w.org\/{rel}","templated":true}]}}