{"id":24340,"date":"2025-01-20T14:12:35","date_gmt":"2025-01-20T14:12:35","guid":{"rendered":"https:\/\/posana.com\/?post_type=product&#038;p=24340"},"modified":"2025-01-20T14:12:35","modified_gmt":"2025-01-20T14:12:35","slug":"all-time%c2%b3-emulsion-organic","status":"publish","type":"product","link":"https:\/\/posana.com\/fr\/produit\/all-time%c2%b3-emulsion-organic\/","title":{"rendered":"All Time\u00b3 Emulsion Bio"},"content":{"rendered":"<p><strong>Application:<\/strong><\/p>\n<p><strong>Matin et soir.<\/strong><br \/>\nAppliquer toutes les \u00e9mulsions Time\u00b3 uniform\u00e9ment sur le visage et le cou.<br \/>\nAjoutez un s\u00e9rum \u00e0 votre \u00e9mulsion en fonction des besoins de votre peau.<\/p>\n<p><strong>Avantages :<\/strong><\/p>\n<p>(1) Emp\u00eache le vieillissement pr\u00e9matur\u00e9 de la peau, (2) Aide la peau \u00e0 combattre les signes visibles du temps, (3) \u00e9claire et unifie le teint, (4) aide \u00e0 maintenir l\u2019\u00e9lasticit\u00e9 naturelle de la peau, (5) laisse la peau douce et prot\u00e9g\u00e9e.<\/p>\n<p><strong>Ingr\u00e9dients:<\/strong><\/p>\n<p>Aqua (eau), triglyc\u00e9ride caprylique\/caprique (agent revitalisant pour la peau), huile de fruit d'Olea Europaea (olive)* (agent revitalisant pour la peau), glyc\u00e9rine (humectant), alcool c\u00e9tylique (agent \u00e9mulsifiant), glucoside c\u00e9t\u00e9arylique (agent \u00e9mulsifiant), alcool c\u00e9t\u00e9arylique (agent \u00e9mulsifiant), propanediol (solvant), extrait de racine de Glycyrrhiza Glabra (r\u00e9glisse)* (agent revitalisant pour la peau), extrait de feuille d'Arctostaphylos Uva-Ursi* (agent revitalisant pour la peau), extrait de Salix Alba* (agent revitalisant pour la peau), squalane (agent revitalisant pour la peau), gluconate de sodium (agent ch\u00e9lateur), poudre de jus de feuille d'Aloe Barbadensis* (agent revitalisant pour la peau), st\u00e9aroyl glutamate de sodium (agent \u00e9mulsifiant), huile de graines d'Helianthus Annuus (tournesol) (agent revitalisant pour la peau), anisate de sodium (antimicrobien), Tocoph\u00e9rol (agent antioxydant), acide l\u00e9ulinique (agent conditionneur de la peau), acide citrique (agent ch\u00e9lateur), sorbate de potassium (conservateur), l\u00e9vulinate de sodium (agent conditionneur de la peau), benzoate de sodium (conservateur).<\/p>\n<p><strong>COSMOS ORGANIC certifi\u00e9 par Ecocert Greenlife selon le r\u00e9f\u00e9rentiel COSMOS.<\/strong><\/p>\n<p>*ingr\u00e9dient issu de l\u2019Agriculture Biologique<br \/>\n** fait \u00e0 l'aide d'ingr\u00e9dients biologiques<br \/>\n71% des ingr\u00e9dients totaux proviennent de l'agriculture biologique.<br \/>\n99% du total est d\u2019origine naturelle.<\/p>","protected":false},"excerpt":{"rendered":"<p><strong>For all skin types. Use at the first signs of aging.<\/strong><\/p>\n<p>Rich in natural antioxidants and factors that increase the skin\u2019s natural protection, All Time\u00b3 Emulsion helps preserve the skin\u2019s youthfulness longer by fighting the external causes of aging.<\/p>\n<p>[ 50 ml ]<\/p>\n","protected":false},"featured_media":24341,"comment_status":"open","ping_status":"closed","template":"","meta":{"om_disable_all_campaigns":false,"_monsterinsights_skip_tracking":false,"_monsterinsights_sitenote_active":false,"_monsterinsights_sitenote_note":"","_monsterinsights_sitenote_category":0},"product_brand":[],"product_cat":[174,169,165,158],"product_tag":[170],"mwb_booking_cost":[],"mwb_booking_service":[],"class_list":{"0":"post-24340","1":"product","2":"type-product","3":"status-publish","4":"has-post-thumbnail","6":"product_cat-clinical-swiss-organics","7":"product_cat-collection","8":"product_cat-pigmentation","9":"product_cat-routines","10":"product_tag-physiodermie","13":"instock","14":"shipping-taxable","15":"purchasable","16":"product-type-simple","17":"product-grid-view"},"aioseo_notices":[],"_links":{"self":[{"href":"https:\/\/posana.com\/fr\/wp-json\/wp\/v2\/product\/24340","targetHints":{"allow":["GET"]}}],"collection":[{"href":"https:\/\/posana.com\/fr\/wp-json\/wp\/v2\/product"}],"about":[{"href":"https:\/\/posana.com\/fr\/wp-json\/wp\/v2\/types\/product"}],"replies":[{"embeddable":true,"href":"https:\/\/posana.com\/fr\/wp-json\/wp\/v2\/comments?post=24340"}],"version-history":[{"count":1,"href":"https:\/\/posana.com\/fr\/wp-json\/wp\/v2\/product\/24340\/revisions"}],"predecessor-version":[{"id":24342,"href":"https:\/\/posana.com\/fr\/wp-json\/wp\/v2\/product\/24340\/revisions\/24342"}],"wp:featuredmedia":[{"embeddable":true,"href":"https:\/\/posana.com\/fr\/wp-json\/wp\/v2\/media\/24341"}],"wp:attachment":[{"href":"https:\/\/posana.com\/fr\/wp-json\/wp\/v2\/media?parent=24340"}],"wp:term":[{"taxonomy":"product_brand","embeddable":true,"href":"https:\/\/posana.com\/fr\/wp-json\/wp\/v2\/product_brand?post=24340"},{"taxonomy":"product_cat","embeddable":true,"href":"https:\/\/posana.com\/fr\/wp-json\/wp\/v2\/product_cat?post=24340"},{"taxonomy":"product_tag","embeddable":true,"href":"https:\/\/posana.com\/fr\/wp-json\/wp\/v2\/product_tag?post=24340"},{"taxonomy":"mwb_booking_cost","embeddable":true,"href":"https:\/\/posana.com\/fr\/wp-json\/wp\/v2\/mwb_booking_cost?post=24340"},{"taxonomy":"mwb_booking_service","embeddable":true,"href":"https:\/\/posana.com\/fr\/wp-json\/wp\/v2\/mwb_booking_service?post=24340"}],"curies":[{"name":"wp","href":"https:\/\/api.w.org\/{rel}","templated":true}]}}