{"id":24333,"date":"2025-01-20T13:40:17","date_gmt":"2025-01-20T13:40:17","guid":{"rendered":"https:\/\/posana.com\/?post_type=product&#038;p=24333"},"modified":"2025-02-09T19:53:21","modified_gmt":"2025-02-09T19:53:21","slug":"hydraceramides-emulsion-organic-2","status":"publish","type":"product","link":"https:\/\/posana.com\/fr\/produit\/hydraceramides-emulsion-organic-2\/","title":{"rendered":"Emulsion HydraCeramides Bio"},"content":{"rendered":"<p><strong>Application:<\/strong><\/p>\n<p>Matin et soir, sur peau s\u00e8che et propre, appliquer l'\u00e9mulsion hydracaramide uniform\u00e9ment sur le visage et le cou. Cr\u00e8me l\u00e9g\u00e8re et non collante. Il p\u00e9n\u00e8tre instantan\u00e9ment pour une sensation imm\u00e9diate d'hydratation.<\/p>\n<p><strong>Conseil:\u00a0<\/strong>Proc\u00e9dez au nettoyage et au d\u00e9maquillage avec les nettoyants et les d\u00e9maquillants Physiodermie. Selon les besoins de votre peau, ajoutez un s\u00e9rum de Physiodermie \u00e0 votre \u00e9mulsion.<\/p>\n<p><strong>Soins sp\u00e9cifiques:<\/strong>\u00a0choisissez l\u2019\u00e9mulsion correspondant \u00e0 votre peau et n\u2019h\u00e9sitez pas \u00e0 ajouter un autre Bioarome ou Booster pour traiter un besoin cibl\u00e9.<\/p>\n<p><strong>Avantages :<\/strong><\/p>\n<p>(1) Renforce la barri\u00e8re hydrolipidique de la peau, (2) Am\u00e9liore l\u2019hydratation, (3) Rend la peau plus claire et plus ferme.<\/p>\n<p><strong>Ingr\u00e9dients:<\/strong><\/p>\n<p>Aqua (eau), glyc\u00e9rine (humectant), eau de fruit de Vaccinium Macrocarpon (canneberge)* (agent masquant), huile de graines d'Helianthus Annuus* (\u00e9mollient), triglyc\u00e9ride caprylique\/caprique (agent revitalisant pour la peau), dicitrate\/st\u00e9arate de polyglyc\u00e9ryl-3 (agent \u00e9mulsifiant), coco-caprylate (\u00e9mollient), alcool c\u00e9t\u00e9arylique (\u00e9mollient), st\u00e9arate de glyc\u00e9ryle (agent \u00e9mulsifiant), jus de feuille d'Hordeum Vulgare* (\u00e9mollient), squalane (agent revitalisant pour la peau), propanediol (solvant), beurre de Butyrospermum Parkii (karit\u00e9) (agent revitalisant pour la peau), hyaluronate de sodium (agent revitalisant pour la peau), c\u00e9ramide NP (agent revitalisant pour la peau), acide l\u00e9vulinique (agent revitalisant pour la peau), caprylate de glyc\u00e9ryle (\u00e9mollient), pentyl\u00e8ne glycol (agent revitalisant pour la peau), phytosphingosine (Conditionnement de la peau Agent), gomme xanthane (agent de contr\u00f4le de la viscosit\u00e9), acide linol\u00e9ique (agent de conditionnement de la peau), l\u00e9ulinate de sodium (agent de conditionnement de la peau), acide linol\u00e9nique (agent de conditionnement de la peau), extrait d'\u00e9corce de Magnolia Officinalis (agent antimicrobien), benzoate de sodium (conservateur), tocoph\u00e9rol (antioxydant)<\/p>\n<p><strong>COSMOS ORGANIC certifi\u00e9 par Ecocert Greenlife selon le r\u00e9f\u00e9rentiel COSMOS.<\/strong><\/p>\n<p>*ingr\u00e9dient issu de l\u2019Agriculture Biologique<br \/>\n** fait \u00e0 l'aide d'ingr\u00e9dients biologiques<br \/>\n22% of the total ingredients are from Organic Farming.<br \/>\n99% du total est d\u2019origine naturelle.<\/p>","protected":false},"excerpt":{"rendered":"<p><strong>For all skin types.<\/strong><\/p>\n<p>An Intense Moisturizing Cream.<\/p>\n<p>[ 50 ml ]<\/p>\n","protected":false},"featured_media":24335,"comment_status":"open","ping_status":"closed","template":"","meta":{"om_disable_all_campaigns":false,"_monsterinsights_skip_tracking":false,"_monsterinsights_sitenote_active":false,"_monsterinsights_sitenote_note":"","_monsterinsights_sitenote_category":0},"product_brand":[186],"product_cat":[162,158],"product_tag":[170],"mwb_booking_cost":[],"mwb_booking_service":[],"class_list":{"0":"post-24333","1":"product","2":"type-product","3":"status-publish","4":"has-post-thumbnail","6":"product_brand-physiodermie","7":"product_cat-pregnancy","8":"product_cat-routines","9":"product_tag-physiodermie","12":"instock","13":"shipping-taxable","14":"purchasable","15":"product-type-simple","16":"product-grid-view"},"aioseo_notices":[],"_links":{"self":[{"href":"https:\/\/posana.com\/fr\/wp-json\/wp\/v2\/product\/24333","targetHints":{"allow":["GET"]}}],"collection":[{"href":"https:\/\/posana.com\/fr\/wp-json\/wp\/v2\/product"}],"about":[{"href":"https:\/\/posana.com\/fr\/wp-json\/wp\/v2\/types\/product"}],"replies":[{"embeddable":true,"href":"https:\/\/posana.com\/fr\/wp-json\/wp\/v2\/comments?post=24333"}],"version-history":[{"count":1,"href":"https:\/\/posana.com\/fr\/wp-json\/wp\/v2\/product\/24333\/revisions"}],"predecessor-version":[{"id":24336,"href":"https:\/\/posana.com\/fr\/wp-json\/wp\/v2\/product\/24333\/revisions\/24336"}],"wp:featuredmedia":[{"embeddable":true,"href":"https:\/\/posana.com\/fr\/wp-json\/wp\/v2\/media\/24335"}],"wp:attachment":[{"href":"https:\/\/posana.com\/fr\/wp-json\/wp\/v2\/media?parent=24333"}],"wp:term":[{"taxonomy":"product_brand","embeddable":true,"href":"https:\/\/posana.com\/fr\/wp-json\/wp\/v2\/product_brand?post=24333"},{"taxonomy":"product_cat","embeddable":true,"href":"https:\/\/posana.com\/fr\/wp-json\/wp\/v2\/product_cat?post=24333"},{"taxonomy":"product_tag","embeddable":true,"href":"https:\/\/posana.com\/fr\/wp-json\/wp\/v2\/product_tag?post=24333"},{"taxonomy":"mwb_booking_cost","embeddable":true,"href":"https:\/\/posana.com\/fr\/wp-json\/wp\/v2\/mwb_booking_cost?post=24333"},{"taxonomy":"mwb_booking_service","embeddable":true,"href":"https:\/\/posana.com\/fr\/wp-json\/wp\/v2\/mwb_booking_service?post=24333"}],"curies":[{"name":"wp","href":"https:\/\/api.w.org\/{rel}","templated":true}]}}