{"id":24330,"date":"2025-01-20T13:36:43","date_gmt":"2025-01-20T13:36:43","guid":{"rendered":"https:\/\/posana.com\/?post_type=product&#038;p=24330"},"modified":"2025-02-09T19:53:21","modified_gmt":"2025-02-09T19:53:21","slug":"multi-revitalizing-oil","status":"publish","type":"product","link":"https:\/\/posana.com\/fr\/produit\/multi-revitalizing-oil\/","title":{"rendered":"Huile multi-revitalisante"},"content":{"rendered":"<p><strong>Application:<\/strong><\/p>\n<p>Matin et soir, apr\u00e8s nettoyage du visage et du cou, appliquer quelques gouttes avant votre \u00e9mulsion ou en synergie avec votre \u00e9mulsion sur tout le visage et le cou. Peut \u00e9galement \u00eatre utilis\u00e9 apr\u00e8s la grossesse ou pendant un r\u00e9gime pour emp\u00eacher l'apparition de vergetures.<\/p>\n<p><strong>Conseil:<\/strong>\u00a0Proc\u00e9der avec nettoyage et d\u00e9maquillage avec des nettoyants Physiodermie et des d\u00e9maquillants.<\/p>\n<p><strong>Soins sp\u00e9cifiques:<\/strong>\u00a0choisissez l\u2019\u00e9mulsion correspondant \u00e0 votre peau et n\u2019h\u00e9sitez pas \u00e0 ajouter un autre Bioarome ou Booster pour traiter un besoin cibl\u00e9.<\/p>\n<p><strong>Avantages :<\/strong><\/p>\n<p>(1) Improves skin texture and softness, (2) Blend of nourishing oils making the skin more supple and elastic, effective to prevent stretchmarks appearance during pregnancy or during a diet, (3) Po<\/p>\n<p><strong>Ingr\u00e9dients:<\/strong><\/p>\n<p>Glycine Soja (Soybean) Oil, Ricinus Communis (Castor) Seed Oil, Polysorbate 20, Rosa Canina Fruit Oil, Borago Officinalis Seed Oil, Ascorbyl Tetraisopalmitate, Tocopheryl Acetate, Aniba Rosaeodora (Rosewood) Wood Oil, Hypericum Perforatum Flower Extract, Helianthus Annuus (Sunflower) Seed Oil, Retinyl Palmitate, Tocopherol, Propylene Glycol, Propyl Gallate, Citric Acid, Aqua (Water), Geraniol, Linalool, Limonene.<\/p>\n<p>*Nos formules pouvant \u00eatre amen\u00e9es \u00e0 \u00e9voluer, veuillez vous reporter \u00e9galement \u00e0 la liste d\u2019ingr\u00e9dients figurant sur l\u2019emballage du produit et faisant seule foi.<\/p>","protected":false},"excerpt":{"rendered":"<p><strong>Dry, tired and damaged skins. Nourishing, Revitalizing.<\/strong><\/p>\n<p>Ultra nutritive oil for dry, tired and damaged skin. Enriched with Retinyl Palmitate, an ester of Retinol and an oil-soluble derivative of Vitamin C, know for their nourishing and revitalizing properties. Provides natural lipid supplements to the skin improving its elasticity, and locks moisture. Skin feels nourished, smoothed, and protected against dehydration.<\/p>\n<p>[ 50 ml ]<\/p>\n","protected":false},"featured_media":24422,"comment_status":"open","ping_status":"closed","template":"","meta":{"om_disable_all_campaigns":false,"_monsterinsights_skip_tracking":false,"_monsterinsights_sitenote_active":false,"_monsterinsights_sitenote_note":"","_monsterinsights_sitenote_category":0},"product_brand":[186],"product_cat":[136,130,161,162,158,61],"product_tag":[170],"mwb_booking_cost":[],"mwb_booking_service":[],"class_list":{"0":"post-24330","1":"product","2":"type-product","3":"status-publish","4":"has-post-thumbnail","6":"product_brand-physiodermie","7":"product_cat-body-care","8":"product_cat-booster","9":"product_cat-hydration","10":"product_cat-pregnancy","11":"product_cat-routines","12":"product_cat-skin-care-products","13":"product_tag-physiodermie","16":"instock","17":"shipping-taxable","18":"purchasable","19":"product-type-simple","20":"product-grid-view"},"aioseo_notices":[],"_links":{"self":[{"href":"https:\/\/posana.com\/fr\/wp-json\/wp\/v2\/product\/24330","targetHints":{"allow":["GET"]}}],"collection":[{"href":"https:\/\/posana.com\/fr\/wp-json\/wp\/v2\/product"}],"about":[{"href":"https:\/\/posana.com\/fr\/wp-json\/wp\/v2\/types\/product"}],"replies":[{"embeddable":true,"href":"https:\/\/posana.com\/fr\/wp-json\/wp\/v2\/comments?post=24330"}],"version-history":[{"count":1,"href":"https:\/\/posana.com\/fr\/wp-json\/wp\/v2\/product\/24330\/revisions"}],"predecessor-version":[{"id":24332,"href":"https:\/\/posana.com\/fr\/wp-json\/wp\/v2\/product\/24330\/revisions\/24332"}],"wp:featuredmedia":[{"embeddable":true,"href":"https:\/\/posana.com\/fr\/wp-json\/wp\/v2\/media\/24422"}],"wp:attachment":[{"href":"https:\/\/posana.com\/fr\/wp-json\/wp\/v2\/media?parent=24330"}],"wp:term":[{"taxonomy":"product_brand","embeddable":true,"href":"https:\/\/posana.com\/fr\/wp-json\/wp\/v2\/product_brand?post=24330"},{"taxonomy":"product_cat","embeddable":true,"href":"https:\/\/posana.com\/fr\/wp-json\/wp\/v2\/product_cat?post=24330"},{"taxonomy":"product_tag","embeddable":true,"href":"https:\/\/posana.com\/fr\/wp-json\/wp\/v2\/product_tag?post=24330"},{"taxonomy":"mwb_booking_cost","embeddable":true,"href":"https:\/\/posana.com\/fr\/wp-json\/wp\/v2\/mwb_booking_cost?post=24330"},{"taxonomy":"mwb_booking_service","embeddable":true,"href":"https:\/\/posana.com\/fr\/wp-json\/wp\/v2\/mwb_booking_service?post=24330"}],"curies":[{"name":"wp","href":"https:\/\/api.w.org\/{rel}","templated":true}]}}