{"id":24326,"date":"2025-01-20T13:34:11","date_gmt":"2025-01-20T13:34:11","guid":{"rendered":"https:\/\/posana.com\/?post_type=product&#038;p=24326"},"modified":"2025-02-09T19:56:55","modified_gmt":"2025-02-09T19:56:55","slug":"bio-gommage-soft-face-biopeeling","status":"publish","type":"product","link":"https:\/\/posana.com\/fr\/produit\/bio-gommage-soft-face-biopeeling\/","title":{"rendered":"Bio-Gommage Lissage Instantan\u00e9"},"content":{"rendered":"<p><strong>Application:<\/strong><\/p>\n<p>Nettoyage du visage, \u00e0 effectuer 1 \u00e0 3 fois par semaine. Nettoyez le visage et le cou \u00e0 l'avance. Appliquer un tampon de Bio-Gommage Instant Smoothness. Laissez agir pendant 3 \u00e0 5 minutes. Massage en mouvements circulaires doux jusqu'\u00e0 ce que de petits flocons apparaissent, ce qui indique l'\u00e9limination des impuret\u00e9s. \u00c9liminer les r\u00e9sidus en appliquant la lotion stabilisatrice avec un coton ou avec de l'eau douce. Ensuite, appliquez un masque de physiodermie de votre choix. Pour une exp\u00e9rience de physiodermie \u00e0 la maison! Indispensable avant l'exposition au soleil pour favoriser un bronzage uniforme.<\/p>\n<p><strong>Avantages :<\/strong><\/p>\n<p>(1) Enl\u00e8ve doucement les cellules mortes et les impuret\u00e9s, (2) Une formule douce peut \u00eatre appliqu\u00e9e sur la zone du contour de l'\u0153il, les l\u00e8vres et sur les types de peau sensibles, (3) D\u00e9branchez et affinez l'aspect des pores, (4) Laisse la peau douce, souple et lumineuse<\/p>\n<p><strong>Ingr\u00e9dients:<\/strong><\/p>\n<p>Aqua (Eau), Coco-Caprylate, Palmitate d'\u00e9thylhexyl, Kaolin, Glyc\u00e9rine, C15-19 Alkane, Polyisobut\u00e8ne hydrog\u00e9n\u00e9, PEG-20 Methyl Glucose Sesquisaraterate, Lauryl Methacrylate\/Glycol Dimethacrylate Crosspolym\u00e8re, Polyacrylamide, Algin, Jojoba Esters, Hyaluronate de sodium, Bacillus Ferment, C13-14 Isoparaffine, Laureth-7, Propyl\u00e8ne Glycol, Parfum (parfum), Ph\u00e9noxy\u00e9thanol, Ethylhexylglyc\u00e9rine, Benzoate de sodium, Sorbate de potassium, Alcool de benzyle, PEG-8, Tocoph\u00e9rol, Palmitate d'asporbique, Acide citrique, Huile min\u00e9rale, Linalool, Hexyl Cinnamal.<\/p>\n<p>*Nos formules pouvant \u00eatre amen\u00e9es \u00e0 \u00e9voluer, veuillez vous reporter \u00e9galement \u00e0 la liste d\u2019ingr\u00e9dients figurant sur l\u2019emballage du produit et faisant seule foi.<\/p>","protected":false},"excerpt":{"rendered":"<p><strong>For all skin types.<\/strong><\/p>\n<p>Double effect enzyme exfoliator gently sweeps away dead cells and impurities. Leaves a perfectly clear and smooth skin.<\/p>\n<p>[ 75 ml ]<\/p>\n","protected":false},"featured_media":24327,"comment_status":"open","ping_status":"closed","template":"","meta":{"om_disable_all_campaigns":false,"_monsterinsights_skip_tracking":false,"_monsterinsights_sitenote_active":false,"_monsterinsights_sitenote_note":"","_monsterinsights_sitenote_category":0},"product_brand":[186],"product_cat":[134,162,158,61],"product_tag":[170],"mwb_booking_cost":[],"mwb_booking_service":[],"class_list":{"0":"post-24326","1":"product","2":"type-product","3":"status-publish","4":"has-post-thumbnail","6":"product_brand-physiodermie","7":"product_cat-exfoliators-masks","8":"product_cat-pregnancy","9":"product_cat-routines","10":"product_cat-skin-care-products","11":"product_tag-physiodermie","14":"instock","15":"shipping-taxable","16":"purchasable","17":"product-type-simple","18":"product-grid-view"},"aioseo_notices":[],"_links":{"self":[{"href":"https:\/\/posana.com\/fr\/wp-json\/wp\/v2\/product\/24326","targetHints":{"allow":["GET"]}}],"collection":[{"href":"https:\/\/posana.com\/fr\/wp-json\/wp\/v2\/product"}],"about":[{"href":"https:\/\/posana.com\/fr\/wp-json\/wp\/v2\/types\/product"}],"replies":[{"embeddable":true,"href":"https:\/\/posana.com\/fr\/wp-json\/wp\/v2\/comments?post=24326"}],"version-history":[{"count":2,"href":"https:\/\/posana.com\/fr\/wp-json\/wp\/v2\/product\/24326\/revisions"}],"predecessor-version":[{"id":24329,"href":"https:\/\/posana.com\/fr\/wp-json\/wp\/v2\/product\/24326\/revisions\/24329"}],"wp:featuredmedia":[{"embeddable":true,"href":"https:\/\/posana.com\/fr\/wp-json\/wp\/v2\/media\/24327"}],"wp:attachment":[{"href":"https:\/\/posana.com\/fr\/wp-json\/wp\/v2\/media?parent=24326"}],"wp:term":[{"taxonomy":"product_brand","embeddable":true,"href":"https:\/\/posana.com\/fr\/wp-json\/wp\/v2\/product_brand?post=24326"},{"taxonomy":"product_cat","embeddable":true,"href":"https:\/\/posana.com\/fr\/wp-json\/wp\/v2\/product_cat?post=24326"},{"taxonomy":"product_tag","embeddable":true,"href":"https:\/\/posana.com\/fr\/wp-json\/wp\/v2\/product_tag?post=24326"},{"taxonomy":"mwb_booking_cost","embeddable":true,"href":"https:\/\/posana.com\/fr\/wp-json\/wp\/v2\/mwb_booking_cost?post=24326"},{"taxonomy":"mwb_booking_service","embeddable":true,"href":"https:\/\/posana.com\/fr\/wp-json\/wp\/v2\/mwb_booking_service?post=24326"}],"curies":[{"name":"wp","href":"https:\/\/api.w.org\/{rel}","templated":true}]}}