{"id":24303,"date":"2025-01-13T19:57:39","date_gmt":"2025-01-13T19:57:39","guid":{"rendered":"https:\/\/posana.com\/?post_type=product&#038;p=24303"},"modified":"2025-02-09T19:56:55","modified_gmt":"2025-02-09T19:56:55","slug":"dry-skin-emulsion","status":"publish","type":"product","link":"https:\/\/posana.com\/fr\/produit\/dry-skin-emulsion\/","title":{"rendered":"Emulsion Peau S\u00e8che"},"content":{"rendered":"<p><strong>Application:<\/strong><\/p>\n<p>Sur la peau nettoy\u00e9e, appliquez l'\u00e9mulsion de peau s\u00e8che sur tout le visage et le cou. Pour un r\u00e9sultat optimal, combinez avec le concentr\u00e9 essentiel Hydro-Tonifiant ou le concentr\u00e9 essentiel Oligo ou le bioarome RC ou l'huile multi-revitalisante.<\/p>\n<p><strong>Conseil:<\/strong>\u00a0Proc\u00e9der au nettoyage et d\u00e9maquillage avec les nettoyants et d\u00e9maquillants Physiodermie.<\/p>\n<p><strong>Avantages :<\/strong><\/p>\n<p>(1) Nourrit, r\u00e9\u00e9quilibre, normalise et apaise la peau s\u00e8che, (2) restaure le confort et la souplesse de la peau, (3) restaure la barri\u00e8re hydrolipidique de la peau et fournit des ingr\u00e9dients lipidiques essentiels.<\/p>\n<p><strong>Ingr\u00e9dients:<\/strong><\/p>\n<p>Aqua (eau), st\u00e9arate d'isopropyle, paraffine liquide, hydroxyst\u00e9arate d'hydroxyoctacosanyle, copolym\u00e8re PEG-22\/dod\u00e9cyl glycol, copolym\u00e8re m\u00e9thoxy PEG-22\/dod\u00e9cyl glycol, sorbitol, huile de graines d'Helianthus Annuus (tournesol), huile de graines de Borago Officinalis, st\u00e9areth-100, TEA-Lactate, polyquaternium-51, extrait de levure, phosphate de m\u00e9thylglucoside, lysinate\/prolinate de cuivre, oligosaccharide d'alpha-glucane, hydrolysat d'amidon hydrog\u00e9n\u00e9, lactate de sodium, acide lactique, glyc\u00e9rine, s\u00e9rine, ur\u00e9e, allanto\u00efne, palmitate de r\u00e9tinyle, ac\u00e9tate de tocoph\u00e9ryle, tocoph\u00e9rol, cholest\u00e9rol, l\u00e9cithine hydrog\u00e9n\u00e9e, sulfate de magn\u00e9sium, acide citrique, gallate de propyle, propyl\u00e8ne glycol, parfum (Parfum), acide caprylhydroxamique, ph\u00e9noxy\u00e9thanol, \u00e9thylhexylglyc\u00e9rine, benzoate de sodium, 1,2-hexanediol, Butyl\u00e8ne glycol, phosphate de sodium, cannelle d'amyl, alcool de cinnamyl, eug\u00e9nol, hydroxycitronellal, isoeugenol, benzyle salicylate, butylph\u00e9nyle m\u00e9thylpropional, linalool, citronellol, limon\u00e8ne, alpha-isom\u00e9thylionone.<\/p>\n<p>*Nos formules pouvant \u00eatre amen\u00e9es \u00e0 \u00e9voluer, veuillez vous reporter \u00e9galement \u00e0 la liste d\u2019ingr\u00e9dients figurant sur l\u2019emballage du produit et faisant seule foi.<\/p>","protected":false},"excerpt":{"rendered":"<p><strong>Dry skin.<\/strong><\/p>\n<p>Replenishes the skin\u2019s moisture barrier and provides essential lipid ingredients. Protects the skin from environmental stressors causing dry skin. Provides topical lipids to the epidermis without greasy feeling. Your skin feels softer and suppler and has a natural radiance.<\/p>\n<p>[ 50 ml ]<\/p>\n","protected":false},"featured_media":24304,"comment_status":"open","ping_status":"closed","template":"","meta":{"om_disable_all_campaigns":false,"_monsterinsights_skip_tracking":false,"_monsterinsights_sitenote_active":false,"_monsterinsights_sitenote_note":"","_monsterinsights_sitenote_category":0},"product_brand":[186],"product_cat":[161,158],"product_tag":[170],"mwb_booking_cost":[],"mwb_booking_service":[],"class_list":{"0":"post-24303","1":"product","2":"type-product","3":"status-publish","4":"has-post-thumbnail","6":"product_brand-physiodermie","7":"product_cat-hydration","8":"product_cat-routines","9":"product_tag-physiodermie","12":"instock","13":"shipping-taxable","14":"purchasable","15":"product-type-simple","16":"product-grid-view"},"aioseo_notices":[],"_links":{"self":[{"href":"https:\/\/posana.com\/fr\/wp-json\/wp\/v2\/product\/24303","targetHints":{"allow":["GET"]}}],"collection":[{"href":"https:\/\/posana.com\/fr\/wp-json\/wp\/v2\/product"}],"about":[{"href":"https:\/\/posana.com\/fr\/wp-json\/wp\/v2\/types\/product"}],"replies":[{"embeddable":true,"href":"https:\/\/posana.com\/fr\/wp-json\/wp\/v2\/comments?post=24303"}],"version-history":[{"count":1,"href":"https:\/\/posana.com\/fr\/wp-json\/wp\/v2\/product\/24303\/revisions"}],"predecessor-version":[{"id":24305,"href":"https:\/\/posana.com\/fr\/wp-json\/wp\/v2\/product\/24303\/revisions\/24305"}],"wp:featuredmedia":[{"embeddable":true,"href":"https:\/\/posana.com\/fr\/wp-json\/wp\/v2\/media\/24304"}],"wp:attachment":[{"href":"https:\/\/posana.com\/fr\/wp-json\/wp\/v2\/media?parent=24303"}],"wp:term":[{"taxonomy":"product_brand","embeddable":true,"href":"https:\/\/posana.com\/fr\/wp-json\/wp\/v2\/product_brand?post=24303"},{"taxonomy":"product_cat","embeddable":true,"href":"https:\/\/posana.com\/fr\/wp-json\/wp\/v2\/product_cat?post=24303"},{"taxonomy":"product_tag","embeddable":true,"href":"https:\/\/posana.com\/fr\/wp-json\/wp\/v2\/product_tag?post=24303"},{"taxonomy":"mwb_booking_cost","embeddable":true,"href":"https:\/\/posana.com\/fr\/wp-json\/wp\/v2\/mwb_booking_cost?post=24303"},{"taxonomy":"mwb_booking_service","embeddable":true,"href":"https:\/\/posana.com\/fr\/wp-json\/wp\/v2\/mwb_booking_service?post=24303"}],"curies":[{"name":"wp","href":"https:\/\/api.w.org\/{rel}","templated":true}]}}