{"id":24297,"date":"2025-01-13T17:40:51","date_gmt":"2025-01-13T17:40:51","guid":{"rendered":"https:\/\/posana.com\/?post_type=product&#038;p=24297"},"modified":"2025-02-09T19:56:55","modified_gmt":"2025-02-09T19:56:55","slug":"physiomask-radiance","status":"publish","type":"product","link":"https:\/\/posana.com\/fr\/produit\/physiomask-radiance\/","title":{"rendered":"Physiomasque Radiance"},"content":{"rendered":"<p><strong>Application:<\/strong><\/p>\n<p>2 \u00e0 3 fois par semaine, appliquer une couche mince sur le visage et le cou propres, secs, en \u00e9vitant la zone oculaire. Laisser agir pendant 8 \u00e0 10 minutes, puis rincer \u00e0 l'eau ti\u00e8de. Id\u00e9al avant un \u00e9v\u00e9nement important pour apporter un v\u00e9ritable coup de lumi\u00e8re \u00e0 la peau.<\/p>\n<p><strong>Conseil:<\/strong>\u00a0Proc\u00e9dez au nettoyage et au d\u00e9maquillage avec les nettoyants et les d\u00e9maquillants Physiodermie. Ensuite, appliquez un gommage Physiodermie pour enlever les cellules mortes et permettre au masque d'\u00eatre mieux absorb\u00e9 par la peau.<\/p>\n<p><strong>Soins sp\u00e9cifiques:<\/strong>\u00a0Choisissez l\u2019\u00e9mulsion correspondant \u00e0 votre peau et n\u2019h\u00e9sitez pas \u00e0 ajouter un Bioarome pour traiter un besoin cibl\u00e9.<\/p>\n<p><strong>Avantages :<\/strong><\/p>\n<p>(1) \u00c9claircit et uniforme le teint de la peau, (2) Serre visiblement les pores, (3) R\u00e9duit les signes de fatigue.<\/p>\n<p><strong>Ingr\u00e9dients:<\/strong><\/p>\n<p>Aqua (Water), Kaolin, Octyldodecanol, Glyceryl Stearate, Propylene Glycol, Glycerin, Cellulose Gum, PEG-100 Stearate, Melilotus Officinalis Extract, Betula Alba Leaf Extract, Camellia Sinensis Leaf Extract, PPG-25-Laureth-25, Sodium Hyaluronate, Silica, Linoleic Acid, Benzyl Alcohol, Hydrogenated Starch Hydrolysate, Tocopheryl Acetate, Parfum (Fragrance), Disodium EDTA, Polyquaternium-51, Phenoxyethanol, Ethylhexylglycerin, Potassium Sorbate, Sodium Benzoate, Citric Acid, Linolenic Acid, Yeast Extract, Sorbic Acid, Sodium Dehydroacetate, Sodium Phosphate, Undecylenic Acid, Chlorphenesin, Hexyl Cinnamal, Benzyl Salicylate, Cinnamyl Alcohol, Cinnamal, Geraniol<\/p>\n<p>*Nos formules pouvant \u00eatre amen\u00e9es \u00e0 \u00e9voluer, veuillez vous reporter \u00e9galement \u00e0 la liste d\u2019ingr\u00e9dients figurant sur l\u2019emballage du produit et faisant seule foi.<\/p>","protected":false},"excerpt":{"rendered":"<p>Revitalize your skin with PhysioMask Radiance, a transformative masque catering to all skin types, especially those with dull, blurred, or tired complexions. This radiance-boosting masque offers a triple-action formula, brightening and evening skin tone, visibly tightening pores, and reducing signs of fatigue. Experience a renewed, luminous complexion with PhysioMask Radiance.<\/p>\n<p>[ 75 ml ]<\/p>\n","protected":false},"featured_media":24298,"comment_status":"open","ping_status":"closed","template":"","meta":{"om_disable_all_campaigns":false,"_monsterinsights_skip_tracking":false,"_monsterinsights_sitenote_active":false,"_monsterinsights_sitenote_note":"","_monsterinsights_sitenote_category":0},"product_brand":[186],"product_cat":[134,160,158,163,61],"product_tag":[170],"mwb_booking_cost":[],"mwb_booking_service":[],"class_list":{"0":"post-24297","1":"product","2":"type-product","3":"status-publish","4":"has-post-thumbnail","6":"product_brand-physiodermie","7":"product_cat-exfoliators-masks","8":"product_cat-glow","9":"product_cat-routines","10":"product_cat-sebum-control","11":"product_cat-skin-care-products","12":"product_tag-physiodermie","15":"instock","16":"shipping-taxable","17":"purchasable","18":"product-type-simple","19":"product-grid-view"},"aioseo_notices":[],"_links":{"self":[{"href":"https:\/\/posana.com\/fr\/wp-json\/wp\/v2\/product\/24297","targetHints":{"allow":["GET"]}}],"collection":[{"href":"https:\/\/posana.com\/fr\/wp-json\/wp\/v2\/product"}],"about":[{"href":"https:\/\/posana.com\/fr\/wp-json\/wp\/v2\/types\/product"}],"replies":[{"embeddable":true,"href":"https:\/\/posana.com\/fr\/wp-json\/wp\/v2\/comments?post=24297"}],"version-history":[{"count":1,"href":"https:\/\/posana.com\/fr\/wp-json\/wp\/v2\/product\/24297\/revisions"}],"predecessor-version":[{"id":24299,"href":"https:\/\/posana.com\/fr\/wp-json\/wp\/v2\/product\/24297\/revisions\/24299"}],"wp:featuredmedia":[{"embeddable":true,"href":"https:\/\/posana.com\/fr\/wp-json\/wp\/v2\/media\/24298"}],"wp:attachment":[{"href":"https:\/\/posana.com\/fr\/wp-json\/wp\/v2\/media?parent=24297"}],"wp:term":[{"taxonomy":"product_brand","embeddable":true,"href":"https:\/\/posana.com\/fr\/wp-json\/wp\/v2\/product_brand?post=24297"},{"taxonomy":"product_cat","embeddable":true,"href":"https:\/\/posana.com\/fr\/wp-json\/wp\/v2\/product_cat?post=24297"},{"taxonomy":"product_tag","embeddable":true,"href":"https:\/\/posana.com\/fr\/wp-json\/wp\/v2\/product_tag?post=24297"},{"taxonomy":"mwb_booking_cost","embeddable":true,"href":"https:\/\/posana.com\/fr\/wp-json\/wp\/v2\/mwb_booking_cost?post=24297"},{"taxonomy":"mwb_booking_service","embeddable":true,"href":"https:\/\/posana.com\/fr\/wp-json\/wp\/v2\/mwb_booking_service?post=24297"}],"curies":[{"name":"wp","href":"https:\/\/api.w.org\/{rel}","templated":true}]}}