{"id":24293,"date":"2025-01-13T13:20:20","date_gmt":"2025-01-13T13:20:20","guid":{"rendered":"https:\/\/posana.com\/?post_type=product&#038;p=24293"},"modified":"2025-02-09T19:56:55","modified_gmt":"2025-02-09T19:56:55","slug":"actinyl-duo","status":"publish","type":"product","link":"https:\/\/posana.com\/fr\/produit\/actinyl-duo\/","title":{"rendered":"Actinyl Duo"},"content":{"rendered":"<p><strong>Application:<\/strong><\/p>\n<p>D\u00e9couvrez le pouvoir de transformation de Methode Physiodermie Actinyl Duo, un duo dynamique de soins de la peau con\u00e7u pour l'utilisation du matin et du soir. Actinyl Duo 1 \u2013 \u00c9quilibrer le concentr\u00e9 cible les imperfections, r\u00e9gule le s\u00e9bum et am\u00e9liore la texture de la peau. Actinyl Duo 2 \u2013 Le fluide hydratant Mattifying Hydratant normalise, prot\u00e8ge et apaise la peau, offrant une solution compl\u00e8te. Avec un m\u00e9lange d'ingr\u00e9dients actifs, d'huiles essentielles et de vitamines vitales, ce duo favorise un teint clair et \u00e9quilibr\u00e9. Dites adieu aux impuret\u00e9s et bonjour \u00e0 la peau radieuse et saine avec M\u00e9thode Physiodermie.<\/p>\n<p>Come morning, embrace Actinyl Duo 2 \u2013 Mattifying Moisturizing Fluid, a dynamic formula that normalizes, protects, and regenerates the skin. This fluid, applied to the entire face and neck, tightens pores, prevents scarring due to acne, and harnesses soothing, repairing, and healing properties. The power-packed combination of Provitamin B5, Vitamin F, prebiotic agents, natural extracts, and a unique Organic Silicon Complex ensures a holistic approach to skincare.<\/p>\n<p>At the core of Actinyl Duo\u2019s efficacy are its active ingredients. Actinyl Duo 1 boasts a complex of active plant ingredients, including Birch, Burdock, Angelica, and Coptis Chinensis, complemented by essential oils like Lavender, Sage, Citronella, Immortelle, and Thym. Vitamin E and A derivatives, along with a Zinc Acetylmethionate Complex, further enhance its skin-transforming capabilities.<\/p>\n<p>Actinyl Duo 2 features a powerhouse blend, including Provitamin B5, Vitamin F, prebiotic agents, a natural extract from Blue Algae, and a unique Hydroxyproline\/Manuronic Acid\/Organic Silicon Complex. Natural extracts of Green Tea and Red Vine round out this potent formula, ensuring your skin receives the care it deserves.<\/p>\n<p>Make Actinyl Duo a cornerstone of your skincare routine, providing your skin with the balance, protection, and nourishment it craves. Say goodbye to skin concerns and hello to radiant, healthy beauty.<\/p>\n<p><strong>Avantages :<\/strong><\/p>\n<p><strong>ACTINYL DUO 1 \u2013 BALANCING CONCENTRATE<\/strong><\/p>\n<ul>\n<li>Soins localis\u00e9s pour \u00e9liminer les impuret\u00e9s et les cellules mortes<\/li>\n<li>R\u00e9gule la s\u00e9cr\u00e9tion de s\u00e9bum<\/li>\n<li>Emp\u00eache l'apparition de boutons<\/li>\n<li>Lisse la texture de la peau et r\u00e9\u00e9quilibre sa protection naturelle<\/li>\n<\/ul>\n<p><strong>ACTINYL DUO 2 \u2013 MATTIFYER LA MOISTURISATION FLUIDE<\/strong><\/p>\n<ul>\n<li>Normalise, prot\u00e8ge et r\u00e9g\u00e9n\u00e8re la peau<\/li>\n<li>Tirage les pores<\/li>\n<li>Emp\u00eache les cicatrices dues \u00e0 l'acn\u00e9<\/li>\n<li>Propri\u00e9t\u00e9s apaisantes, r\u00e9paratrices et curatives<\/li>\n<\/ul>\n<p><strong>Ingr\u00e9dients:<\/strong><\/p>\n<p><strong>ACTINYL DUO 1 \u2013 CONCENTRATION DE LA BALANCE:\u00a0<\/strong>Alcohol denat, Propylene Glycol, Lavandula Spica (Lavender) Flower Oil, Cymbopogon Schoenanthus (Lemongrass) Oil, Helichrysum Italicum (Everlasting) Oil, Thymus Vulgaris (Thyme) Flower\/Leaf Oil, Salvia Officinalis (Sage) Oil, Arctium Majus (Burdock) Root Extract, Betula Alba (Birch) Bark\/Leaf Extract, Angelica Dahurica Root Extract, Coptis Chinensis Root Extract, Tocopheryl Acetate, Retinyl Palmitate, Zinc Acetylmethionate, Propyl Gallate, Citric acid, Phenoxyethanol, Methlyparaben, Linalool, Limonene, Citral, Geraniol. Anidri : 8 ml, Idrati : 15 ml.<\/p>\n<p><strong>ACTINYL DUO 2 \u2013 MATTIFYING MOISTURIZING FLUID:\u00a0<\/strong>Aqua (Water), Isodecyl Laurate, PEG-6 Stearate, Ceteth-20, Stearic Acid, Steareth-20, Panthenol, Retinyl Palmitate, Tocopheryl Acetate, Linoleic Acid, Linolenic Acid, Sorbitol, Glycerin, Methylsilanol Hydroxyproline Aspartate, Methylsilanol Mannuronate, Triticum Vulgare (Wheat) Germ Oil Unsaponifiables, Lupinus Albus Seed Oil, Aphanizomenon Flos Aquae (Algae) Extract, Haberlea Rhodopensis Leaf Extract, Beta Vulgaris (Beet) Root Extract, Yeast (Faex) Extract, Camellia Sinensis Leaf Extract, Vitis Vinifera (Grape) Leaf Extract, Helianthus Annuus (Sunflower) Seed oil, Propyl Gallate, Citric Acid, Propylene Glycol, Yellow 5 (CI 19140), Yellow 6 (CI 15985), Blue 1 (CI 42090), Parfum (Fragrance), Phenoxyethanol, Ethylhexylglycerin, Sodium Benzoate, Potassium Sorbate, Butylene Glycol, 1,2 Hexanediol, Caprylhydroxamic Acid, Coumarin, Butylphenyl Methylpropional, Citronellol, Hexyl cinnamal, Limonene, Geraniol, Hydroxyisohexyl 3-Cyclohexene Carboxaldehyde, Linalool.<\/p>\n<p>*Nos formules pouvant \u00eatre amen\u00e9es \u00e0 \u00e9voluer, veuillez vous reporter \u00e9galement \u00e0 la liste d\u2019ingr\u00e9dients figurant sur l\u2019emballage du produit et faisant seule foi.<\/p>","protected":false},"excerpt":{"rendered":"<p>Experience the transformative power of Methode Physiodermie Actinyl Duo, a dynamic skincare duo designed for both morning and evening use. Actinyl Duo 1 \u2013 Balancing Concentrate targets imperfections, regulates sebum, and enhances skin texture. Actinyl Duo 2 \u2013 Mattifying Moisturizing Fluid normalizes, protects, and soothes the skin, offering a complete solution. With a blend of active plant ingredients, essential oils, and vital vitamins, this duo promotes a clear, balanced complexion. Say goodbye to impurities and hello to radiant, healthy skin with Methode Physiodermie.<\/p>\n<p>[ 15 ml + 30 ml ]<\/p>\n","protected":false},"featured_media":24294,"comment_status":"open","ping_status":"closed","template":"","meta":{"om_disable_all_campaigns":false,"_monsterinsights_skip_tracking":false,"_monsterinsights_sitenote_active":false,"_monsterinsights_sitenote_note":"","_monsterinsights_sitenote_category":0},"product_brand":[186],"product_cat":[159,158,61,135],"product_tag":[170],"mwb_booking_cost":[],"mwb_booking_service":[],"class_list":{"0":"post-24293","1":"product","2":"type-product","3":"status-publish","4":"has-post-thumbnail","6":"product_brand-physiodermie","7":"product_cat-absolute-pure","8":"product_cat-routines","9":"product_cat-skin-care-products","10":"product_cat-specific-treatments","11":"product_tag-physiodermie","14":"instock","15":"shipping-taxable","16":"purchasable","17":"product-type-simple","18":"product-grid-view"},"aioseo_notices":[],"_links":{"self":[{"href":"https:\/\/posana.com\/fr\/wp-json\/wp\/v2\/product\/24293","targetHints":{"allow":["GET"]}}],"collection":[{"href":"https:\/\/posana.com\/fr\/wp-json\/wp\/v2\/product"}],"about":[{"href":"https:\/\/posana.com\/fr\/wp-json\/wp\/v2\/types\/product"}],"replies":[{"embeddable":true,"href":"https:\/\/posana.com\/fr\/wp-json\/wp\/v2\/comments?post=24293"}],"version-history":[{"count":1,"href":"https:\/\/posana.com\/fr\/wp-json\/wp\/v2\/product\/24293\/revisions"}],"predecessor-version":[{"id":24295,"href":"https:\/\/posana.com\/fr\/wp-json\/wp\/v2\/product\/24293\/revisions\/24295"}],"wp:featuredmedia":[{"embeddable":true,"href":"https:\/\/posana.com\/fr\/wp-json\/wp\/v2\/media\/24294"}],"wp:attachment":[{"href":"https:\/\/posana.com\/fr\/wp-json\/wp\/v2\/media?parent=24293"}],"wp:term":[{"taxonomy":"product_brand","embeddable":true,"href":"https:\/\/posana.com\/fr\/wp-json\/wp\/v2\/product_brand?post=24293"},{"taxonomy":"product_cat","embeddable":true,"href":"https:\/\/posana.com\/fr\/wp-json\/wp\/v2\/product_cat?post=24293"},{"taxonomy":"product_tag","embeddable":true,"href":"https:\/\/posana.com\/fr\/wp-json\/wp\/v2\/product_tag?post=24293"},{"taxonomy":"mwb_booking_cost","embeddable":true,"href":"https:\/\/posana.com\/fr\/wp-json\/wp\/v2\/mwb_booking_cost?post=24293"},{"taxonomy":"mwb_booking_service","embeddable":true,"href":"https:\/\/posana.com\/fr\/wp-json\/wp\/v2\/mwb_booking_service?post=24293"}],"curies":[{"name":"wp","href":"https:\/\/api.w.org\/{rel}","templated":true}]}}