{"id":24283,"date":"2025-01-13T13:01:40","date_gmt":"2025-01-13T13:01:40","guid":{"rendered":"https:\/\/posana.com\/?post_type=product&#038;p=24283"},"modified":"2025-01-20T14:02:50","modified_gmt":"2025-01-20T14:02:50","slug":"pro-microbiome-lotion","status":"publish","type":"product","link":"https:\/\/posana.com\/fr\/produit\/pro-microbiome-lotion\/","title":{"rendered":"Lotion pro-microbiome"},"content":{"rendered":"<p><strong>Application:<\/strong><\/p>\n<p>Deux fois par jour - matin et soir. Apr\u00e8s un nettoyage profond avec le baume nettoyant profond, appliquez la lotion Pro-Microbiome sur l\u2019ensemble du visage et du cou en utilisant un tampon de coton pour compl\u00e9ter le nettoyage et \u00e9quilibrer le pH de la peau. Laissez p\u00e9n\u00e9trer la lotion avant d\u2019appliquer une synergie d\u2019\u00e9mulsion et de s\u00e9rum adapt\u00e9 \u00e0 votre peau.<\/p>\n<p><strong>Avantages :<\/strong><\/p>\n<p>(1) Restaure le pH de la peau et perfectionne le nettoyage, (2) Restaure le microbiome naturel, (3) laisse la peau fra\u00eeche et fortement por\u00e9e.<\/p>\n<p><strong>Ingr\u00e9dients:<\/strong><\/p>\n<p>Aqua (Water), Hordeum Vulgare Leaf Juice* (Emollient), Glycerin (Humectant), Pentylene Glycol (Skin Conditioning Agent), Propanediol (Solvent), Alpha-Glucan Oligosaccharide (Skin Conditioning Agent), Caprylyl\/Capryl Glucoside (Foaming Agent), Lactic Acid (Buffering Agent), Levulinic Acid (Skin Conditioning Agent), Sodium Levulinate (Skin Conditioning Agent), Sodium Benzoate (Preservative).<\/p>\n<p><strong>COSMOS ORGANIC certifi\u00e9 par Ecocert Greenlife selon le r\u00e9f\u00e9rentiel COSMOS.<\/strong><\/p>\n<p>*ingr\u00e9dient issu de l\u2019Agriculture Biologique<br \/>\n22% du total des ingr\u00e9dients sont issus de l\u2019Agriculture Biologique.<br \/>\n99% du total est d\u2019origine naturelle.<\/p>","protected":false},"excerpt":{"rendered":"<p><strong>For all skin types<\/strong><\/p>\n<p>A Gentle pH balancing lotion.<\/p>\n<p>[ 200 ml ]<\/p>\n","protected":false},"featured_media":24284,"comment_status":"open","ping_status":"closed","template":"","meta":{"om_disable_all_campaigns":false,"_monsterinsights_skip_tracking":false,"_monsterinsights_sitenote_active":false,"_monsterinsights_sitenote_note":"","_monsterinsights_sitenote_category":0},"product_brand":[],"product_cat":[159,174,169,160,158,163,164],"product_tag":[170],"mwb_booking_cost":[],"mwb_booking_service":[],"class_list":{"0":"post-24283","1":"product","2":"type-product","3":"status-publish","4":"has-post-thumbnail","6":"product_cat-absolute-pure","7":"product_cat-clinical-swiss-organics","8":"product_cat-collection","9":"product_cat-glow","10":"product_cat-routines","11":"product_cat-sebum-control","12":"product_cat-sensitive","13":"product_tag-physiodermie","16":"instock","17":"shipping-taxable","18":"purchasable","19":"product-type-simple","20":"product-grid-view"},"aioseo_notices":[],"_links":{"self":[{"href":"https:\/\/posana.com\/fr\/wp-json\/wp\/v2\/product\/24283","targetHints":{"allow":["GET"]}}],"collection":[{"href":"https:\/\/posana.com\/fr\/wp-json\/wp\/v2\/product"}],"about":[{"href":"https:\/\/posana.com\/fr\/wp-json\/wp\/v2\/types\/product"}],"replies":[{"embeddable":true,"href":"https:\/\/posana.com\/fr\/wp-json\/wp\/v2\/comments?post=24283"}],"version-history":[{"count":1,"href":"https:\/\/posana.com\/fr\/wp-json\/wp\/v2\/product\/24283\/revisions"}],"predecessor-version":[{"id":24285,"href":"https:\/\/posana.com\/fr\/wp-json\/wp\/v2\/product\/24283\/revisions\/24285"}],"wp:featuredmedia":[{"embeddable":true,"href":"https:\/\/posana.com\/fr\/wp-json\/wp\/v2\/media\/24284"}],"wp:attachment":[{"href":"https:\/\/posana.com\/fr\/wp-json\/wp\/v2\/media?parent=24283"}],"wp:term":[{"taxonomy":"product_brand","embeddable":true,"href":"https:\/\/posana.com\/fr\/wp-json\/wp\/v2\/product_brand?post=24283"},{"taxonomy":"product_cat","embeddable":true,"href":"https:\/\/posana.com\/fr\/wp-json\/wp\/v2\/product_cat?post=24283"},{"taxonomy":"product_tag","embeddable":true,"href":"https:\/\/posana.com\/fr\/wp-json\/wp\/v2\/product_tag?post=24283"},{"taxonomy":"mwb_booking_cost","embeddable":true,"href":"https:\/\/posana.com\/fr\/wp-json\/wp\/v2\/mwb_booking_cost?post=24283"},{"taxonomy":"mwb_booking_service","embeddable":true,"href":"https:\/\/posana.com\/fr\/wp-json\/wp\/v2\/mwb_booking_service?post=24283"}],"curies":[{"name":"wp","href":"https:\/\/api.w.org\/{rel}","templated":true}]}}