{"id":24204,"date":"2025-01-10T13:31:18","date_gmt":"2025-01-10T13:31:18","guid":{"rendered":"https:\/\/posana.com\/?post_type=product&#038;p=24204"},"modified":"2025-03-09T21:31:30","modified_gmt":"2025-03-09T21:31:30","slug":"deep-cleansing-balm-organic","status":"publish","type":"product","link":"https:\/\/posana.com\/fr\/produit\/deep-cleansing-balm-organic\/","title":{"rendered":"Deep Cleansing Balm Bio"},"content":{"rendered":"<p><strong>Application<\/strong>:<\/p>\n<p><strong>Deux fois par jour (matin et soir).<\/strong><\/p>\n<p>Appliquer une petite quantit\u00e9 de Balme Nettoyant Profond sur la peau s\u00e8che, frotter doucement, le Gel se transforme en Huile afin d'\u00e9liminer le maquillage et les impuret\u00e9s. Ajouter un peu d'eau \u00e0 l'\u00e9mulsification, l'huile se transforme en lait, avant de rincer abondamment. La couleur du baume nettoyant profond peut varier d'un jaune orange p\u00e2le \u00e0 un orange plus fonc\u00e9. Cela est d\u00fb aux huiles v\u00e9g\u00e9tales qui peuvent montrer les variations de couleur et ne modifie pas les propri\u00e9t\u00e9s du produit.<\/p>\n<p>&nbsp;<\/p>\n<p><strong>Avantages :<\/strong><\/p>\n<p>(1) Nettoie soigneusement la peau avec deux \u00e9tapes de nettoyage, combin\u00e9es \u00e0 deux textures: l'huile et le lait, (2) Laisse la peau parfaitement propre, souple et douce, pr\u00eate \u00e0 recevoir les soins suivants.<\/p>\n<p>&nbsp;<\/p>\n<p><strong>Ingr\u00e9dients:<\/strong><\/p>\n<p>Helianthus Annuus Seed Oil (Emollient), Glycerin** (Humectant), Sucrose Palmitate (Emollient), Pentylene Glycol (Skin Conditioning Agent), Salvia Hispanica (Chia) Seed Oil* (Skin Conditioning Agent), Tocopherol (Antioxidant).<\/p>\n<p><strong>COSMOS ORGANIC certifi\u00e9 par Ecocert Greenlife selon la norme COSMOS.<\/strong><\/p>\n<p>*ingr\u00e9dient issu de l\u2019Agriculture Biologique<br \/>\n** fait \u00e0 l'aide d'ingr\u00e9dients biologiques<br \/>\n95% of the total ingredients are from Organic Farming.<br \/>\nOrigine 100% naturelle du total.<\/p>","protected":false},"excerpt":{"rendered":"<p><strong>For all skin types.<\/strong><\/p>\n<p>A gel texture that transforms into a soft and silky oil on contact with the skin and then emulsifies into a velvety milk on contact with water. The oil encapsulates the residues (make-up and impurities) and then turns into a non-greasy cleansing milk that is very easy to rinse.<\/p>\n<p>[ 100 ml ]<\/p>\n","protected":false},"featured_media":24205,"comment_status":"open","ping_status":"closed","template":"","meta":{"om_disable_all_campaigns":false,"_monsterinsights_skip_tracking":false,"_monsterinsights_sitenote_active":false,"_monsterinsights_sitenote_note":"","_monsterinsights_sitenote_category":0},"product_brand":[186],"product_cat":[159,174,169,160,158,164],"product_tag":[170],"mwb_booking_cost":[],"mwb_booking_service":[],"class_list":{"0":"post-24204","1":"product","2":"type-product","3":"status-publish","4":"has-post-thumbnail","6":"product_brand-physiodermie","7":"product_cat-absolute-pure","8":"product_cat-clinical-swiss-organics","9":"product_cat-collection","10":"product_cat-glow","11":"product_cat-routines","12":"product_cat-sensitive","13":"product_tag-physiodermie","16":"instock","17":"shipping-taxable","18":"purchasable","19":"product-type-simple","20":"product-grid-view"},"aioseo_notices":[],"_links":{"self":[{"href":"https:\/\/posana.com\/fr\/wp-json\/wp\/v2\/product\/24204","targetHints":{"allow":["GET"]}}],"collection":[{"href":"https:\/\/posana.com\/fr\/wp-json\/wp\/v2\/product"}],"about":[{"href":"https:\/\/posana.com\/fr\/wp-json\/wp\/v2\/types\/product"}],"replies":[{"embeddable":true,"href":"https:\/\/posana.com\/fr\/wp-json\/wp\/v2\/comments?post=24204"}],"version-history":[{"count":1,"href":"https:\/\/posana.com\/fr\/wp-json\/wp\/v2\/product\/24204\/revisions"}],"predecessor-version":[{"id":24206,"href":"https:\/\/posana.com\/fr\/wp-json\/wp\/v2\/product\/24204\/revisions\/24206"}],"wp:featuredmedia":[{"embeddable":true,"href":"https:\/\/posana.com\/fr\/wp-json\/wp\/v2\/media\/24205"}],"wp:attachment":[{"href":"https:\/\/posana.com\/fr\/wp-json\/wp\/v2\/media?parent=24204"}],"wp:term":[{"taxonomy":"product_brand","embeddable":true,"href":"https:\/\/posana.com\/fr\/wp-json\/wp\/v2\/product_brand?post=24204"},{"taxonomy":"product_cat","embeddable":true,"href":"https:\/\/posana.com\/fr\/wp-json\/wp\/v2\/product_cat?post=24204"},{"taxonomy":"product_tag","embeddable":true,"href":"https:\/\/posana.com\/fr\/wp-json\/wp\/v2\/product_tag?post=24204"},{"taxonomy":"mwb_booking_cost","embeddable":true,"href":"https:\/\/posana.com\/fr\/wp-json\/wp\/v2\/mwb_booking_cost?post=24204"},{"taxonomy":"mwb_booking_service","embeddable":true,"href":"https:\/\/posana.com\/fr\/wp-json\/wp\/v2\/mwb_booking_service?post=24204"}],"curies":[{"name":"wp","href":"https:\/\/api.w.org\/{rel}","templated":true}]}}