{"id":24199,"date":"2025-01-10T13:23:50","date_gmt":"2025-01-10T13:23:50","guid":{"rendered":"https:\/\/posana.com\/?post_type=product&#038;p=24199"},"modified":"2025-01-28T09:12:53","modified_gmt":"2025-01-28T09:12:53","slug":"aloe-cleansing-mousse-organic","status":"publish","type":"product","link":"https:\/\/posana.com\/fr\/produit\/aloe-cleansing-mousse-organic\/","title":{"rendered":"Aloe Cleansing Mousse Bio"},"content":{"rendered":"<p>Deux fois par jour sur peau humide, appliquer la Mousse nettoyante d\u2019Aloe sur le visage et le cou puis masser d\u00e9licatement, rincer \u00e0 l\u2019eau.<\/p>\n<p><strong>routine matinale:<\/strong>\u00a0Aloe Cleansing Mousse + Pro-Microbiome Lotion<\/p>\n<p><strong>La routine nocturne:<\/strong>\u00a0Deep Cleansing Balm + Aloe Cleansing Mousse + Pro-Microbiome Lotion<\/p>\n<p><strong>Pr\u00e9cautions :\u00a0<\/strong>Pour usage adulte uniquement. Ne convient pas aux femmes enceintes ou allaitantes<\/p>\n<p>&nbsp;<\/p>\n<p><strong>Avantages<\/strong><\/p>\n<p>(1) Actions hydratantes, apaisantes et rafra\u00eechissantes, (2) Propri\u00e9t\u00e9s purifiantes, (3) Sans sulfate.<\/p>\n<p>&nbsp;<\/p>\n<p><strong>Ingr\u00e9dients (INCI)<\/strong><\/p>\n<p>Caprylyl\/Capryl Glucoside (agent moussant), glyc\u00e9rine (humectant), glycyrrhiza Glabra (Licorice) extrait de racine* (\u00e9mollient), Arctostaphylos Uva-Ursi extrait de feuille* (agent conditionneur de la peau), Salix Alba (Willow) extrait d'\u00e9corce* (agent conditionneur de la peau), Aloe Barbadensis jus de poudre* (agent conditionneur de la peau), Galactoarabbinan (agent formant le film), Caprylic\/Capric Triglyc\u00e9ride (agent conditionneur de la peau), Acide l\u00e9vonique (agent conditionneur de la peau), Cocamidopropyl Betaine (agent ch\u00e9lateur), Levulinate de sodium (agent conditionneur de la peau), Levulinate de sodium (agent conditionneur de la peau), Potassium Sorbate (agent conditionneur de la peau), Potassium Sorbate (agent conditionneur de la peau), Benzoate de sodium (agent conservateur).<\/p>\n<p><strong>COSMOS ORGANIC certifi\u00e9 par Ecocert Greenlife selon le r\u00e9f\u00e9rentiel COSMOS.<\/strong><\/p>\n<p>*ingr\u00e9dient issu de l\u2019Agriculture Biologique<br \/>\n88% des ingr\u00e9dients totaux proviennent de l'agriculture biologique.<br \/>\n99% du total est d\u2019origine naturelle.<\/p>","protected":false},"excerpt":{"rendered":"<p><strong>For all skin types<\/strong><\/p>\n<p>A purifying cleansing foam that gently cleanses the skin by removing impurities.<\/p>\n<p>[ 175 ml ]<\/p>\n","protected":false},"featured_media":24200,"comment_status":"open","ping_status":"closed","template":"","meta":{"om_disable_all_campaigns":false,"_monsterinsights_skip_tracking":false,"_monsterinsights_sitenote_active":false,"_monsterinsights_sitenote_note":"","_monsterinsights_sitenote_category":0},"product_brand":[],"product_cat":[159,174,169,162,158,163],"product_tag":[170],"mwb_booking_cost":[],"mwb_booking_service":[],"class_list":{"0":"post-24199","1":"product","2":"type-product","3":"status-publish","4":"has-post-thumbnail","6":"product_cat-absolute-pure","7":"product_cat-clinical-swiss-organics","8":"product_cat-collection","9":"product_cat-pregnancy","10":"product_cat-routines","11":"product_cat-sebum-control","12":"product_tag-physiodermie","15":"instock","16":"shipping-taxable","17":"purchasable","18":"product-type-simple","19":"product-grid-view"},"aioseo_notices":[],"_links":{"self":[{"href":"https:\/\/posana.com\/fr\/wp-json\/wp\/v2\/product\/24199","targetHints":{"allow":["GET"]}}],"collection":[{"href":"https:\/\/posana.com\/fr\/wp-json\/wp\/v2\/product"}],"about":[{"href":"https:\/\/posana.com\/fr\/wp-json\/wp\/v2\/types\/product"}],"replies":[{"embeddable":true,"href":"https:\/\/posana.com\/fr\/wp-json\/wp\/v2\/comments?post=24199"}],"version-history":[{"count":1,"href":"https:\/\/posana.com\/fr\/wp-json\/wp\/v2\/product\/24199\/revisions"}],"predecessor-version":[{"id":24201,"href":"https:\/\/posana.com\/fr\/wp-json\/wp\/v2\/product\/24199\/revisions\/24201"}],"wp:featuredmedia":[{"embeddable":true,"href":"https:\/\/posana.com\/fr\/wp-json\/wp\/v2\/media\/24200"}],"wp:attachment":[{"href":"https:\/\/posana.com\/fr\/wp-json\/wp\/v2\/media?parent=24199"}],"wp:term":[{"taxonomy":"product_brand","embeddable":true,"href":"https:\/\/posana.com\/fr\/wp-json\/wp\/v2\/product_brand?post=24199"},{"taxonomy":"product_cat","embeddable":true,"href":"https:\/\/posana.com\/fr\/wp-json\/wp\/v2\/product_cat?post=24199"},{"taxonomy":"product_tag","embeddable":true,"href":"https:\/\/posana.com\/fr\/wp-json\/wp\/v2\/product_tag?post=24199"},{"taxonomy":"mwb_booking_cost","embeddable":true,"href":"https:\/\/posana.com\/fr\/wp-json\/wp\/v2\/mwb_booking_cost?post=24199"},{"taxonomy":"mwb_booking_service","embeddable":true,"href":"https:\/\/posana.com\/fr\/wp-json\/wp\/v2\/mwb_booking_service?post=24199"}],"curies":[{"name":"wp","href":"https:\/\/api.w.org\/{rel}","templated":true}]}}