{"id":23593,"date":"2025-01-07T18:36:10","date_gmt":"2025-01-07T18:36:10","guid":{"rendered":"https:\/\/posana.com\/?post_type=product&#038;p=23593"},"modified":"2025-01-07T18:36:10","modified_gmt":"2025-01-07T18:36:10","slug":"fasciatherapy","status":"publish","type":"product","link":"https:\/\/posana.com\/fr\/produit\/fasciatherapy\/","title":{"rendered":"Fasciath\u00e9rapie"},"content":{"rendered":"<p><strong>Fasciath\u00e9rapie<\/strong> est une technique de massage sp\u00e9cialis\u00e9e qui cible le fascia, le tissu conjonctif entourant les muscles, les os et les organes. Au fil du temps, le stress, les blessures ou une mauvaise posture peuvent provoquer une contraction du fascia, ce qui entra\u00eene une g\u00eane et une limitation des mouvements. La fasciatherapie vise \u00e0 lib\u00e9rer cette tension par une pression cibl\u00e9e et des mouvements lents et d\u00e9lib\u00e9r\u00e9s.<\/p>\n<p>Cette th\u00e9rapie est tr\u00e8s efficace dans le traitement de la douleur chronique, de la raideur musculaire et l'am\u00e9lioration de la flexibilit\u00e9 globale et de la posture. Que vous vous remettiez d\u2019une blessure, que vous ressentiez une contraction musculaire ou que vous recherchiez simplement un soulagement du stress, la fasciath\u00e9rapie favorise une relaxation profonde et encourage les processus de gu\u00e9rison naturels du corps. Il est id\u00e9al pour les personnes souffrant de maladies telles que la fibromyalgie, la sciatique et les blessures sportives, aidant \u00e0 r\u00e9tablir l'\u00e9quilibre et am\u00e9liorer la mobilit\u00e9.<\/p>\n<p>D\u00e9couvrez les avantages de la Fasciatherapie avec une s\u00e9ance personnalis\u00e9e qui s\u2019adapte aux besoins uniques de votre corps. Laissez le toucher apaisant de la Fasciatherapy vous laisser vous sentir rajeuni et sans douleur.<\/p>","protected":false},"excerpt":{"rendered":"<p><strong>Fasciath\u00e9rapie<\/strong> est une technique de massage th\u00e9rapeutique qui se concentre sur la lib\u00e9ration de la tension et la promotion de la relaxation en travaillant sur le fascia (tissu conjonctif). Cette th\u00e9rapie tissulaire profonde aide \u00e0 soulager la douleur, \u00e0 am\u00e9liorer la mobilit\u00e9 et \u00e0 r\u00e9tablir l'\u00e9quilibre dans le corps. Id\u00e9al pour soulager la douleur chronique, l'\u00e9tanch\u00e9it\u00e9 musculaire et le stress.<\/p>","protected":false},"featured_media":23596,"comment_status":"open","ping_status":"closed","template":"","meta":{"om_disable_all_campaigns":false,"_monsterinsights_skip_tracking":false,"_monsterinsights_sitenote_active":false,"_monsterinsights_sitenote_note":"","_monsterinsights_sitenote_category":0},"product_brand":[],"product_cat":[147,139],"product_tag":[],"mwb_booking_cost":[],"mwb_booking_service":[],"class_list":{"0":"post-23593","1":"product","2":"type-product","3":"status-publish","4":"has-post-thumbnail","6":"product_cat-massage-therapy","7":"product_cat-services","10":"instock","11":"shipping-taxable","12":"purchasable","13":"product-type-variable","14":"product-grid-view"},"aioseo_notices":[],"_links":{"self":[{"href":"https:\/\/posana.com\/fr\/wp-json\/wp\/v2\/product\/23593","targetHints":{"allow":["GET"]}}],"collection":[{"href":"https:\/\/posana.com\/fr\/wp-json\/wp\/v2\/product"}],"about":[{"href":"https:\/\/posana.com\/fr\/wp-json\/wp\/v2\/types\/product"}],"replies":[{"embeddable":true,"href":"https:\/\/posana.com\/fr\/wp-json\/wp\/v2\/comments?post=23593"}],"version-history":[{"count":2,"href":"https:\/\/posana.com\/fr\/wp-json\/wp\/v2\/product\/23593\/revisions"}],"predecessor-version":[{"id":23598,"href":"https:\/\/posana.com\/fr\/wp-json\/wp\/v2\/product\/23593\/revisions\/23598"}],"wp:featuredmedia":[{"embeddable":true,"href":"https:\/\/posana.com\/fr\/wp-json\/wp\/v2\/media\/23596"}],"wp:attachment":[{"href":"https:\/\/posana.com\/fr\/wp-json\/wp\/v2\/media?parent=23593"}],"wp:term":[{"taxonomy":"product_brand","embeddable":true,"href":"https:\/\/posana.com\/fr\/wp-json\/wp\/v2\/product_brand?post=23593"},{"taxonomy":"product_cat","embeddable":true,"href":"https:\/\/posana.com\/fr\/wp-json\/wp\/v2\/product_cat?post=23593"},{"taxonomy":"product_tag","embeddable":true,"href":"https:\/\/posana.com\/fr\/wp-json\/wp\/v2\/product_tag?post=23593"},{"taxonomy":"mwb_booking_cost","embeddable":true,"href":"https:\/\/posana.com\/fr\/wp-json\/wp\/v2\/mwb_booking_cost?post=23593"},{"taxonomy":"mwb_booking_service","embeddable":true,"href":"https:\/\/posana.com\/fr\/wp-json\/wp\/v2\/mwb_booking_service?post=23593"}],"curies":[{"name":"wp","href":"https:\/\/api.w.org\/{rel}","templated":true}]}}