{"id":23350,"date":"2024-12-27T21:27:56","date_gmt":"2024-12-27T21:27:56","guid":{"rendered":"https:\/\/posana.com\/?post_type=product&#038;p=23350"},"modified":"2024-12-28T16:56:26","modified_gmt":"2024-12-28T16:56:26","slug":"icone-18-large-pom-pom-kabuki-with-fluffed-rounded-tip","status":"publish","type":"product","link":"https:\/\/posana.com\/fr\/produit\/icone-18-large-pom-pom-kabuki-with-fluffed-rounded-tip\/","title":{"rendered":"iCONE 18 POM POM LARGE KABUKI avec TIP FLUFFED ROUNDED"},"content":{"rendered":"<p>Cr\u00e9\u00e9 pour intensifier la performance de toute poudre de visage, y compris la fondation, l\u00e2che, press\u00e9, r\u00e9glage, ou bronzer, ce maquillage-must haute performance a \u00e9t\u00e9 con\u00e7u avec une forme g\u00e9n\u00e9reuse, extra-large et cachemire-doux poils pour une finition naturelle, ind\u00e9tectable et parfaitement tir\u00e9e ensemble. Facile \u00e0 appliquer sur le visage et le corps, cette brosse d'embellissement polyvalente et de niveau sup\u00e9rieur permet d'obtenir une finition compl\u00e8te et infaillible \u00e0 n'importe quel look.<\/p>\n<p><strong>COMMENT UTILISER<\/strong><\/p>\n<p>Pour \u00eatre utilis\u00e9 avec n'importe quelle poudre libre ou press\u00e9e, cette brosse va-\u00e0-la-jeu changeant va facilement r\u00e9gler et m\u00e9langer magnifiquement n'importe quel look de maquillage quand l\u00e9g\u00e8rement d\u00e9poussi\u00e9r\u00e9 sur le visage ou le corps.<\/p>","protected":false},"excerpt":{"rendered":"<p>Created to intensify the performance of any face powder, including foundation, loose, pressed, setting, or bronzer, this high-performance makeup-must was designed with a generous, extra-wide shape and cashmere-soft bristles for a natural, undetectable, and perfectly pulled-together finish. Easy to apply on both the face and body, this versatile, next-level designed beautifying brush ensures an all-over, [&hellip;]<\/p>\n","protected":false},"featured_media":23418,"comment_status":"open","ping_status":"closed","template":"","meta":{"om_disable_all_campaigns":false,"_monsterinsights_skip_tracking":false,"_monsterinsights_sitenote_active":false,"_monsterinsights_sitenote_note":"","_monsterinsights_sitenote_category":0},"product_brand":[],"product_cat":[63],"product_tag":[],"mwb_booking_cost":[],"mwb_booking_service":[],"class_list":{"0":"post-23350","1":"product","2":"type-product","3":"status-publish","4":"has-post-thumbnail","6":"product_cat-beauty-essentials","9":"instock","10":"shipping-taxable","11":"purchasable","12":"product-type-simple","13":"product-grid-view"},"aioseo_notices":[],"_links":{"self":[{"href":"https:\/\/posana.com\/fr\/wp-json\/wp\/v2\/product\/23350","targetHints":{"allow":["GET"]}}],"collection":[{"href":"https:\/\/posana.com\/fr\/wp-json\/wp\/v2\/product"}],"about":[{"href":"https:\/\/posana.com\/fr\/wp-json\/wp\/v2\/types\/product"}],"replies":[{"embeddable":true,"href":"https:\/\/posana.com\/fr\/wp-json\/wp\/v2\/comments?post=23350"}],"version-history":[{"count":2,"href":"https:\/\/posana.com\/fr\/wp-json\/wp\/v2\/product\/23350\/revisions"}],"predecessor-version":[{"id":23419,"href":"https:\/\/posana.com\/fr\/wp-json\/wp\/v2\/product\/23350\/revisions\/23419"}],"wp:featuredmedia":[{"embeddable":true,"href":"https:\/\/posana.com\/fr\/wp-json\/wp\/v2\/media\/23418"}],"wp:attachment":[{"href":"https:\/\/posana.com\/fr\/wp-json\/wp\/v2\/media?parent=23350"}],"wp:term":[{"taxonomy":"product_brand","embeddable":true,"href":"https:\/\/posana.com\/fr\/wp-json\/wp\/v2\/product_brand?post=23350"},{"taxonomy":"product_cat","embeddable":true,"href":"https:\/\/posana.com\/fr\/wp-json\/wp\/v2\/product_cat?post=23350"},{"taxonomy":"product_tag","embeddable":true,"href":"https:\/\/posana.com\/fr\/wp-json\/wp\/v2\/product_tag?post=23350"},{"taxonomy":"mwb_booking_cost","embeddable":true,"href":"https:\/\/posana.com\/fr\/wp-json\/wp\/v2\/mwb_booking_cost?post=23350"},{"taxonomy":"mwb_booking_service","embeddable":true,"href":"https:\/\/posana.com\/fr\/wp-json\/wp\/v2\/mwb_booking_service?post=23350"}],"curies":[{"name":"wp","href":"https:\/\/api.w.org\/{rel}","templated":true}]}}