{"id":23349,"date":"2024-12-27T21:27:56","date_gmt":"2024-12-27T21:27:56","guid":{"rendered":"https:\/\/posana.com\/?post_type=product&#038;p=23349"},"modified":"2024-12-28T16:53:38","modified_gmt":"2024-12-28T16:53:38","slug":"icone-17-tapered-face-brush","status":"publish","type":"product","link":"https:\/\/posana.com\/fr\/produit\/icone-17-tapered-face-brush\/","title":{"rendered":"iCONE 17 TAPERED FACE BRUSH"},"content":{"rendered":"<p>Bronze, m\u00e9lange, contour et mettre en \u00e9vidence les joues, temples, front, menton et nez tout pour la perfection pr\u00eate \u00e0 la cam\u00e9ra avec cette brosse \u00e0 point conique con\u00e7ue de mani\u00e8re innovante. Votre compagnon de contournement, la t\u00eate douce et pleine se m\u00e9lange, adoucit et lisse chaque application, emp\u00eachant les lignes dures et conteuses.<\/p>\n<p><strong>COMMENT UTILISER<\/strong><\/p>\n<p>Pour \u00eatre utilis\u00e9 avec des produits \u00e0 base de poudre, balayez doucement les brosses \u00e0 travers les pommettes, le front et les temples, cr\u00e9ant et am\u00e9liorant un teint l\u00e9g\u00e8rement profil\u00e9.<\/p>","protected":false},"excerpt":{"rendered":"<p>Bronze, blend, contour, and highlight cheeks, temples, forehead, chin, and nose all to camera-ready perfection with this innovatively-designed tapered point brush. Your contouring companion, the soft, full head blends, softens, and smoothes each application, preventing hard, tell-tale lines. HOW TO USE To be used with powder-based products, gently sweep brush across cheekbones, forehead, and temples, [&hellip;]<\/p>\n","protected":false},"featured_media":23416,"comment_status":"open","ping_status":"closed","template":"","meta":{"om_disable_all_campaigns":false,"_monsterinsights_skip_tracking":false,"_monsterinsights_sitenote_active":false,"_monsterinsights_sitenote_note":"","_monsterinsights_sitenote_category":0},"product_brand":[],"product_cat":[63],"product_tag":[],"mwb_booking_cost":[],"mwb_booking_service":[],"class_list":{"0":"post-23349","1":"product","2":"type-product","3":"status-publish","4":"has-post-thumbnail","6":"product_cat-beauty-essentials","9":"instock","10":"shipping-taxable","11":"purchasable","12":"product-type-simple","13":"product-grid-view"},"aioseo_notices":[],"_links":{"self":[{"href":"https:\/\/posana.com\/fr\/wp-json\/wp\/v2\/product\/23349","targetHints":{"allow":["GET"]}}],"collection":[{"href":"https:\/\/posana.com\/fr\/wp-json\/wp\/v2\/product"}],"about":[{"href":"https:\/\/posana.com\/fr\/wp-json\/wp\/v2\/types\/product"}],"replies":[{"embeddable":true,"href":"https:\/\/posana.com\/fr\/wp-json\/wp\/v2\/comments?post=23349"}],"version-history":[{"count":2,"href":"https:\/\/posana.com\/fr\/wp-json\/wp\/v2\/product\/23349\/revisions"}],"predecessor-version":[{"id":23417,"href":"https:\/\/posana.com\/fr\/wp-json\/wp\/v2\/product\/23349\/revisions\/23417"}],"wp:featuredmedia":[{"embeddable":true,"href":"https:\/\/posana.com\/fr\/wp-json\/wp\/v2\/media\/23416"}],"wp:attachment":[{"href":"https:\/\/posana.com\/fr\/wp-json\/wp\/v2\/media?parent=23349"}],"wp:term":[{"taxonomy":"product_brand","embeddable":true,"href":"https:\/\/posana.com\/fr\/wp-json\/wp\/v2\/product_brand?post=23349"},{"taxonomy":"product_cat","embeddable":true,"href":"https:\/\/posana.com\/fr\/wp-json\/wp\/v2\/product_cat?post=23349"},{"taxonomy":"product_tag","embeddable":true,"href":"https:\/\/posana.com\/fr\/wp-json\/wp\/v2\/product_tag?post=23349"},{"taxonomy":"mwb_booking_cost","embeddable":true,"href":"https:\/\/posana.com\/fr\/wp-json\/wp\/v2\/mwb_booking_cost?post=23349"},{"taxonomy":"mwb_booking_service","embeddable":true,"href":"https:\/\/posana.com\/fr\/wp-json\/wp\/v2\/mwb_booking_service?post=23349"}],"curies":[{"name":"wp","href":"https:\/\/api.w.org\/{rel}","templated":true}]}}