{"id":23348,"date":"2024-12-27T21:27:56","date_gmt":"2024-12-27T21:27:56","guid":{"rendered":"https:\/\/posana.com\/?post_type=product&#038;p=23348"},"modified":"2024-12-28T16:51:25","modified_gmt":"2024-12-28T16:51:25","slug":"icone-16-duo-fiber-face-brush","status":"publish","type":"product","link":"https:\/\/posana.com\/fr\/produit\/icone-16-duo-fiber-face-brush\/","title":{"rendered":"iCONE 16 DUO FIBER FACE BRUSH"},"content":{"rendered":"<p>L'outil qui effectue double devoir, cette brosse dispose de deux poils diff\u00e9rents et distincts con\u00e7us pour une application de maquillage professionnel personnalis\u00e9e \u00e0 chaque fois. Les poils inf\u00e9rieurs tiennent le produit, tandis que les poils sup\u00e9rieurs lib\u00e8rent le produit, cr\u00e9ant ing\u00e9nieusement des couches et des textures douces pour un look plus multidimensionnel et ros\u00e9. Fibres synth\u00e9tiques en fibres cr\u00e9\u00e9es pour faciliter et utiliser avec la cr\u00e8me, le liquide ou la poudre maquillage.<\/p>\n<p><strong>COMMENT UTILISER<\/strong><\/p>\n<p>Ajouter le produit au pinceau et appliquer doucement sur le visage pour un look l\u00e9ger. Pour une couverture plus constructible, r\u00e9p\u00e9tez jusqu'\u00e0 ce que l'apparence souhait\u00e9e soit atteinte.<\/p>","protected":false},"excerpt":{"rendered":"<p>The tool that performs double duty, this brush boasts two different and distinct bristles designed for a customized, professional makeup application every time. Lower bristles hold product, while upper bristles release product, ingeniously creating soft layers and textures for a more multi-dimensional, dewy look. Synthetic fibered fibers created for ease and use with cream, liquid, [&hellip;]<\/p>\n","protected":false},"featured_media":23414,"comment_status":"open","ping_status":"closed","template":"","meta":{"om_disable_all_campaigns":false,"_monsterinsights_skip_tracking":false,"_monsterinsights_sitenote_active":false,"_monsterinsights_sitenote_note":"","_monsterinsights_sitenote_category":0},"product_brand":[],"product_cat":[63],"product_tag":[],"mwb_booking_cost":[],"mwb_booking_service":[],"class_list":{"0":"post-23348","1":"product","2":"type-product","3":"status-publish","4":"has-post-thumbnail","6":"product_cat-beauty-essentials","9":"instock","10":"shipping-taxable","11":"purchasable","12":"product-type-simple","13":"product-grid-view"},"aioseo_notices":[],"_links":{"self":[{"href":"https:\/\/posana.com\/fr\/wp-json\/wp\/v2\/product\/23348","targetHints":{"allow":["GET"]}}],"collection":[{"href":"https:\/\/posana.com\/fr\/wp-json\/wp\/v2\/product"}],"about":[{"href":"https:\/\/posana.com\/fr\/wp-json\/wp\/v2\/types\/product"}],"replies":[{"embeddable":true,"href":"https:\/\/posana.com\/fr\/wp-json\/wp\/v2\/comments?post=23348"}],"version-history":[{"count":2,"href":"https:\/\/posana.com\/fr\/wp-json\/wp\/v2\/product\/23348\/revisions"}],"predecessor-version":[{"id":23415,"href":"https:\/\/posana.com\/fr\/wp-json\/wp\/v2\/product\/23348\/revisions\/23415"}],"wp:featuredmedia":[{"embeddable":true,"href":"https:\/\/posana.com\/fr\/wp-json\/wp\/v2\/media\/23414"}],"wp:attachment":[{"href":"https:\/\/posana.com\/fr\/wp-json\/wp\/v2\/media?parent=23348"}],"wp:term":[{"taxonomy":"product_brand","embeddable":true,"href":"https:\/\/posana.com\/fr\/wp-json\/wp\/v2\/product_brand?post=23348"},{"taxonomy":"product_cat","embeddable":true,"href":"https:\/\/posana.com\/fr\/wp-json\/wp\/v2\/product_cat?post=23348"},{"taxonomy":"product_tag","embeddable":true,"href":"https:\/\/posana.com\/fr\/wp-json\/wp\/v2\/product_tag?post=23348"},{"taxonomy":"mwb_booking_cost","embeddable":true,"href":"https:\/\/posana.com\/fr\/wp-json\/wp\/v2\/mwb_booking_cost?post=23348"},{"taxonomy":"mwb_booking_service","embeddable":true,"href":"https:\/\/posana.com\/fr\/wp-json\/wp\/v2\/mwb_booking_service?post=23348"}],"curies":[{"name":"wp","href":"https:\/\/api.w.org\/{rel}","templated":true}]}}