{"id":23347,"date":"2024-12-27T21:27:56","date_gmt":"2024-12-27T21:27:56","guid":{"rendered":"https:\/\/posana.com\/?post_type=product&#038;p=23347"},"modified":"2024-12-28T16:47:48","modified_gmt":"2024-12-28T16:47:48","slug":"icone-15-rounded-slant-brush","status":"publish","type":"product","link":"https:\/\/posana.com\/fr\/produit\/icone-15-rounded-slant-brush\/","title":{"rendered":"iCONE 15 ROUNDED SLANT BRUSH"},"content":{"rendered":"<p>Une forme inclin\u00e9e arrondie et l\u00e9g\u00e8rement bomb\u00e9e \u2013 associ\u00e9e \u00e0 des fibres synth\u00e9tiques de brosse dens\u00e9ment emball\u00e9es, luxueusement douces \u2013 en fait l\u2019outil id\u00e9al pour appliquer, buffing, m\u00e9langer et flouer des cr\u00e8mes et des liquides plus \u00e9pais pour un look lisse, uniforme et a\u00e9rographe.<\/p>\n<p><strong>COMMENT UTILISER<\/strong><\/p>\n<p>Appliquer le produit sur les zones de visage souhait\u00e9es. Utiliser la brosse, le buff et m\u00e9langer m\u00eame les formulations les plus \u00e9paisses et \u00e0 couverture compl\u00e8te dans une perfection imperceptible.<\/p>","protected":false},"excerpt":{"rendered":"<p>A rounded and slightly domed, slanted shape \u2013 paired with densely-packed, luxuriously soft, synthetic brush fibers\u2013 makes this the ideal tool for applying, buffing, blending, and blurring thicker creams and liquids for a smooth, evened, and airbrushed-like look. HOW TO USE Apply product onto desired areas of face. Using brush, buff and blend even the [&hellip;]<\/p>\n","protected":false},"featured_media":23412,"comment_status":"open","ping_status":"closed","template":"","meta":{"om_disable_all_campaigns":false,"_monsterinsights_skip_tracking":false,"_monsterinsights_sitenote_active":false,"_monsterinsights_sitenote_note":"","_monsterinsights_sitenote_category":0},"product_brand":[],"product_cat":[63],"product_tag":[],"mwb_booking_cost":[],"mwb_booking_service":[],"class_list":{"0":"post-23347","1":"product","2":"type-product","3":"status-publish","4":"has-post-thumbnail","6":"product_cat-beauty-essentials","9":"instock","10":"shipping-taxable","11":"purchasable","12":"product-type-simple","13":"product-grid-view"},"aioseo_notices":[],"_links":{"self":[{"href":"https:\/\/posana.com\/fr\/wp-json\/wp\/v2\/product\/23347","targetHints":{"allow":["GET"]}}],"collection":[{"href":"https:\/\/posana.com\/fr\/wp-json\/wp\/v2\/product"}],"about":[{"href":"https:\/\/posana.com\/fr\/wp-json\/wp\/v2\/types\/product"}],"replies":[{"embeddable":true,"href":"https:\/\/posana.com\/fr\/wp-json\/wp\/v2\/comments?post=23347"}],"version-history":[{"count":2,"href":"https:\/\/posana.com\/fr\/wp-json\/wp\/v2\/product\/23347\/revisions"}],"predecessor-version":[{"id":23413,"href":"https:\/\/posana.com\/fr\/wp-json\/wp\/v2\/product\/23347\/revisions\/23413"}],"wp:featuredmedia":[{"embeddable":true,"href":"https:\/\/posana.com\/fr\/wp-json\/wp\/v2\/media\/23412"}],"wp:attachment":[{"href":"https:\/\/posana.com\/fr\/wp-json\/wp\/v2\/media?parent=23347"}],"wp:term":[{"taxonomy":"product_brand","embeddable":true,"href":"https:\/\/posana.com\/fr\/wp-json\/wp\/v2\/product_brand?post=23347"},{"taxonomy":"product_cat","embeddable":true,"href":"https:\/\/posana.com\/fr\/wp-json\/wp\/v2\/product_cat?post=23347"},{"taxonomy":"product_tag","embeddable":true,"href":"https:\/\/posana.com\/fr\/wp-json\/wp\/v2\/product_tag?post=23347"},{"taxonomy":"mwb_booking_cost","embeddable":true,"href":"https:\/\/posana.com\/fr\/wp-json\/wp\/v2\/mwb_booking_cost?post=23347"},{"taxonomy":"mwb_booking_service","embeddable":true,"href":"https:\/\/posana.com\/fr\/wp-json\/wp\/v2\/mwb_booking_service?post=23347"}],"curies":[{"name":"wp","href":"https:\/\/api.w.org\/{rel}","templated":true}]}}