{"id":23346,"date":"2024-12-27T21:27:56","date_gmt":"2024-12-27T21:27:56","guid":{"rendered":"https:\/\/posana.com\/?post_type=product&#038;p=23346"},"modified":"2024-12-28T16:43:23","modified_gmt":"2024-12-28T16:43:23","slug":"icone-14-full-coverage-foundation-brush","status":"publish","type":"product","link":"https:\/\/posana.com\/fr\/produit\/icone-14-full-coverage-foundation-brush\/","title":{"rendered":"iCONE 14 FOUNDATION DE COVERAGE complet"},"content":{"rendered":"<p>Con\u00e7u pour la perfection ultime, pleine couverture de teint, cette brosse ultra-douce avec des poils courts et serr\u00e9s cr\u00e9e une application de maquillage impeccable pr\u00eate \u00e0 tapis rouge tout en emp\u00eachant la brillance et la mise en cage. Le mate de maquillage parfait pour les formules de fondation liquide et cr\u00e8me.<\/p>\n<p><strong>COMMENT UTILISER<\/strong><\/p>\n<p>Appliquer la quantit\u00e9 souhait\u00e9e de produit dans toutes les zones du visage. Doubler doucement et m\u00e9langer en utilisant des mouvements circulaires pour une perfection de teint poli.<\/p>","protected":false},"excerpt":{"rendered":"<p>Designed for the ultimate, full-coverage complexion-perfection, this ultra-soft brush with short, tightly-packed bristles creates a red carpet-ready, flawless makeup application while preventing shine and caking. The perfect makeup mate for liquid and cream foundation formulas. HOW TO USE Apply desired amount of product in all areas of face. Gently buff and blend using circular motions [&hellip;]<\/p>\n","protected":false},"featured_media":23410,"comment_status":"open","ping_status":"closed","template":"","meta":{"om_disable_all_campaigns":false,"_monsterinsights_skip_tracking":false,"_monsterinsights_sitenote_active":false,"_monsterinsights_sitenote_note":"","_monsterinsights_sitenote_category":0},"product_brand":[],"product_cat":[63],"product_tag":[],"mwb_booking_cost":[],"mwb_booking_service":[],"class_list":{"0":"post-23346","1":"product","2":"type-product","3":"status-publish","4":"has-post-thumbnail","6":"product_cat-beauty-essentials","9":"instock","10":"shipping-taxable","11":"purchasable","12":"product-type-simple","13":"product-grid-view"},"aioseo_notices":[],"_links":{"self":[{"href":"https:\/\/posana.com\/fr\/wp-json\/wp\/v2\/product\/23346","targetHints":{"allow":["GET"]}}],"collection":[{"href":"https:\/\/posana.com\/fr\/wp-json\/wp\/v2\/product"}],"about":[{"href":"https:\/\/posana.com\/fr\/wp-json\/wp\/v2\/types\/product"}],"replies":[{"embeddable":true,"href":"https:\/\/posana.com\/fr\/wp-json\/wp\/v2\/comments?post=23346"}],"version-history":[{"count":2,"href":"https:\/\/posana.com\/fr\/wp-json\/wp\/v2\/product\/23346\/revisions"}],"predecessor-version":[{"id":23411,"href":"https:\/\/posana.com\/fr\/wp-json\/wp\/v2\/product\/23346\/revisions\/23411"}],"wp:featuredmedia":[{"embeddable":true,"href":"https:\/\/posana.com\/fr\/wp-json\/wp\/v2\/media\/23410"}],"wp:attachment":[{"href":"https:\/\/posana.com\/fr\/wp-json\/wp\/v2\/media?parent=23346"}],"wp:term":[{"taxonomy":"product_brand","embeddable":true,"href":"https:\/\/posana.com\/fr\/wp-json\/wp\/v2\/product_brand?post=23346"},{"taxonomy":"product_cat","embeddable":true,"href":"https:\/\/posana.com\/fr\/wp-json\/wp\/v2\/product_cat?post=23346"},{"taxonomy":"product_tag","embeddable":true,"href":"https:\/\/posana.com\/fr\/wp-json\/wp\/v2\/product_tag?post=23346"},{"taxonomy":"mwb_booking_cost","embeddable":true,"href":"https:\/\/posana.com\/fr\/wp-json\/wp\/v2\/mwb_booking_cost?post=23346"},{"taxonomy":"mwb_booking_service","embeddable":true,"href":"https:\/\/posana.com\/fr\/wp-json\/wp\/v2\/mwb_booking_service?post=23346"}],"curies":[{"name":"wp","href":"https:\/\/api.w.org\/{rel}","templated":true}]}}