{"id":23345,"date":"2024-12-27T21:27:56","date_gmt":"2024-12-27T21:27:56","guid":{"rendered":"https:\/\/posana.com\/?post_type=product&#038;p=23345"},"modified":"2024-12-28T16:40:13","modified_gmt":"2024-12-28T16:40:13","slug":"icone-13-angled-contour-brush","status":"publish","type":"product","link":"https:\/\/posana.com\/fr\/produit\/icone-13-angled-contour-brush\/","title":{"rendered":"iCONE 13 ANGLED CONTOUR BRUSH"},"content":{"rendered":"<p>Prenez votre jeu de contour au niveau sup\u00e9rieur avec ce tout premier brosse \u00e0 contour inclin\u00e9 con\u00e7u avec des poils courts synth\u00e9tiques super lisses qui atteignent chaque pli et crevasse digne de contour. Les poils denses raccourcis sans pr\u00e9c\u00e9dent permettent une application rapide, hautement contr\u00f4l\u00e9e, et m\u00eame de liquides, gels, cr\u00e8me et poudre formulations. Profitez d'une finition buff\u00e9, belle et impeccable en moins de temps.<\/p>\n<p><strong>COMMENT UTILISER<\/strong><\/p>\n<p>Pour \u00eatre utilis\u00e9 avec n'importe quelle cr\u00e8me, liquide, poudre ou formule de contour de gel, ajouter une nuance plus fonc\u00e9e au front, pommettes, ligne de m\u00e2choire et zones de nez pour d\u00e9finir sans effort les zones, tout en formant le produit vers la zone surlign\u00e9e pour un teint d\u00e9fini, pr\u00eat \u00e0 la cam\u00e9ra.<\/p>","protected":false},"excerpt":{"rendered":"<p>Take your contouring game to the next level with this first-ever slanted top contour brush designed with super smooth, synthetic short bristles that reach every contour-worthy crease and crevice. The unprecedented shortened, dense bristles allow for a quick, highly-controlled, and even application of liquid, gel, cream, and powder formulations. Enjoy a buffed, beautiful, flawless finish [&hellip;]<\/p>\n","protected":false},"featured_media":23408,"comment_status":"open","ping_status":"closed","template":"","meta":{"om_disable_all_campaigns":false,"_monsterinsights_skip_tracking":false,"_monsterinsights_sitenote_active":false,"_monsterinsights_sitenote_note":"","_monsterinsights_sitenote_category":0},"product_brand":[],"product_cat":[63],"product_tag":[],"mwb_booking_cost":[],"mwb_booking_service":[],"class_list":{"0":"post-23345","1":"product","2":"type-product","3":"status-publish","4":"has-post-thumbnail","6":"product_cat-beauty-essentials","9":"instock","10":"shipping-taxable","11":"purchasable","12":"product-type-simple","13":"product-grid-view"},"aioseo_notices":[],"_links":{"self":[{"href":"https:\/\/posana.com\/fr\/wp-json\/wp\/v2\/product\/23345","targetHints":{"allow":["GET"]}}],"collection":[{"href":"https:\/\/posana.com\/fr\/wp-json\/wp\/v2\/product"}],"about":[{"href":"https:\/\/posana.com\/fr\/wp-json\/wp\/v2\/types\/product"}],"replies":[{"embeddable":true,"href":"https:\/\/posana.com\/fr\/wp-json\/wp\/v2\/comments?post=23345"}],"version-history":[{"count":2,"href":"https:\/\/posana.com\/fr\/wp-json\/wp\/v2\/product\/23345\/revisions"}],"predecessor-version":[{"id":23409,"href":"https:\/\/posana.com\/fr\/wp-json\/wp\/v2\/product\/23345\/revisions\/23409"}],"wp:featuredmedia":[{"embeddable":true,"href":"https:\/\/posana.com\/fr\/wp-json\/wp\/v2\/media\/23408"}],"wp:attachment":[{"href":"https:\/\/posana.com\/fr\/wp-json\/wp\/v2\/media?parent=23345"}],"wp:term":[{"taxonomy":"product_brand","embeddable":true,"href":"https:\/\/posana.com\/fr\/wp-json\/wp\/v2\/product_brand?post=23345"},{"taxonomy":"product_cat","embeddable":true,"href":"https:\/\/posana.com\/fr\/wp-json\/wp\/v2\/product_cat?post=23345"},{"taxonomy":"product_tag","embeddable":true,"href":"https:\/\/posana.com\/fr\/wp-json\/wp\/v2\/product_tag?post=23345"},{"taxonomy":"mwb_booking_cost","embeddable":true,"href":"https:\/\/posana.com\/fr\/wp-json\/wp\/v2\/mwb_booking_cost?post=23345"},{"taxonomy":"mwb_booking_service","embeddable":true,"href":"https:\/\/posana.com\/fr\/wp-json\/wp\/v2\/mwb_booking_service?post=23345"}],"curies":[{"name":"wp","href":"https:\/\/api.w.org\/{rel}","templated":true}]}}