{"id":23344,"date":"2024-12-27T21:27:56","date_gmt":"2024-12-27T21:27:56","guid":{"rendered":"https:\/\/posana.com\/?post_type=product&#038;p=23344"},"modified":"2024-12-28T16:37:01","modified_gmt":"2024-12-28T16:37:01","slug":"icone-12-oval-shaped-foundation-brush","status":"publish","type":"product","link":"https:\/\/posana.com\/fr\/produit\/icone-12-oval-shaped-foundation-brush\/","title":{"rendered":"iCONE 12 OVAL SHAPED FOUNDATION BRUSH"},"content":{"rendered":"<p>Cette brosse de fondation courte, robuste, ovale s'applique sans effort et m\u00e9lange magnifiquement n'importe quel liquide, cr\u00e8me ou base de poudre pour une finition impeccable comme a\u00e9rographe. Appliquer des fondations liquides, de la cr\u00e8me ou de la poudre de fondation sur votre peau. M\u00e9langez doucement le produit en mouvement circulaire et doux. Creux de vos yeux, c\u00f4t\u00e9s de votre nez et de votre cou pour une finition a\u00e9rographe.<\/p>\n<p><strong>COMMENT UTILISER<\/strong><\/p>\n<p>Appliquer tout fond de teint liquide, cr\u00e8me ou poudre sur la peau et doucement gonfler, m\u00e9langer et flouer en utilisant des mouvements circulaires jusqu'\u00e0 ce que l'apparence souhait\u00e9e soit atteinte.<\/p>","protected":false},"excerpt":{"rendered":"<p>This short, stout, oval-shaped foundation brush effortlessly applies and beautifully blends any liquid, cream, or powder-based foundation for an airbrush-like, flawless finish. Apply liquid foundation, cream or foundation powder on your skin. Gently blend the product in gentle, circular motion. Hollow of your eyes, sides of your nose and neck area for an airbrushed finish. [&hellip;]<\/p>\n","protected":false},"featured_media":23406,"comment_status":"open","ping_status":"closed","template":"","meta":{"om_disable_all_campaigns":false,"_monsterinsights_skip_tracking":false,"_monsterinsights_sitenote_active":false,"_monsterinsights_sitenote_note":"","_monsterinsights_sitenote_category":0},"product_brand":[],"product_cat":[63],"product_tag":[],"mwb_booking_cost":[],"mwb_booking_service":[],"class_list":{"0":"post-23344","1":"product","2":"type-product","3":"status-publish","4":"has-post-thumbnail","6":"product_cat-beauty-essentials","9":"instock","10":"shipping-taxable","11":"purchasable","12":"product-type-simple","13":"product-grid-view"},"aioseo_notices":[],"_links":{"self":[{"href":"https:\/\/posana.com\/fr\/wp-json\/wp\/v2\/product\/23344","targetHints":{"allow":["GET"]}}],"collection":[{"href":"https:\/\/posana.com\/fr\/wp-json\/wp\/v2\/product"}],"about":[{"href":"https:\/\/posana.com\/fr\/wp-json\/wp\/v2\/types\/product"}],"replies":[{"embeddable":true,"href":"https:\/\/posana.com\/fr\/wp-json\/wp\/v2\/comments?post=23344"}],"version-history":[{"count":2,"href":"https:\/\/posana.com\/fr\/wp-json\/wp\/v2\/product\/23344\/revisions"}],"predecessor-version":[{"id":23407,"href":"https:\/\/posana.com\/fr\/wp-json\/wp\/v2\/product\/23344\/revisions\/23407"}],"wp:featuredmedia":[{"embeddable":true,"href":"https:\/\/posana.com\/fr\/wp-json\/wp\/v2\/media\/23406"}],"wp:attachment":[{"href":"https:\/\/posana.com\/fr\/wp-json\/wp\/v2\/media?parent=23344"}],"wp:term":[{"taxonomy":"product_brand","embeddable":true,"href":"https:\/\/posana.com\/fr\/wp-json\/wp\/v2\/product_brand?post=23344"},{"taxonomy":"product_cat","embeddable":true,"href":"https:\/\/posana.com\/fr\/wp-json\/wp\/v2\/product_cat?post=23344"},{"taxonomy":"product_tag","embeddable":true,"href":"https:\/\/posana.com\/fr\/wp-json\/wp\/v2\/product_tag?post=23344"},{"taxonomy":"mwb_booking_cost","embeddable":true,"href":"https:\/\/posana.com\/fr\/wp-json\/wp\/v2\/mwb_booking_cost?post=23344"},{"taxonomy":"mwb_booking_service","embeddable":true,"href":"https:\/\/posana.com\/fr\/wp-json\/wp\/v2\/mwb_booking_service?post=23344"}],"curies":[{"name":"wp","href":"https:\/\/api.w.org\/{rel}","templated":true}]}}