{"id":23343,"date":"2024-12-27T21:27:56","date_gmt":"2024-12-27T21:27:56","guid":{"rendered":"https:\/\/posana.com\/?post_type=product&#038;p=23343"},"modified":"2024-12-28T16:33:29","modified_gmt":"2024-12-28T16:33:29","slug":"icone-11-liquid-foundation-brush","status":"publish","type":"product","link":"https:\/\/posana.com\/fr\/produit\/icone-11-liquid-foundation-brush\/","title":{"rendered":"iCONE 11 LIQUID FOUNDATION BRUSH"},"content":{"rendered":"<p>Sp\u00e9cifiquement con\u00e7u pour une application parfaite et une blendabilit\u00e9 de toute cr\u00e8me ou fondation \u00e0 base de liquide, ce iCONE LIQUID FOUNDATION BRUSH a une pointe conique compos\u00e9e de poils naturels et de fibres synth\u00e9tiques qui offrent la quantit\u00e9 exacte de couverture pour une finition sans faille de type porcelaine.<\/p>\n<p><strong>COMMENT UTILISER<\/strong><\/p>\n<p>Pour \u00eatre utilis\u00e9 avec n'importe quelle fondation \u00e0 base de liquide ou de cr\u00e8me, trempez la t\u00eate de brosse dans le produit de choix et appliquez sur le front, les joues et les zones de menton du visage. M\u00e9langer et flouer jusqu'\u00e0 ce que la finition impeccable souhait\u00e9e soit atteinte.<\/p>","protected":false},"excerpt":{"rendered":"<p>Specifically designed for precision-perfect application and blendability of any cream or liquid-based foundation, this iCONE LIQUID FOUNDATION BRUSH has a tapered tip comprised of natural bristles and synthetic fibers that deliver the exact amount of coverage for a porcelain-like, flawless finish. HOW TO USE To be used with any liquid or cream-based foundation, dip brush [&hellip;]<\/p>\n","protected":false},"featured_media":23404,"comment_status":"open","ping_status":"closed","template":"","meta":{"om_disable_all_campaigns":false,"_monsterinsights_skip_tracking":false,"_monsterinsights_sitenote_active":false,"_monsterinsights_sitenote_note":"","_monsterinsights_sitenote_category":0},"product_brand":[],"product_cat":[63],"product_tag":[],"mwb_booking_cost":[],"mwb_booking_service":[],"class_list":{"0":"post-23343","1":"product","2":"type-product","3":"status-publish","4":"has-post-thumbnail","6":"product_cat-beauty-essentials","9":"instock","10":"shipping-taxable","11":"purchasable","12":"product-type-simple","13":"product-grid-view"},"aioseo_notices":[],"_links":{"self":[{"href":"https:\/\/posana.com\/fr\/wp-json\/wp\/v2\/product\/23343","targetHints":{"allow":["GET"]}}],"collection":[{"href":"https:\/\/posana.com\/fr\/wp-json\/wp\/v2\/product"}],"about":[{"href":"https:\/\/posana.com\/fr\/wp-json\/wp\/v2\/types\/product"}],"replies":[{"embeddable":true,"href":"https:\/\/posana.com\/fr\/wp-json\/wp\/v2\/comments?post=23343"}],"version-history":[{"count":2,"href":"https:\/\/posana.com\/fr\/wp-json\/wp\/v2\/product\/23343\/revisions"}],"predecessor-version":[{"id":23405,"href":"https:\/\/posana.com\/fr\/wp-json\/wp\/v2\/product\/23343\/revisions\/23405"}],"wp:featuredmedia":[{"embeddable":true,"href":"https:\/\/posana.com\/fr\/wp-json\/wp\/v2\/media\/23404"}],"wp:attachment":[{"href":"https:\/\/posana.com\/fr\/wp-json\/wp\/v2\/media?parent=23343"}],"wp:term":[{"taxonomy":"product_brand","embeddable":true,"href":"https:\/\/posana.com\/fr\/wp-json\/wp\/v2\/product_brand?post=23343"},{"taxonomy":"product_cat","embeddable":true,"href":"https:\/\/posana.com\/fr\/wp-json\/wp\/v2\/product_cat?post=23343"},{"taxonomy":"product_tag","embeddable":true,"href":"https:\/\/posana.com\/fr\/wp-json\/wp\/v2\/product_tag?post=23343"},{"taxonomy":"mwb_booking_cost","embeddable":true,"href":"https:\/\/posana.com\/fr\/wp-json\/wp\/v2\/mwb_booking_cost?post=23343"},{"taxonomy":"mwb_booking_service","embeddable":true,"href":"https:\/\/posana.com\/fr\/wp-json\/wp\/v2\/mwb_booking_service?post=23343"}],"curies":[{"name":"wp","href":"https:\/\/api.w.org\/{rel}","templated":true}]}}