{"id":23342,"date":"2024-12-27T21:27:56","date_gmt":"2024-12-27T21:27:56","guid":{"rendered":"https:\/\/posana.com\/?post_type=product&#038;p=23342"},"modified":"2024-12-28T16:30:22","modified_gmt":"2024-12-28T16:30:22","slug":"icone-10-concealer-brush","status":"publish","type":"product","link":"https:\/\/posana.com\/fr\/produit\/icone-10-concealer-brush\/","title":{"rendered":"iCONE 10 BRUXELLES DE CONCEALER"},"content":{"rendered":"<p>Une brosse plate et ferme avec une pointe l\u00e9g\u00e8rement pointue pour une application pr\u00e9cise et sans filtre et le m\u00e9lange de tout dissimuleur ou produit \u00e0 base d'\u00e9mollients, y compris les correcteurs de couleur tendance et les cr\u00e8mes pour les yeux.<\/p>\n<p><strong>COMMENT UTILISER<\/strong><\/p>\n<p>Il suffit de tremper Icone Concealer Brosh dans le dissimuleur souhait\u00e9, correcteur de couleur ou cr\u00e8me pour les yeux, et appliquer sur les zones souhait\u00e9es. Continuez \u00e0 m\u00e9langer et \u00e0 flouter jusqu'\u00e0 ce que les imperfections soient invisibles.<\/p>","protected":false},"excerpt":{"rendered":"<p>A flat, firm brush with a slightly pointed tip for precise, filter-free application and blending of any concealer or emollient- based product, including trending color correctors and eye creams. HOW TO USE Simply dip Icone Concealer Brush into desired concealer, color corrector, or eye cream, and apply to desired areas. Continue to blend and blur [&hellip;]<\/p>\n","protected":false},"featured_media":23402,"comment_status":"open","ping_status":"closed","template":"","meta":{"om_disable_all_campaigns":false,"_monsterinsights_skip_tracking":false,"_monsterinsights_sitenote_active":false,"_monsterinsights_sitenote_note":"","_monsterinsights_sitenote_category":0},"product_brand":[],"product_cat":[63],"product_tag":[],"mwb_booking_cost":[],"mwb_booking_service":[],"class_list":{"0":"post-23342","1":"product","2":"type-product","3":"status-publish","4":"has-post-thumbnail","6":"product_cat-beauty-essentials","9":"instock","10":"shipping-taxable","11":"purchasable","12":"product-type-simple","13":"product-grid-view"},"aioseo_notices":[],"_links":{"self":[{"href":"https:\/\/posana.com\/fr\/wp-json\/wp\/v2\/product\/23342","targetHints":{"allow":["GET"]}}],"collection":[{"href":"https:\/\/posana.com\/fr\/wp-json\/wp\/v2\/product"}],"about":[{"href":"https:\/\/posana.com\/fr\/wp-json\/wp\/v2\/types\/product"}],"replies":[{"embeddable":true,"href":"https:\/\/posana.com\/fr\/wp-json\/wp\/v2\/comments?post=23342"}],"version-history":[{"count":2,"href":"https:\/\/posana.com\/fr\/wp-json\/wp\/v2\/product\/23342\/revisions"}],"predecessor-version":[{"id":23403,"href":"https:\/\/posana.com\/fr\/wp-json\/wp\/v2\/product\/23342\/revisions\/23403"}],"wp:featuredmedia":[{"embeddable":true,"href":"https:\/\/posana.com\/fr\/wp-json\/wp\/v2\/media\/23402"}],"wp:attachment":[{"href":"https:\/\/posana.com\/fr\/wp-json\/wp\/v2\/media?parent=23342"}],"wp:term":[{"taxonomy":"product_brand","embeddable":true,"href":"https:\/\/posana.com\/fr\/wp-json\/wp\/v2\/product_brand?post=23342"},{"taxonomy":"product_cat","embeddable":true,"href":"https:\/\/posana.com\/fr\/wp-json\/wp\/v2\/product_cat?post=23342"},{"taxonomy":"product_tag","embeddable":true,"href":"https:\/\/posana.com\/fr\/wp-json\/wp\/v2\/product_tag?post=23342"},{"taxonomy":"mwb_booking_cost","embeddable":true,"href":"https:\/\/posana.com\/fr\/wp-json\/wp\/v2\/mwb_booking_cost?post=23342"},{"taxonomy":"mwb_booking_service","embeddable":true,"href":"https:\/\/posana.com\/fr\/wp-json\/wp\/v2\/mwb_booking_service?post=23342"}],"curies":[{"name":"wp","href":"https:\/\/api.w.org\/{rel}","templated":true}]}}