{"id":23341,"date":"2024-12-27T21:27:56","date_gmt":"2024-12-27T21:27:56","guid":{"rendered":"https:\/\/posana.com\/?post_type=product&#038;p=23341"},"modified":"2024-12-28T16:28:40","modified_gmt":"2024-12-28T16:28:40","slug":"icone-09-highlight-brush","status":"publish","type":"product","link":"https:\/\/posana.com\/fr\/produit\/icone-09-highlight-brush\/","title":{"rendered":"iCONE 09 BRUXE HAUTE-BRUXE"},"content":{"rendered":"<p>Atteindre doux, lumineux, m\u00e9lang\u00e9 \u00e0 la perfection soulignant sur les pommettes, sous les sourcils, en bas du pont du nez, et les plans \u00e9lev\u00e9s du visage cr\u00e9ant une ros\u00e9e, un look tridimensionnel.<\/p>\n<p><strong>COMMENT UTILISER<\/strong><\/p>\n<p>Peut \u00eatre utilis\u00e9 avec n'importe quel colorant de cr\u00e8me ou de poudre, balayer doucement sur les sommets des pommettes, en bas du pont du nez, entre les sourcils, ou toutes les zones souhait\u00e9es o\u00f9 vous voulez obtenir l'\u00e9clat et la luminosit\u00e9.<\/p>","protected":false},"excerpt":{"rendered":"<p>Achieve soft, luminous, blended-to-perfection highlighting on cheekbones, beneath between brows, down bridge of nose, and high planes of the face creating a dewy, three dimensional look. HOW TO USE Can be used with any cream or powder highlighter, gently sweep across tops of cheekbones, down bridge of nose, between brows, or any desired areas where [&hellip;]<\/p>\n","protected":false},"featured_media":23400,"comment_status":"open","ping_status":"closed","template":"","meta":{"om_disable_all_campaigns":false,"_monsterinsights_skip_tracking":false,"_monsterinsights_sitenote_active":false,"_monsterinsights_sitenote_note":"","_monsterinsights_sitenote_category":0},"product_brand":[],"product_cat":[63],"product_tag":[],"mwb_booking_cost":[],"mwb_booking_service":[],"class_list":{"0":"post-23341","1":"product","2":"type-product","3":"status-publish","4":"has-post-thumbnail","6":"product_cat-beauty-essentials","9":"instock","10":"shipping-taxable","11":"purchasable","12":"product-type-simple","13":"product-grid-view"},"aioseo_notices":[],"_links":{"self":[{"href":"https:\/\/posana.com\/fr\/wp-json\/wp\/v2\/product\/23341","targetHints":{"allow":["GET"]}}],"collection":[{"href":"https:\/\/posana.com\/fr\/wp-json\/wp\/v2\/product"}],"about":[{"href":"https:\/\/posana.com\/fr\/wp-json\/wp\/v2\/types\/product"}],"replies":[{"embeddable":true,"href":"https:\/\/posana.com\/fr\/wp-json\/wp\/v2\/comments?post=23341"}],"version-history":[{"count":2,"href":"https:\/\/posana.com\/fr\/wp-json\/wp\/v2\/product\/23341\/revisions"}],"predecessor-version":[{"id":23401,"href":"https:\/\/posana.com\/fr\/wp-json\/wp\/v2\/product\/23341\/revisions\/23401"}],"wp:featuredmedia":[{"embeddable":true,"href":"https:\/\/posana.com\/fr\/wp-json\/wp\/v2\/media\/23400"}],"wp:attachment":[{"href":"https:\/\/posana.com\/fr\/wp-json\/wp\/v2\/media?parent=23341"}],"wp:term":[{"taxonomy":"product_brand","embeddable":true,"href":"https:\/\/posana.com\/fr\/wp-json\/wp\/v2\/product_brand?post=23341"},{"taxonomy":"product_cat","embeddable":true,"href":"https:\/\/posana.com\/fr\/wp-json\/wp\/v2\/product_cat?post=23341"},{"taxonomy":"product_tag","embeddable":true,"href":"https:\/\/posana.com\/fr\/wp-json\/wp\/v2\/product_tag?post=23341"},{"taxonomy":"mwb_booking_cost","embeddable":true,"href":"https:\/\/posana.com\/fr\/wp-json\/wp\/v2\/mwb_booking_cost?post=23341"},{"taxonomy":"mwb_booking_service","embeddable":true,"href":"https:\/\/posana.com\/fr\/wp-json\/wp\/v2\/mwb_booking_service?post=23341"}],"curies":[{"name":"wp","href":"https:\/\/api.w.org\/{rel}","templated":true}]}}