{"id":23340,"date":"2024-12-27T21:27:56","date_gmt":"2024-12-27T21:27:56","guid":{"rendered":"https:\/\/posana.com\/?post_type=product&#038;p=23340"},"modified":"2024-12-28T16:21:47","modified_gmt":"2024-12-28T16:21:47","slug":"icone-08-tapered-blending-brush","status":"publish","type":"product","link":"https:\/\/posana.com\/fr\/produit\/icone-08-tapered-blending-brush\/","title":{"rendered":"iCONE 08 TAP\u00c9\u00c9 DE BLENDING BRUSH"},"content":{"rendered":"<p>Touche finale de toute cr\u00e9ation de maquillage oculaire, cette iCONE TAPERED BLENDING BRUSH a un bord lisse et arrondi avec des fibres fermes et fines pour tous les m\u00e9langes et r\u00e9glages.<\/p>\n<p><strong>COMMENT UTILISER<\/strong><\/p>\n<p>Apr\u00e8s l'application de maquillage des yeux termin\u00e9e, r\u00e9glez et m\u00e9langez les couleurs pour un look fini, pr\u00eat \u00e0 la photo.<\/p>","protected":false},"excerpt":{"rendered":"<p>The finishing touch to any eye makeup creation, this iCONE TAPERED BLENDING BRUSH has a smooth, rounded edge with firm, fine fibers for all over blending and setting. HOW TO USE After completed eye makeup application, set and blend colors for a finished, photo-ready look.<\/p>","protected":false},"featured_media":23398,"comment_status":"open","ping_status":"closed","template":"","meta":{"om_disable_all_campaigns":false,"_monsterinsights_skip_tracking":false,"_monsterinsights_sitenote_active":false,"_monsterinsights_sitenote_note":"","_monsterinsights_sitenote_category":0},"product_brand":[],"product_cat":[63],"product_tag":[],"mwb_booking_cost":[],"mwb_booking_service":[],"class_list":{"0":"post-23340","1":"product","2":"type-product","3":"status-publish","4":"has-post-thumbnail","6":"product_cat-beauty-essentials","9":"instock","10":"shipping-taxable","11":"purchasable","12":"product-type-simple","13":"product-grid-view"},"aioseo_notices":[],"_links":{"self":[{"href":"https:\/\/posana.com\/fr\/wp-json\/wp\/v2\/product\/23340","targetHints":{"allow":["GET"]}}],"collection":[{"href":"https:\/\/posana.com\/fr\/wp-json\/wp\/v2\/product"}],"about":[{"href":"https:\/\/posana.com\/fr\/wp-json\/wp\/v2\/types\/product"}],"replies":[{"embeddable":true,"href":"https:\/\/posana.com\/fr\/wp-json\/wp\/v2\/comments?post=23340"}],"version-history":[{"count":2,"href":"https:\/\/posana.com\/fr\/wp-json\/wp\/v2\/product\/23340\/revisions"}],"predecessor-version":[{"id":23399,"href":"https:\/\/posana.com\/fr\/wp-json\/wp\/v2\/product\/23340\/revisions\/23399"}],"wp:featuredmedia":[{"embeddable":true,"href":"https:\/\/posana.com\/fr\/wp-json\/wp\/v2\/media\/23398"}],"wp:attachment":[{"href":"https:\/\/posana.com\/fr\/wp-json\/wp\/v2\/media?parent=23340"}],"wp:term":[{"taxonomy":"product_brand","embeddable":true,"href":"https:\/\/posana.com\/fr\/wp-json\/wp\/v2\/product_brand?post=23340"},{"taxonomy":"product_cat","embeddable":true,"href":"https:\/\/posana.com\/fr\/wp-json\/wp\/v2\/product_cat?post=23340"},{"taxonomy":"product_tag","embeddable":true,"href":"https:\/\/posana.com\/fr\/wp-json\/wp\/v2\/product_tag?post=23340"},{"taxonomy":"mwb_booking_cost","embeddable":true,"href":"https:\/\/posana.com\/fr\/wp-json\/wp\/v2\/mwb_booking_cost?post=23340"},{"taxonomy":"mwb_booking_service","embeddable":true,"href":"https:\/\/posana.com\/fr\/wp-json\/wp\/v2\/mwb_booking_service?post=23340"}],"curies":[{"name":"wp","href":"https:\/\/api.w.org\/{rel}","templated":true}]}}