{"id":23339,"date":"2024-12-27T21:27:56","date_gmt":"2024-12-27T21:27:56","guid":{"rendered":"https:\/\/posana.com\/?post_type=product&#038;p=23339"},"modified":"2024-12-28T16:17:54","modified_gmt":"2024-12-28T16:17:54","slug":"icone-07-crease-brush","status":"publish","type":"product","link":"https:\/\/posana.com\/fr\/produit\/icone-07-crease-brush\/","title":{"rendered":"iCONE 07 CREASE BRUSH"},"content":{"rendered":"<p>Une brosse douce et dense sp\u00e9cialement con\u00e7ue pour teinter, m\u00e9langer et colorer le contour dans le pli de la paupi\u00e8re, cette iCONE CREASE BRUSH a un bord ergonomique arrondi avec des fibres lisses, fermes et fines pour un pli de paupi\u00e8res plus d\u00e9fini et am\u00e9lior\u00e9.<\/p>\n<p><strong>COMMENT UTILISER<\/strong><\/p>\n<p>Appliquer le produit sur Icone Crease Brush ajouter \u00e0 la zone de pli de l'\u0153il pour un spectacle arr\u00eat, look d\u00e9fini.<\/p>","protected":false},"excerpt":{"rendered":"<p>A soft and dense brush specifically designed to shade, blend, and contour color within the eyelid crease, this iCONE CREASE BRUSH has an ergonomically-rounded edge with smooth, firm, fine fibers for a more defined, enhanced eyelid crease. HOW TO USE Apply product onto Icone Crease Brush add to eye\u2019s crease area for a show stopping, [&hellip;]<\/p>\n","protected":false},"featured_media":23396,"comment_status":"open","ping_status":"closed","template":"","meta":{"om_disable_all_campaigns":false,"_monsterinsights_skip_tracking":false,"_monsterinsights_sitenote_active":false,"_monsterinsights_sitenote_note":"","_monsterinsights_sitenote_category":0},"product_brand":[],"product_cat":[63],"product_tag":[],"mwb_booking_cost":[],"mwb_booking_service":[],"class_list":{"0":"post-23339","1":"product","2":"type-product","3":"status-publish","4":"has-post-thumbnail","6":"product_cat-beauty-essentials","9":"instock","10":"shipping-taxable","11":"purchasable","12":"product-type-simple","13":"product-grid-view"},"aioseo_notices":[],"_links":{"self":[{"href":"https:\/\/posana.com\/fr\/wp-json\/wp\/v2\/product\/23339","targetHints":{"allow":["GET"]}}],"collection":[{"href":"https:\/\/posana.com\/fr\/wp-json\/wp\/v2\/product"}],"about":[{"href":"https:\/\/posana.com\/fr\/wp-json\/wp\/v2\/types\/product"}],"replies":[{"embeddable":true,"href":"https:\/\/posana.com\/fr\/wp-json\/wp\/v2\/comments?post=23339"}],"version-history":[{"count":2,"href":"https:\/\/posana.com\/fr\/wp-json\/wp\/v2\/product\/23339\/revisions"}],"predecessor-version":[{"id":23397,"href":"https:\/\/posana.com\/fr\/wp-json\/wp\/v2\/product\/23339\/revisions\/23397"}],"wp:featuredmedia":[{"embeddable":true,"href":"https:\/\/posana.com\/fr\/wp-json\/wp\/v2\/media\/23396"}],"wp:attachment":[{"href":"https:\/\/posana.com\/fr\/wp-json\/wp\/v2\/media?parent=23339"}],"wp:term":[{"taxonomy":"product_brand","embeddable":true,"href":"https:\/\/posana.com\/fr\/wp-json\/wp\/v2\/product_brand?post=23339"},{"taxonomy":"product_cat","embeddable":true,"href":"https:\/\/posana.com\/fr\/wp-json\/wp\/v2\/product_cat?post=23339"},{"taxonomy":"product_tag","embeddable":true,"href":"https:\/\/posana.com\/fr\/wp-json\/wp\/v2\/product_tag?post=23339"},{"taxonomy":"mwb_booking_cost","embeddable":true,"href":"https:\/\/posana.com\/fr\/wp-json\/wp\/v2\/mwb_booking_cost?post=23339"},{"taxonomy":"mwb_booking_service","embeddable":true,"href":"https:\/\/posana.com\/fr\/wp-json\/wp\/v2\/mwb_booking_service?post=23339"}],"curies":[{"name":"wp","href":"https:\/\/api.w.org\/{rel}","templated":true}]}}