{"id":23338,"date":"2024-12-27T21:27:56","date_gmt":"2024-12-27T21:27:56","guid":{"rendered":"https:\/\/posana.com\/?post_type=product&#038;p=23338"},"modified":"2024-12-28T16:16:30","modified_gmt":"2024-12-28T16:16:30","slug":"icone-06-blending-shader-brush","status":"publish","type":"product","link":"https:\/\/posana.com\/fr\/produit\/icone-06-blending-shader-brush\/","title":{"rendered":"iCONE 06 BLENDING SHADER BRUSH"},"content":{"rendered":"<p>Une brosse velout\u00e9e et dense con\u00e7ue pour parfaitement ombrage ou m\u00e9langer n'importe quel ombre \u00e0 paupi\u00e8res, cette iCONE BLENDING SHADER BRUSH dispose d'un bord arrondi avec des fibres fermes et fines et est votre partenaire de maquillage pour cr\u00e9er des regards \u00e0 contour constructibles.<\/p>\n<p><strong>COMMENT UTILISER<\/strong><\/p>\n<p>Emballer la quantit\u00e9 souhait\u00e9e de produit sur la pointe de la brosse et appliquer sur le couvercle ou la zone souhait\u00e9e. Continuez \u00e0 m\u00e9langer doucement la couleur dans les directions souhait\u00e9es. Peut \u00eatre utilis\u00e9 pour l'intensit\u00e9 de couleur construite et personnalis\u00e9e.<\/p>","protected":false},"excerpt":{"rendered":"<p>A velvety, dense brush designed to perfectly shade or blend any eye shadow, this iCONE BLENDING SHADER BRUSH boasts a rounded edge with firm, fine fibers and is your go-to makeup mate for creating buildable, contoured eye looks. HOW TO USE Pack desired amount of product onto brush tip and apply to lid or desired [&hellip;]<\/p>\n","protected":false},"featured_media":23394,"comment_status":"open","ping_status":"closed","template":"","meta":{"om_disable_all_campaigns":false,"_monsterinsights_skip_tracking":false,"_monsterinsights_sitenote_active":false,"_monsterinsights_sitenote_note":"","_monsterinsights_sitenote_category":0},"product_brand":[],"product_cat":[63],"product_tag":[],"mwb_booking_cost":[],"mwb_booking_service":[],"class_list":{"0":"post-23338","1":"product","2":"type-product","3":"status-publish","4":"has-post-thumbnail","6":"product_cat-beauty-essentials","9":"instock","10":"shipping-taxable","11":"purchasable","12":"product-type-simple","13":"product-grid-view"},"aioseo_notices":[],"_links":{"self":[{"href":"https:\/\/posana.com\/fr\/wp-json\/wp\/v2\/product\/23338","targetHints":{"allow":["GET"]}}],"collection":[{"href":"https:\/\/posana.com\/fr\/wp-json\/wp\/v2\/product"}],"about":[{"href":"https:\/\/posana.com\/fr\/wp-json\/wp\/v2\/types\/product"}],"replies":[{"embeddable":true,"href":"https:\/\/posana.com\/fr\/wp-json\/wp\/v2\/comments?post=23338"}],"version-history":[{"count":2,"href":"https:\/\/posana.com\/fr\/wp-json\/wp\/v2\/product\/23338\/revisions"}],"predecessor-version":[{"id":23395,"href":"https:\/\/posana.com\/fr\/wp-json\/wp\/v2\/product\/23338\/revisions\/23395"}],"wp:featuredmedia":[{"embeddable":true,"href":"https:\/\/posana.com\/fr\/wp-json\/wp\/v2\/media\/23394"}],"wp:attachment":[{"href":"https:\/\/posana.com\/fr\/wp-json\/wp\/v2\/media?parent=23338"}],"wp:term":[{"taxonomy":"product_brand","embeddable":true,"href":"https:\/\/posana.com\/fr\/wp-json\/wp\/v2\/product_brand?post=23338"},{"taxonomy":"product_cat","embeddable":true,"href":"https:\/\/posana.com\/fr\/wp-json\/wp\/v2\/product_cat?post=23338"},{"taxonomy":"product_tag","embeddable":true,"href":"https:\/\/posana.com\/fr\/wp-json\/wp\/v2\/product_tag?post=23338"},{"taxonomy":"mwb_booking_cost","embeddable":true,"href":"https:\/\/posana.com\/fr\/wp-json\/wp\/v2\/mwb_booking_cost?post=23338"},{"taxonomy":"mwb_booking_service","embeddable":true,"href":"https:\/\/posana.com\/fr\/wp-json\/wp\/v2\/mwb_booking_service?post=23338"}],"curies":[{"name":"wp","href":"https:\/\/api.w.org\/{rel}","templated":true}]}}