{"id":23337,"date":"2024-12-27T21:27:56","date_gmt":"2024-12-27T21:27:56","guid":{"rendered":"https:\/\/posana.com\/?post_type=product&#038;p=23337"},"modified":"2024-12-28T16:15:17","modified_gmt":"2024-12-28T16:15:17","slug":"icone-05-flat-blending-brush","status":"publish","type":"product","link":"https:\/\/posana.com\/fr\/produit\/icone-05-flat-blending-brush\/","title":{"rendered":"iCONE 05 FLAT BLENDING BRUSH"},"content":{"rendered":"<p>Cette brosse embl\u00e9matique, grande et \u00e0 t\u00eate plate permet un m\u00e9lange facile et pr\u00e9cis de l'ombre \u00e0 paupi\u00e8res et des surligneurs. La polyvalence experte des poils naturels est parfaite pour toutes les zones de l'\u0153il.<\/p>\n<p><strong>COMMENT UTILISER<\/strong><\/p>\n<p>En utilisant la pointe de la brosse, tapez l\u00e9g\u00e8rement le produit sur la zone souhait\u00e9e du couvercle et m\u00e9langez dans la paupi\u00e8re en utilisant des mouvements circulaires doux jusqu'\u00e0 ce qu'une finition uniforme et lumineuse soit atteinte.<\/p>","protected":false},"excerpt":{"rendered":"<p>This iconic soft, large, and flat-headed brush allows for effortless, precise blending of eye shadow and highlighters. Expert versatility of the natural bristles is perfect for any and all areas of the eye. HOW TO USE Using tip of brush, lightly tap product onto desired area of lid and blend into eyelid using gentle, circular [&hellip;]<\/p>\n","protected":false},"featured_media":23392,"comment_status":"open","ping_status":"closed","template":"","meta":{"om_disable_all_campaigns":false,"_monsterinsights_skip_tracking":false,"_monsterinsights_sitenote_active":false,"_monsterinsights_sitenote_note":"","_monsterinsights_sitenote_category":0},"product_brand":[],"product_cat":[63],"product_tag":[],"mwb_booking_cost":[],"mwb_booking_service":[],"class_list":{"0":"post-23337","1":"product","2":"type-product","3":"status-publish","4":"has-post-thumbnail","6":"product_cat-beauty-essentials","9":"instock","10":"shipping-taxable","11":"purchasable","12":"product-type-simple","13":"product-grid-view"},"aioseo_notices":[],"_links":{"self":[{"href":"https:\/\/posana.com\/fr\/wp-json\/wp\/v2\/product\/23337","targetHints":{"allow":["GET"]}}],"collection":[{"href":"https:\/\/posana.com\/fr\/wp-json\/wp\/v2\/product"}],"about":[{"href":"https:\/\/posana.com\/fr\/wp-json\/wp\/v2\/types\/product"}],"replies":[{"embeddable":true,"href":"https:\/\/posana.com\/fr\/wp-json\/wp\/v2\/comments?post=23337"}],"version-history":[{"count":2,"href":"https:\/\/posana.com\/fr\/wp-json\/wp\/v2\/product\/23337\/revisions"}],"predecessor-version":[{"id":23393,"href":"https:\/\/posana.com\/fr\/wp-json\/wp\/v2\/product\/23337\/revisions\/23393"}],"wp:featuredmedia":[{"embeddable":true,"href":"https:\/\/posana.com\/fr\/wp-json\/wp\/v2\/media\/23392"}],"wp:attachment":[{"href":"https:\/\/posana.com\/fr\/wp-json\/wp\/v2\/media?parent=23337"}],"wp:term":[{"taxonomy":"product_brand","embeddable":true,"href":"https:\/\/posana.com\/fr\/wp-json\/wp\/v2\/product_brand?post=23337"},{"taxonomy":"product_cat","embeddable":true,"href":"https:\/\/posana.com\/fr\/wp-json\/wp\/v2\/product_cat?post=23337"},{"taxonomy":"product_tag","embeddable":true,"href":"https:\/\/posana.com\/fr\/wp-json\/wp\/v2\/product_tag?post=23337"},{"taxonomy":"mwb_booking_cost","embeddable":true,"href":"https:\/\/posana.com\/fr\/wp-json\/wp\/v2\/mwb_booking_cost?post=23337"},{"taxonomy":"mwb_booking_service","embeddable":true,"href":"https:\/\/posana.com\/fr\/wp-json\/wp\/v2\/mwb_booking_service?post=23337"}],"curies":[{"name":"wp","href":"https:\/\/api.w.org\/{rel}","templated":true}]}}