{"id":23336,"date":"2024-12-27T21:27:56","date_gmt":"2024-12-27T21:27:56","guid":{"rendered":"https:\/\/posana.com\/?post_type=product&#038;p=23336"},"modified":"2024-12-28T16:13:34","modified_gmt":"2024-12-28T16:13:34","slug":"icone-04-lip-face-concealer-brush","status":"publish","type":"product","link":"https:\/\/posana.com\/fr\/produit\/icone-04-lip-face-concealer-brush\/","title":{"rendered":"iCONE 04 LIP \/ FACE CONCEALER BRUSH"},"content":{"rendered":"<p>Maquillage lisse autour des l\u00e8vres pour la puissance anti-plumage, tout en corrigeant et dissimulant les cicatrices et les imperfections avec cette brosse \u00e0 l\u00e8vres et dissimulant. Les poils super doux m\u00e9langent sans effort et sans effort \u00e0 la fois liquide et formulations de cr\u00e8me.<\/p>\n<p><strong>COMMENT UTILISER<\/strong><\/p>\n<p>Utiliser avec une cr\u00e8me ou un liquide, tremper la brosse dans le produit et appliquer doucement et m\u00e9langer sur les imperfections, les taches sombres ou les cicatrices. Utilisez \u00e9galement autour du liner \u00e0 l\u00e8vres pour pr\u00e9venir la mise en cage, la plumage et le saignement.<\/p>","protected":false},"excerpt":{"rendered":"<p>Smooth makeup around lips for anti-feathering power, while correcting and concealing scars and blemishes with this lip and concealer brush. Super soft bristles seamlessly and effortlessly blend both liquid and cream formulations. HOW TO USE Use with a cream or liquid, dip brush into product and gently apply and blend over blemishes, dark spots, or [&hellip;]<\/p>\n","protected":false},"featured_media":23390,"comment_status":"open","ping_status":"closed","template":"","meta":{"om_disable_all_campaigns":false,"_monsterinsights_skip_tracking":false,"_monsterinsights_sitenote_active":false,"_monsterinsights_sitenote_note":"","_monsterinsights_sitenote_category":0},"product_brand":[],"product_cat":[63],"product_tag":[],"mwb_booking_cost":[],"mwb_booking_service":[],"class_list":{"0":"post-23336","1":"product","2":"type-product","3":"status-publish","4":"has-post-thumbnail","6":"product_cat-beauty-essentials","9":"instock","10":"shipping-taxable","11":"purchasable","12":"product-type-simple","13":"product-grid-view"},"aioseo_notices":[],"_links":{"self":[{"href":"https:\/\/posana.com\/fr\/wp-json\/wp\/v2\/product\/23336","targetHints":{"allow":["GET"]}}],"collection":[{"href":"https:\/\/posana.com\/fr\/wp-json\/wp\/v2\/product"}],"about":[{"href":"https:\/\/posana.com\/fr\/wp-json\/wp\/v2\/types\/product"}],"replies":[{"embeddable":true,"href":"https:\/\/posana.com\/fr\/wp-json\/wp\/v2\/comments?post=23336"}],"version-history":[{"count":2,"href":"https:\/\/posana.com\/fr\/wp-json\/wp\/v2\/product\/23336\/revisions"}],"predecessor-version":[{"id":23391,"href":"https:\/\/posana.com\/fr\/wp-json\/wp\/v2\/product\/23336\/revisions\/23391"}],"wp:featuredmedia":[{"embeddable":true,"href":"https:\/\/posana.com\/fr\/wp-json\/wp\/v2\/media\/23390"}],"wp:attachment":[{"href":"https:\/\/posana.com\/fr\/wp-json\/wp\/v2\/media?parent=23336"}],"wp:term":[{"taxonomy":"product_brand","embeddable":true,"href":"https:\/\/posana.com\/fr\/wp-json\/wp\/v2\/product_brand?post=23336"},{"taxonomy":"product_cat","embeddable":true,"href":"https:\/\/posana.com\/fr\/wp-json\/wp\/v2\/product_cat?post=23336"},{"taxonomy":"product_tag","embeddable":true,"href":"https:\/\/posana.com\/fr\/wp-json\/wp\/v2\/product_tag?post=23336"},{"taxonomy":"mwb_booking_cost","embeddable":true,"href":"https:\/\/posana.com\/fr\/wp-json\/wp\/v2\/mwb_booking_cost?post=23336"},{"taxonomy":"mwb_booking_service","embeddable":true,"href":"https:\/\/posana.com\/fr\/wp-json\/wp\/v2\/mwb_booking_service?post=23336"}],"curies":[{"name":"wp","href":"https:\/\/api.w.org\/{rel}","templated":true}]}}