{"id":23335,"date":"2024-12-27T21:27:55","date_gmt":"2024-12-27T21:27:55","guid":{"rendered":"https:\/\/posana.com\/?post_type=product&#038;p=23335"},"modified":"2024-12-28T17:24:31","modified_gmt":"2024-12-28T17:24:31","slug":"icone-03-full-angled-brow-liner-brush","status":"publish","type":"product","link":"https:\/\/posana.com\/fr\/produit\/icone-03-full-angled-brow-liner-brush\/","title":{"rendered":"iCONE 03 BROW ANGLED complet \/ BRUXE DE LIGNE"},"content":{"rendered":"<p>Ferme, plat et fabuleux ! Cette brosse polyvalente \u00e0 pointe inclin\u00e9e d\u00e9pose sans effort et pr\u00e9cis\u00e9ment de la poudre, de la cr\u00e8me ou des produits pour les yeux liquides le long de la ligne de cils ou \u00e0 travers les sourcils. La t\u00eate multifonctionnelle cr\u00e9e des lignes minces et \u00e9pur\u00e9es ou l\u00e9g\u00e8rement plus \u00e9paisses lorsqu'elle est l\u00e9g\u00e8rement tourn\u00e9e pendant l'application.<\/p>\n<p><strong>COMMENT UTILISER<\/strong><\/p>\n<p>Peut \u00eatre utilis\u00e9 avec de la cr\u00e8me, de la poudre ou des produits liquides, il suffit d'appliquer sur le couvercle sup\u00e9rieur et \/ ou le couvercle inf\u00e9rieur et de travailler du coin int\u00e9rieur de l'\u0153il au coin ext\u00e9rieur. Peut \u00e9galement \u00eatre utilis\u00e9 pour remplir des arcs pour les sourcils audacieux et s\u00e9duisants.<\/p>","protected":false},"excerpt":{"rendered":"<p>Firm, flat, and fabulous! This versatile, angled-tip brush effortlessly and precisely deposits powder, cream, or liquid eye products along the lash line or through brows. Multi-functional head creates thin, sleek looks, or slightly thicker lines when slightly turned during application. HOW TO USE Can be used with cream, powder or liquid products, simply apply to [&hellip;]<\/p>\n","protected":false},"featured_media":23433,"comment_status":"open","ping_status":"closed","template":"","meta":{"om_disable_all_campaigns":false,"_monsterinsights_skip_tracking":false,"_monsterinsights_sitenote_active":false,"_monsterinsights_sitenote_note":"","_monsterinsights_sitenote_category":0},"product_brand":[],"product_cat":[63],"product_tag":[],"mwb_booking_cost":[],"mwb_booking_service":[],"class_list":{"0":"post-23335","1":"product","2":"type-product","3":"status-publish","4":"has-post-thumbnail","6":"product_cat-beauty-essentials","9":"instock","10":"shipping-taxable","11":"purchasable","12":"product-type-simple","13":"product-grid-view"},"aioseo_notices":[],"_links":{"self":[{"href":"https:\/\/posana.com\/fr\/wp-json\/wp\/v2\/product\/23335","targetHints":{"allow":["GET"]}}],"collection":[{"href":"https:\/\/posana.com\/fr\/wp-json\/wp\/v2\/product"}],"about":[{"href":"https:\/\/posana.com\/fr\/wp-json\/wp\/v2\/types\/product"}],"replies":[{"embeddable":true,"href":"https:\/\/posana.com\/fr\/wp-json\/wp\/v2\/comments?post=23335"}],"version-history":[{"count":2,"href":"https:\/\/posana.com\/fr\/wp-json\/wp\/v2\/product\/23335\/revisions"}],"predecessor-version":[{"id":23434,"href":"https:\/\/posana.com\/fr\/wp-json\/wp\/v2\/product\/23335\/revisions\/23434"}],"wp:featuredmedia":[{"embeddable":true,"href":"https:\/\/posana.com\/fr\/wp-json\/wp\/v2\/media\/23433"}],"wp:attachment":[{"href":"https:\/\/posana.com\/fr\/wp-json\/wp\/v2\/media?parent=23335"}],"wp:term":[{"taxonomy":"product_brand","embeddable":true,"href":"https:\/\/posana.com\/fr\/wp-json\/wp\/v2\/product_brand?post=23335"},{"taxonomy":"product_cat","embeddable":true,"href":"https:\/\/posana.com\/fr\/wp-json\/wp\/v2\/product_cat?post=23335"},{"taxonomy":"product_tag","embeddable":true,"href":"https:\/\/posana.com\/fr\/wp-json\/wp\/v2\/product_tag?post=23335"},{"taxonomy":"mwb_booking_cost","embeddable":true,"href":"https:\/\/posana.com\/fr\/wp-json\/wp\/v2\/mwb_booking_cost?post=23335"},{"taxonomy":"mwb_booking_service","embeddable":true,"href":"https:\/\/posana.com\/fr\/wp-json\/wp\/v2\/mwb_booking_service?post=23335"}],"curies":[{"name":"wp","href":"https:\/\/api.w.org\/{rel}","templated":true}]}}