{"id":23334,"date":"2024-12-27T21:27:55","date_gmt":"2024-12-27T21:27:55","guid":{"rendered":"https:\/\/posana.com\/?post_type=product&#038;p=23334"},"modified":"2024-12-28T17:22:20","modified_gmt":"2024-12-28T17:22:20","slug":"icone-02-winged-eyeliner-brush","status":"publish","type":"product","link":"https:\/\/posana.com\/fr\/produit\/icone-02-winged-eyeliner-brush\/","title":{"rendered":"iCONE 02 BRUXE DE L'EYELINER SANS"},"content":{"rendered":"<p>Cr\u00e9ez des looks ail\u00e9s inoubliables pour catwalk-worthy avec cette brosse qui combine ing\u00e9nieusement le meilleur d'une brosse de liner de bord droit avec le meilleur d'une brosse inclin\u00e9e tout dans un outil incroyable. Convient \u00e0 toutes les formes d'\u0153il, cr\u00e9ant des regards d'eye-liner ail\u00e9s ou \u00e0 double aile \u00e0 la mode en un seul balayage.<\/p>\n<p><strong>COMMENT UTILISER<\/strong><\/p>\n<p>En partant du coin int\u00e9rieur de l'\u0153il et balayer doucement la ligne des cils jusqu'\u00e0 ce que l'apparence souhait\u00e9e soit atteinte. Parfait pour les produits de cr\u00e8me ou de poudre.<\/p>","protected":false},"excerpt":{"rendered":"<p>Create unforgettable catwalk-worthy winged eyeliner looks with this brush that ingeniously combines the best of a straight edge liner brush with the best of an angled brush all in one amazing tool. Suitable for all eye shapes, creating trendy winged or double-winged eyeliner looks in one sweep. HOW TO USE Starting from inner corner of [&hellip;]<\/p>\n","protected":false},"featured_media":23431,"comment_status":"open","ping_status":"closed","template":"","meta":{"om_disable_all_campaigns":false,"_monsterinsights_skip_tracking":false,"_monsterinsights_sitenote_active":false,"_monsterinsights_sitenote_note":"","_monsterinsights_sitenote_category":0},"product_brand":[],"product_cat":[63],"product_tag":[],"mwb_booking_cost":[],"mwb_booking_service":[],"class_list":{"0":"post-23334","1":"product","2":"type-product","3":"status-publish","4":"has-post-thumbnail","6":"product_cat-beauty-essentials","9":"instock","10":"shipping-taxable","11":"purchasable","12":"product-type-simple","13":"product-grid-view"},"aioseo_notices":[],"_links":{"self":[{"href":"https:\/\/posana.com\/fr\/wp-json\/wp\/v2\/product\/23334","targetHints":{"allow":["GET"]}}],"collection":[{"href":"https:\/\/posana.com\/fr\/wp-json\/wp\/v2\/product"}],"about":[{"href":"https:\/\/posana.com\/fr\/wp-json\/wp\/v2\/types\/product"}],"replies":[{"embeddable":true,"href":"https:\/\/posana.com\/fr\/wp-json\/wp\/v2\/comments?post=23334"}],"version-history":[{"count":2,"href":"https:\/\/posana.com\/fr\/wp-json\/wp\/v2\/product\/23334\/revisions"}],"predecessor-version":[{"id":23432,"href":"https:\/\/posana.com\/fr\/wp-json\/wp\/v2\/product\/23334\/revisions\/23432"}],"wp:featuredmedia":[{"embeddable":true,"href":"https:\/\/posana.com\/fr\/wp-json\/wp\/v2\/media\/23431"}],"wp:attachment":[{"href":"https:\/\/posana.com\/fr\/wp-json\/wp\/v2\/media?parent=23334"}],"wp:term":[{"taxonomy":"product_brand","embeddable":true,"href":"https:\/\/posana.com\/fr\/wp-json\/wp\/v2\/product_brand?post=23334"},{"taxonomy":"product_cat","embeddable":true,"href":"https:\/\/posana.com\/fr\/wp-json\/wp\/v2\/product_cat?post=23334"},{"taxonomy":"product_tag","embeddable":true,"href":"https:\/\/posana.com\/fr\/wp-json\/wp\/v2\/product_tag?post=23334"},{"taxonomy":"mwb_booking_cost","embeddable":true,"href":"https:\/\/posana.com\/fr\/wp-json\/wp\/v2\/mwb_booking_cost?post=23334"},{"taxonomy":"mwb_booking_service","embeddable":true,"href":"https:\/\/posana.com\/fr\/wp-json\/wp\/v2\/mwb_booking_service?post=23334"}],"curies":[{"name":"wp","href":"https:\/\/api.w.org\/{rel}","templated":true}]}}